{"id":36553,"date":"2025-04-23T11:19:13","date_gmt":"2025-04-23T14:19:13","guid":{"rendered":"https:\/\/dev.conexled.com\/produto\/led-floodlight-clgu-jf-ul\/"},"modified":"2025-07-04T12:46:03","modified_gmt":"2025-07-04T15:46:03","slug":"reflector-led-clgu-jf-ul","status":"publish","type":"product","link":"https:\/\/dev.conexled.com\/es\/reflector-led-clgu-jf-ul\/","title":{"rendered":"CLGU-J(F)"},"content":{"rendered":"<p>El reflector LED blindado CLGU-J(F) de la l\u00ednea Guaec\u00e1 de Conexled ha sido desarrollado para entornos interiores y exteriores expuestos a condiciones severas, como intemperie, gases, vapores y polvo. Ofrece una alta eficiencia luminosa de hasta 150 lm\/W y un flujo luminoso de hasta 55.600 l\u00famenes. Disponible en versiones de 30W a 400W, con m\u00faltiples \u00e1ngulos de apertura (30\u00b0, 60\u00b0, 90\u00b0), opciones dimerizables y compatibilidad con alto voltaje (277\u2013480VAC). Su cuerpo de aluminio inyectado, cierre de vidrio templado (opcional en policarbonato), lente de PMMA con protecci\u00f3n UV y grado de protecci\u00f3n IP67\/NEMA 4X garantizan resistencia mec\u00e1nica y larga durabilidad. Vida \u00fatil estimada: 100.000 horas (L70).<\/p>\n","protected":false},"excerpt":{"rendered":"<p>Reflector LED blindado para ambientes industriales exigentes. Alta durabilidad, protecci\u00f3n IP67\/NEMA 4X y eficiencia superior.<\/p>\n","protected":false},"featured_media":9293,"comment_status":"closed","ping_status":"closed","template":"","meta":[],"product_brand":[],"product_cat":[9313],"product_tag":[],"aplicacao-produto":[7059,7005,7088,7006,7047,7063,7024,7021,7022,7051],"aplicacoes-do-produto":[],"linha-do-produto":[7109],"class_list":{"0":"post-36553","1":"product","2":"type-product","3":"status-publish","4":"has-post-thumbnail","6":"product_cat-certificacion-etl","7":"aplicacao-produto-aeropuertos","8":"aplicacao-produto-cobertizos","9":"aplicacao-produto-ferrocarril","10":"aplicacao-produto-industrias-es","11":"aplicacao-produto-muelles","12":"aplicacao-produto-peajes","13":"aplicacao-produto-plantas-de-energia","14":"aplicacao-produto-plantas-hidroelectricas","15":"aplicacao-produto-plataformas-es","16":"aplicacao-produto-portos-es","17":"linha-do-produto-guaeca-es","19":"first","20":"instock","21":"shipping-taxable","22":"purchasable","23":"product-type-variable"},"_links":{"self":[{"href":"https:\/\/dev.conexled.com\/es\/wp-json\/wp\/v2\/product\/36553","targetHints":{"allow":["GET"]}}],"collection":[{"href":"https:\/\/dev.conexled.com\/es\/wp-json\/wp\/v2\/product"}],"about":[{"href":"https:\/\/dev.conexled.com\/es\/wp-json\/wp\/v2\/types\/product"}],"replies":[{"embeddable":true,"href":"https:\/\/dev.conexled.com\/es\/wp-json\/wp\/v2\/comments?post=36553"}],"wp:featuredmedia":[{"embeddable":true,"href":"https:\/\/dev.conexled.com\/es\/wp-json\/wp\/v2\/media\/9293"}],"wp:attachment":[{"href":"https:\/\/dev.conexled.com\/es\/wp-json\/wp\/v2\/media?parent=36553"}],"wp:term":[{"taxonomy":"product_brand","embeddable":true,"href":"https:\/\/dev.conexled.com\/es\/wp-json\/wp\/v2\/product_brand?post=36553"},{"taxonomy":"product_cat","embeddable":true,"href":"https:\/\/dev.conexled.com\/es\/wp-json\/wp\/v2\/product_cat?post=36553"},{"taxonomy":"product_tag","embeddable":true,"href":"https:\/\/dev.conexled.com\/es\/wp-json\/wp\/v2\/product_tag?post=36553"},{"taxonomy":"aplicacao-produto","embeddable":true,"href":"https:\/\/dev.conexled.com\/es\/wp-json\/wp\/v2\/aplicacao-produto?post=36553"},{"taxonomy":"aplicacoes-do-produto","embeddable":true,"href":"https:\/\/dev.conexled.com\/es\/wp-json\/wp\/v2\/aplicacoes-do-produto?post=36553"},{"taxonomy":"linha-do-produto","embeddable":true,"href":"https:\/\/dev.conexled.com\/es\/wp-json\/wp\/v2\/linha-do-produto?post=36553"}],"curies":[{"name":"wp","href":"https:\/\/api.w.org\/{rel}","templated":true}]}}