{"id":36457,"date":"2025-04-22T10:20:45","date_gmt":"2025-04-22T13:20:45","guid":{"rendered":"https:\/\/dev.conexled.com\/produto\/urban-led-luminaire-clpu-u-ul\/"},"modified":"2025-07-04T12:57:57","modified_gmt":"2025-07-04T15:57:57","slug":"luminaria-led-urbana-clpu-u-ul","status":"publish","type":"product","link":"https:\/\/dev.conexled.com\/es\/product\/luminaria-led-urbana-clpu-u-ul\/","title":{"rendered":"CLPU-U"},"content":{"rendered":"<p>La luminaria LED urbana CLPU-U de la l\u00ednea Juquehy de Conexled ofrece alta eficiencia luminosa y fiabilidad para iluminaci\u00f3n p\u00fablica e industrial. Fabricada con cuerpo de aluminio inyectado, difusor de vidrio templado y lente \u00f3ptica de PMMA, cuenta con soporte articulado de 0\u00b0 a \u00b120\u00b0, apto para postes y brazos de 48,3 mm a 65 mm. Disponible en potencias de 24W a 188W, incorpora LEDs CREE de alta potencia, cumple con IESNA LM-80, tiene protecci\u00f3n IP66 y resistencia a impactos IK08. Su vida \u00fatil estimada es de 60.000 horas (L70), con excelente disipaci\u00f3n t\u00e9rmica y m\u00faltiples opciones \u00f3pticas (30\u00b0, 60\u00b0, 90\u00b0, IESNA II).<\/p>\n","protected":false},"excerpt":{"rendered":"<p>Luminaria LED urbana con soporte articulado, alta eficiencia y protecci\u00f3n IP66. Ideal para calles, parques y zonas industriales.<\/p>\n","protected":false},"featured_media":21285,"comment_status":"closed","ping_status":"closed","template":"","meta":[],"product_brand":[],"product_cat":[9313],"product_tag":[],"aplicacao-produto":[7006,7063,7147,7075],"aplicacoes-do-produto":[],"linha-do-produto":[7217],"class_list":{"0":"post-36457","1":"product","2":"type-product","3":"status-publish","4":"has-post-thumbnail","6":"product_cat-certificacion-etl","7":"aplicacao-produto-industrias-es","8":"aplicacao-produto-peajes","9":"aplicacao-produto-plazas-y-parques","10":"aplicacao-produto-vias-publicas","11":"linha-do-produto-juquehy-es","13":"first","14":"instock","15":"shipping-taxable","16":"purchasable","17":"product-type-variable"},"_links":{"self":[{"href":"https:\/\/dev.conexled.com\/es\/wp-json\/wp\/v2\/product\/36457","targetHints":{"allow":["GET"]}}],"collection":[{"href":"https:\/\/dev.conexled.com\/es\/wp-json\/wp\/v2\/product"}],"about":[{"href":"https:\/\/dev.conexled.com\/es\/wp-json\/wp\/v2\/types\/product"}],"replies":[{"embeddable":true,"href":"https:\/\/dev.conexled.com\/es\/wp-json\/wp\/v2\/comments?post=36457"}],"wp:featuredmedia":[{"embeddable":true,"href":"https:\/\/dev.conexled.com\/es\/wp-json\/wp\/v2\/media\/21285"}],"wp:attachment":[{"href":"https:\/\/dev.conexled.com\/es\/wp-json\/wp\/v2\/media?parent=36457"}],"wp:term":[{"taxonomy":"product_brand","embeddable":true,"href":"https:\/\/dev.conexled.com\/es\/wp-json\/wp\/v2\/product_brand?post=36457"},{"taxonomy":"product_cat","embeddable":true,"href":"https:\/\/dev.conexled.com\/es\/wp-json\/wp\/v2\/product_cat?post=36457"},{"taxonomy":"product_tag","embeddable":true,"href":"https:\/\/dev.conexled.com\/es\/wp-json\/wp\/v2\/product_tag?post=36457"},{"taxonomy":"aplicacao-produto","embeddable":true,"href":"https:\/\/dev.conexled.com\/es\/wp-json\/wp\/v2\/aplicacao-produto?post=36457"},{"taxonomy":"aplicacoes-do-produto","embeddable":true,"href":"https:\/\/dev.conexled.com\/es\/wp-json\/wp\/v2\/aplicacoes-do-produto?post=36457"},{"taxonomy":"linha-do-produto","embeddable":true,"href":"https:\/\/dev.conexled.com\/es\/wp-json\/wp\/v2\/linha-do-produto?post=36457"}],"curies":[{"name":"wp","href":"https:\/\/api.w.org\/{rel}","templated":true}]}}