{"id":36337,"date":"2025-04-16T11:04:49","date_gmt":"2025-04-16T14:04:49","guid":{"rendered":"https:\/\/dev.conexled.com\/?post_type=product&#038;p=36337"},"modified":"2025-07-04T14:34:15","modified_gmt":"2025-07-04T17:34:15","slug":"luminaria-led-hermetica-clbu-hp-ul","status":"publish","type":"product","link":"https:\/\/dev.conexled.com\/es\/product\/boraceia-es\/luminaria-led-hermetica-clbu-hp-ul\/","title":{"rendered":"CLBU-H(P)"},"content":{"rendered":"<p>La l\u00ednea CLBU-H(P) de Conexled ofrece luminarias LED herm\u00e9ticas dise\u00f1adas para entornos industriales y comerciales expuestos a polvo, vapores, humedad y gases. Con cuerpo de aluminio extruido y difusor de policarbonato lechoso, est\u00e1 disponible en potencias de 20W a 90W. Equipada con LEDs CREE, factor de potencia &gt;0.95 y vida \u00fatil estimada de 100.000 horas (L70), cuenta con protecci\u00f3n IP66, NEMA 4X y resistencia a impactos IK08. Es ideal para \u00e1reas interiores y agresivas como puertos, c\u00e1maras fr\u00edas, hospitales, supermercados, laboratorios y almacenes.<\/p>\n","protected":false},"excerpt":{"rendered":"<p>Luminaria LED industrial herm\u00e9tica con certificaci\u00f3n UL, protecci\u00f3n IP66 y eficiencia de hasta 160lm\/W.<\/p>\n","protected":false},"featured_media":36201,"comment_status":"closed","ping_status":"closed","template":"","meta":[],"product_brand":[],"product_cat":[9313],"product_tag":[],"aplicacao-produto":[7003,7046,7048,7006,7049,7047,7051,7052,7008],"aplicacoes-do-produto":[],"linha-do-produto":[6832],"class_list":{"0":"post-36337","1":"product","2":"type-product","3":"status-publish","4":"has-post-thumbnail","6":"product_cat-certificacion-etl","7":"aplicacao-produto-almacenes","8":"aplicacao-produto-cuartos-frios","9":"aplicacao-produto-hospitais-es","10":"aplicacao-produto-industrias-es","11":"aplicacao-produto-laboratorios-es","12":"aplicacao-produto-muelles","13":"aplicacao-produto-portos-es","14":"aplicacao-produto-sanitario","15":"aplicacao-produto-supermercados-es-2","16":"linha-do-produto-boraceia-es","18":"first","19":"instock","20":"shipping-taxable","21":"purchasable","22":"product-type-variable"},"_links":{"self":[{"href":"https:\/\/dev.conexled.com\/es\/wp-json\/wp\/v2\/product\/36337","targetHints":{"allow":["GET"]}}],"collection":[{"href":"https:\/\/dev.conexled.com\/es\/wp-json\/wp\/v2\/product"}],"about":[{"href":"https:\/\/dev.conexled.com\/es\/wp-json\/wp\/v2\/types\/product"}],"replies":[{"embeddable":true,"href":"https:\/\/dev.conexled.com\/es\/wp-json\/wp\/v2\/comments?post=36337"}],"wp:featuredmedia":[{"embeddable":true,"href":"https:\/\/dev.conexled.com\/es\/wp-json\/wp\/v2\/media\/36201"}],"wp:attachment":[{"href":"https:\/\/dev.conexled.com\/es\/wp-json\/wp\/v2\/media?parent=36337"}],"wp:term":[{"taxonomy":"product_brand","embeddable":true,"href":"https:\/\/dev.conexled.com\/es\/wp-json\/wp\/v2\/product_brand?post=36337"},{"taxonomy":"product_cat","embeddable":true,"href":"https:\/\/dev.conexled.com\/es\/wp-json\/wp\/v2\/product_cat?post=36337"},{"taxonomy":"product_tag","embeddable":true,"href":"https:\/\/dev.conexled.com\/es\/wp-json\/wp\/v2\/product_tag?post=36337"},{"taxonomy":"aplicacao-produto","embeddable":true,"href":"https:\/\/dev.conexled.com\/es\/wp-json\/wp\/v2\/aplicacao-produto?post=36337"},{"taxonomy":"aplicacoes-do-produto","embeddable":true,"href":"https:\/\/dev.conexled.com\/es\/wp-json\/wp\/v2\/aplicacoes-do-produto?post=36337"},{"taxonomy":"linha-do-produto","embeddable":true,"href":"https:\/\/dev.conexled.com\/es\/wp-json\/wp\/v2\/linha-do-produto?post=36337"}],"curies":[{"name":"wp","href":"https:\/\/api.w.org\/{rel}","templated":true}]}}