{"id":36234,"date":"2025-04-15T14:52:58","date_gmt":"2025-04-15T17:52:58","guid":{"rendered":"https:\/\/dev.conexled.com\/produto\/luminaria-publica-led-certificada\/"},"modified":"2025-04-28T15:16:54","modified_gmt":"2025-04-28T18:16:54","slug":"luminaria-publica-led-certificada","status":"publish","type":"product","link":"https:\/\/dev.conexled.com\/es\/product\/iporanga\/luminaria-publica-led-certificada\/","title":{"rendered":"CLP-A(G)"},"content":{"rendered":"<p class=\"\" data-start=\"472\" data-end=\"1037\">La luminaria p\u00fablica LED <strong data-start=\"502\" data-end=\"514\">CLP-A(G)<\/strong> de la l\u00ednea Iporanga es una soluci\u00f3n <strong data-start=\"552\" data-end=\"599\">certificada por INMETRO con el Sello Procel<\/strong>, dise\u00f1ada para proyectos de alumbrado p\u00fablico con alta exigencia t\u00e9cnica y eficiencia energ\u00e9tica. Disponible en tres versiones de <strong data-start=\"730\" data-end=\"776\">temperatura de color: 2700K, 4000K o 5000K<\/strong>, permite al cliente seleccionar la m\u00e1s adecuada seg\u00fan el entorno del proyecto. Su carcasa de aleaci\u00f3n de aluminio inyectado y lente de policarbonato con protecci\u00f3n UV garantizan resistencia y durabilidad. Cuenta con protecci\u00f3n IP67, alto flujo luminoso y potencias que van de 30W a 200W.<\/p>\n","protected":false},"excerpt":{"rendered":"<p class=\"\" data-start=\"1220\" data-end=\"1406\">Lumin\u00e1ria p\u00fablica LED certificada pelo INMETRO, com Selo Procel e tr\u00eas op\u00e7\u00f5es de temperatura de cor: 2700K, 4000K ou 5000K.<\/p>\n","protected":false},"featured_media":36233,"comment_status":"closed","ping_status":"closed","template":"","meta":[],"product_brand":[],"product_cat":[6133],"product_tag":[],"aplicacao-produto":[8616,8618,8617,7182],"aplicacoes-do-produto":[],"linha-do-produto":[8619],"class_list":{"0":"post-36234","1":"product","2":"type-product","3":"status-publish","4":"has-post-thumbnail","6":"product_cat-iluminacion-para-postes","7":"aplicacao-produto-avenidas-es","8":"aplicacao-produto-calles","9":"aplicacao-produto-carreteras","10":"aplicacao-produto-cuadricula","11":"linha-do-produto-iporanga-es","13":"first","14":"instock","15":"shipping-taxable","16":"purchasable","17":"product-type-variable"},"_links":{"self":[{"href":"https:\/\/dev.conexled.com\/es\/wp-json\/wp\/v2\/product\/36234","targetHints":{"allow":["GET"]}}],"collection":[{"href":"https:\/\/dev.conexled.com\/es\/wp-json\/wp\/v2\/product"}],"about":[{"href":"https:\/\/dev.conexled.com\/es\/wp-json\/wp\/v2\/types\/product"}],"replies":[{"embeddable":true,"href":"https:\/\/dev.conexled.com\/es\/wp-json\/wp\/v2\/comments?post=36234"}],"wp:featuredmedia":[{"embeddable":true,"href":"https:\/\/dev.conexled.com\/es\/wp-json\/wp\/v2\/media\/36233"}],"wp:attachment":[{"href":"https:\/\/dev.conexled.com\/es\/wp-json\/wp\/v2\/media?parent=36234"}],"wp:term":[{"taxonomy":"product_brand","embeddable":true,"href":"https:\/\/dev.conexled.com\/es\/wp-json\/wp\/v2\/product_brand?post=36234"},{"taxonomy":"product_cat","embeddable":true,"href":"https:\/\/dev.conexled.com\/es\/wp-json\/wp\/v2\/product_cat?post=36234"},{"taxonomy":"product_tag","embeddable":true,"href":"https:\/\/dev.conexled.com\/es\/wp-json\/wp\/v2\/product_tag?post=36234"},{"taxonomy":"aplicacao-produto","embeddable":true,"href":"https:\/\/dev.conexled.com\/es\/wp-json\/wp\/v2\/aplicacao-produto?post=36234"},{"taxonomy":"aplicacoes-do-produto","embeddable":true,"href":"https:\/\/dev.conexled.com\/es\/wp-json\/wp\/v2\/aplicacoes-do-produto?post=36234"},{"taxonomy":"linha-do-produto","embeddable":true,"href":"https:\/\/dev.conexled.com\/es\/wp-json\/wp\/v2\/linha-do-produto?post=36234"}],"curies":[{"name":"wp","href":"https:\/\/api.w.org\/{rel}","templated":true}]}}