{"id":36129,"date":"2025-04-15T11:25:40","date_gmt":"2025-04-15T14:25:40","guid":{"rendered":"https:\/\/dev.conexled.com\/produto\/refletor-led-clru-p-ul\/"},"modified":"2025-07-04T14:35:13","modified_gmt":"2025-07-04T17:35:13","slug":"reflector-led-clru-p-ul","status":"publish","type":"product","link":"https:\/\/dev.conexled.com\/es\/product\/marau\/reflector-led-clru-p-ul\/","title":{"rendered":"CLRU-P"},"content":{"rendered":"<p>La l\u00ednea CLRU-P de Conexled ofrece reflectores LED blindados de alto rendimiento con certificaci\u00f3n UL, dise\u00f1ados para aplicaciones industriales y entornos exigentes, tanto interiores como exteriores. Equipados con LEDs Osram\u00ae de alta potencia, vidrio templado de 4mm y cuerpo de aluminio inyectado con pintura electrost\u00e1tica, garantizan durabilidad y rendimiento incluso en condiciones extremas. Disponibles en potencias de 31W a 277W, proporcionan una eficiencia luminosa de hasta 143lm\/W, vida \u00fatil de 100.000h (L70) y protecci\u00f3n contra sobretensiones de hasta 10kA. Compatibles con diferentes lentes, temperaturas de color y opciones de voltaje, incluyendo versiones regulables y de alto voltaje (277-480VAC).<\/p>\n","protected":false},"excerpt":{"rendered":"<p>Reflector LED blindado para \u00e1reas industriales y exteriores, con certificaci\u00f3n UL y eficiencia luminosa de hasta 143lm\/W.<\/p>\n","protected":false},"featured_media":9479,"comment_status":"closed","ping_status":"closed","template":"","meta":[],"product_brand":[],"product_cat":[9313],"product_tag":[],"aplicacao-produto":[7059,7005,7088,7006,7047,7063,7024,7022,7051],"aplicacoes-do-produto":[],"linha-do-produto":[7089],"class_list":{"0":"post-36129","1":"product","2":"type-product","3":"status-publish","4":"has-post-thumbnail","6":"product_cat-certificacion-etl","7":"aplicacao-produto-aeropuertos","8":"aplicacao-produto-cobertizos","9":"aplicacao-produto-ferrocarril","10":"aplicacao-produto-industrias-es","11":"aplicacao-produto-muelles","12":"aplicacao-produto-peajes","13":"aplicacao-produto-plantas-de-energia","14":"aplicacao-produto-plataformas-es","15":"aplicacao-produto-portos-es","16":"linha-do-produto-marau-es","18":"first","19":"instock","20":"shipping-taxable","21":"purchasable","22":"product-type-variable"},"_links":{"self":[{"href":"https:\/\/dev.conexled.com\/es\/wp-json\/wp\/v2\/product\/36129","targetHints":{"allow":["GET"]}}],"collection":[{"href":"https:\/\/dev.conexled.com\/es\/wp-json\/wp\/v2\/product"}],"about":[{"href":"https:\/\/dev.conexled.com\/es\/wp-json\/wp\/v2\/types\/product"}],"replies":[{"embeddable":true,"href":"https:\/\/dev.conexled.com\/es\/wp-json\/wp\/v2\/comments?post=36129"}],"wp:featuredmedia":[{"embeddable":true,"href":"https:\/\/dev.conexled.com\/es\/wp-json\/wp\/v2\/media\/9479"}],"wp:attachment":[{"href":"https:\/\/dev.conexled.com\/es\/wp-json\/wp\/v2\/media?parent=36129"}],"wp:term":[{"taxonomy":"product_brand","embeddable":true,"href":"https:\/\/dev.conexled.com\/es\/wp-json\/wp\/v2\/product_brand?post=36129"},{"taxonomy":"product_cat","embeddable":true,"href":"https:\/\/dev.conexled.com\/es\/wp-json\/wp\/v2\/product_cat?post=36129"},{"taxonomy":"product_tag","embeddable":true,"href":"https:\/\/dev.conexled.com\/es\/wp-json\/wp\/v2\/product_tag?post=36129"},{"taxonomy":"aplicacao-produto","embeddable":true,"href":"https:\/\/dev.conexled.com\/es\/wp-json\/wp\/v2\/aplicacao-produto?post=36129"},{"taxonomy":"aplicacoes-do-produto","embeddable":true,"href":"https:\/\/dev.conexled.com\/es\/wp-json\/wp\/v2\/aplicacoes-do-produto?post=36129"},{"taxonomy":"linha-do-produto","embeddable":true,"href":"https:\/\/dev.conexled.com\/es\/wp-json\/wp\/v2\/linha-do-produto?post=36129"}],"curies":[{"name":"wp","href":"https:\/\/api.w.org\/{rel}","templated":true}]}}