{"id":35290,"date":"2025-03-05T16:46:00","date_gmt":"2025-03-05T19:46:00","guid":{"rendered":"https:\/\/dev.conexled.com\/?post_type=product&#038;p=35290"},"modified":"2025-04-28T15:09:17","modified_gmt":"2025-04-28T18:09:17","slug":"luminaria-antiexplosiva-alojamiento-externo-zona-1-2-21-22","status":"publish","type":"product","link":"https:\/\/dev.conexled.com\/es\/product\/enseada\/luminaria-atex-alojamiento-zona-1-2-21-22\/","title":{"rendered":"CLYX(P)"},"content":{"rendered":"<p>a <strong data-start=\"1621\" data-end=\"1648\">Luminaria Antiexplosiva<\/strong> CLYX(P) fue dise\u00f1ada para atm\u00f3sferas explosivas, siendo ideal para aplicaciones en Zonas 1, 2, 21 y 22. Su <strong data-start=\"557\" data-end=\"580\">alojamiento externo<\/strong> proporciona mayor seguridad y eficiencia en la disipaci\u00f3n t\u00e9rmica. Fabricada en <strong data-start=\"661\" data-end=\"685\">aluminio copper-free<\/strong>, est\u00e1 disponible en potencias de <strong data-start=\"719\" data-end=\"732\">20W a 80W<\/strong>, con m\u00faltiples \u00e1ngulos de instalaci\u00f3n y un <strong data-start=\"776\" data-end=\"822\">alto grado de protecci\u00f3n (IP66\/67W e IK08)<\/strong>. Con <strong data-start=\"828\" data-end=\"848\">certificaci\u00f3n Ex<\/strong>, cumple con estrictas normas de seguridad, siendo una excelente opci\u00f3n para <strong data-start=\"925\" data-end=\"996\">refiner\u00edas, hidroel\u00e9ctricas, plataformas y otras \u00e1reas clasificadas<\/strong>.<\/p>\n","protected":false},"excerpt":{"rendered":"<p>Luminaria LED para atm\u00f3sferas explosivas con alojamiento externo, certificaci\u00f3n Ex y protecci\u00f3n IP66\/67W, ideal para Zonas 1, 2, 21 y 22.<\/p>\n","protected":false},"featured_media":29303,"comment_status":"closed","ping_status":"closed","template":"","meta":[],"product_brand":[],"product_cat":[6125],"product_tag":[],"aplicacao-produto":[7006,7024,7021,7022,7023],"aplicacoes-do-produto":[],"linha-do-produto":[9259],"class_list":{"0":"post-35290","1":"product","2":"type-product","3":"status-publish","4":"has-post-thumbnail","6":"product_cat-atmosferas-explosivas-ex","7":"aplicacao-produto-industrias-es","8":"aplicacao-produto-plantas-de-energia","9":"aplicacao-produto-plantas-hidroelectricas","10":"aplicacao-produto-plataformas-es","11":"aplicacao-produto-refinerias","12":"linha-do-produto-enseada-es","14":"first","15":"instock","16":"shipping-taxable","17":"purchasable","18":"product-type-variable"},"_links":{"self":[{"href":"https:\/\/dev.conexled.com\/es\/wp-json\/wp\/v2\/product\/35290","targetHints":{"allow":["GET"]}}],"collection":[{"href":"https:\/\/dev.conexled.com\/es\/wp-json\/wp\/v2\/product"}],"about":[{"href":"https:\/\/dev.conexled.com\/es\/wp-json\/wp\/v2\/types\/product"}],"replies":[{"embeddable":true,"href":"https:\/\/dev.conexled.com\/es\/wp-json\/wp\/v2\/comments?post=35290"}],"wp:featuredmedia":[{"embeddable":true,"href":"https:\/\/dev.conexled.com\/es\/wp-json\/wp\/v2\/media\/29303"}],"wp:attachment":[{"href":"https:\/\/dev.conexled.com\/es\/wp-json\/wp\/v2\/media?parent=35290"}],"wp:term":[{"taxonomy":"product_brand","embeddable":true,"href":"https:\/\/dev.conexled.com\/es\/wp-json\/wp\/v2\/product_brand?post=35290"},{"taxonomy":"product_cat","embeddable":true,"href":"https:\/\/dev.conexled.com\/es\/wp-json\/wp\/v2\/product_cat?post=35290"},{"taxonomy":"product_tag","embeddable":true,"href":"https:\/\/dev.conexled.com\/es\/wp-json\/wp\/v2\/product_tag?post=35290"},{"taxonomy":"aplicacao-produto","embeddable":true,"href":"https:\/\/dev.conexled.com\/es\/wp-json\/wp\/v2\/aplicacao-produto?post=35290"},{"taxonomy":"aplicacoes-do-produto","embeddable":true,"href":"https:\/\/dev.conexled.com\/es\/wp-json\/wp\/v2\/aplicacoes-do-produto?post=35290"},{"taxonomy":"linha-do-produto","embeddable":true,"href":"https:\/\/dev.conexled.com\/es\/wp-json\/wp\/v2\/linha-do-produto?post=35290"}],"curies":[{"name":"wp","href":"https:\/\/api.w.org\/{rel}","templated":true}]}}