{"id":35146,"date":"2025-03-05T08:36:14","date_gmt":"2025-03-05T11:36:14","guid":{"rendered":"https:\/\/dev.conexled.com\/?post_type=product&#038;p=35146"},"modified":"2025-04-28T15:15:26","modified_gmt":"2025-04-28T18:15:26","slug":"luminaria-antiexplosiva-led-zona-2-21-22","status":"publish","type":"product","link":"https:\/\/dev.conexled.com\/es\/product\/maranduba\/luminaria-atex-alojamiento-zona-2-21-22\/","title":{"rendered":"CLY(P)"},"content":{"rendered":"<p>La <strong data-start=\"1330\" data-end=\"1357\">luminaria antiexplosiva<\/strong> LED CLY(P) de la l\u00ednea Maranduba est\u00e1 dise\u00f1ada para atm\u00f3sferas explosivas, siendo ideal para aplicaciones en Zonas 2, 21 y 22. Su alojamiento externo garantiza mayor seguridad y eficiencia en la disipaci\u00f3n t\u00e9rmica. Fabricada en aluminio <strong data-start=\"632\" data-end=\"647\">copper free<\/strong>, est\u00e1 disponible en potencias de 20W a 80W, con diferentes \u00e1ngulos de instalaci\u00f3n y un alto grado de protecci\u00f3n (IP66\/67W e IK08). Con certificaci\u00f3n Ex, cumple con rigurosas normas de seguridad, siendo una excelente soluci\u00f3n para refiner\u00edas, hidroel\u00e9ctricas, plataformas y otras \u00e1reas clasificadas.<\/p>\n","protected":false},"excerpt":{"rendered":"<p>Luminaria LED para atm\u00f3sferas explosivas con alojamiento externo, certificaci\u00f3n Ex y protecci\u00f3n IP66\/67W, ideal para Zonas 2, 21 y 22.<\/p>\n","protected":false},"featured_media":29303,"comment_status":"closed","ping_status":"closed","template":"","meta":[],"product_brand":[],"product_cat":[6125],"product_tag":[],"aplicacao-produto":[7006,7024,7021,7022,7023],"aplicacoes-do-produto":[],"linha-do-produto":[9256],"class_list":{"0":"post-35146","1":"product","2":"type-product","3":"status-publish","4":"has-post-thumbnail","6":"product_cat-atmosferas-explosivas-ex","7":"aplicacao-produto-industrias-es","8":"aplicacao-produto-plantas-de-energia","9":"aplicacao-produto-plantas-hidroelectricas","10":"aplicacao-produto-plataformas-es","11":"aplicacao-produto-refinerias","12":"linha-do-produto-maranduba-es","14":"first","15":"instock","16":"shipping-taxable","17":"purchasable","18":"product-type-variable"},"_links":{"self":[{"href":"https:\/\/dev.conexled.com\/es\/wp-json\/wp\/v2\/product\/35146","targetHints":{"allow":["GET"]}}],"collection":[{"href":"https:\/\/dev.conexled.com\/es\/wp-json\/wp\/v2\/product"}],"about":[{"href":"https:\/\/dev.conexled.com\/es\/wp-json\/wp\/v2\/types\/product"}],"replies":[{"embeddable":true,"href":"https:\/\/dev.conexled.com\/es\/wp-json\/wp\/v2\/comments?post=35146"}],"wp:featuredmedia":[{"embeddable":true,"href":"https:\/\/dev.conexled.com\/es\/wp-json\/wp\/v2\/media\/29303"}],"wp:attachment":[{"href":"https:\/\/dev.conexled.com\/es\/wp-json\/wp\/v2\/media?parent=35146"}],"wp:term":[{"taxonomy":"product_brand","embeddable":true,"href":"https:\/\/dev.conexled.com\/es\/wp-json\/wp\/v2\/product_brand?post=35146"},{"taxonomy":"product_cat","embeddable":true,"href":"https:\/\/dev.conexled.com\/es\/wp-json\/wp\/v2\/product_cat?post=35146"},{"taxonomy":"product_tag","embeddable":true,"href":"https:\/\/dev.conexled.com\/es\/wp-json\/wp\/v2\/product_tag?post=35146"},{"taxonomy":"aplicacao-produto","embeddable":true,"href":"https:\/\/dev.conexled.com\/es\/wp-json\/wp\/v2\/aplicacao-produto?post=35146"},{"taxonomy":"aplicacoes-do-produto","embeddable":true,"href":"https:\/\/dev.conexled.com\/es\/wp-json\/wp\/v2\/aplicacoes-do-produto?post=35146"},{"taxonomy":"linha-do-produto","embeddable":true,"href":"https:\/\/dev.conexled.com\/es\/wp-json\/wp\/v2\/linha-do-produto?post=35146"}],"curies":[{"name":"wp","href":"https:\/\/api.w.org\/{rel}","templated":true}]}}