{"id":30526,"date":"2024-08-07T15:49:44","date_gmt":"2024-08-07T18:49:44","guid":{"rendered":"https:\/\/dev.conexled.com\/?post_type=product&#038;p=30526"},"modified":"2024-11-04T15:31:06","modified_gmt":"2024-11-04T18:31:06","slug":"luminaria-alta-potencia-explosion-clyx","status":"publish","type":"product","link":"https:\/\/dev.conexled.com\/es\/product\/sape\/luminaria-alta-potencia-explosion-clyx\/","title":{"rendered":"CLYX(D)"},"content":{"rendered":"<p>La <strong>Luminaria a Prueba de Explosi\u00f3n Alta Potencia (Zona 1 y 2 o 21 y 22) &#8211; L\u00ednea Sap\u00ea CLYX(D)<\/strong> est\u00e1 dise\u00f1ada para satisfacer las necesidades de iluminaci\u00f3n en entornos industriales severos, donde la protecci\u00f3n contra atm\u00f3sferas explosivas (Zona 1 y 2 o 21 y 22) es esencial. Con potencias que var\u00edan de 119W a 185W, esta luminaria ofrece alta eficiencia luminosa y resistencia mec\u00e1nica y a la corrosi\u00f3n.<\/p>\n<p>El cuerpo de la luminaria est\u00e1 construido en aluminio fundido de alta resistencia, con un sistema de disipaci\u00f3n t\u00e9rmica eficiente y visor de vidrio templado de 4mm o policarbonato. La luminaria tiene un grado de protecci\u00f3n IP66, asegurando estanqueidad contra polvo y chorros de agua, y un grado de impacto IK08, haci\u00e9ndola robusta y resistente a impactos.<\/p>\n<p>Disponible en varias opciones de montaje, incluyendo colgante, apliques de pared de 30\u00b0 y 90\u00b0, plafonier y soportes para postes, la CLYX(D) es vers\u00e1til y puede instalarse en una amplia gama de aplicaciones industriales, tanto interiores como exteriores. Adem\u00e1s, la l\u00e1mpara est\u00e1 certificada seg\u00fan normas como NBR IEC 60598-1, 62031, IES LM 80-08, IES TM 21, garantizando el cumplimiento con los m\u00e1s altos est\u00e1ndares de seguridad y rendimiento.<\/p>\n","protected":false},"excerpt":{"rendered":"<p>La <strong>Luminaria a Prueba de Explosi\u00f3n Alta Potencia (Zona 1 y 2 o 21 y 22) CLYX(D) &#8211; L\u00ednea Sap\u00ea<\/strong> es ideal para \u00e1reas industriales clasificadas, ofreciendo alta eficiencia, resistencia y durabilidad.<\/p>\n","protected":false},"featured_media":30268,"comment_status":"open","ping_status":"closed","template":"","meta":[],"product_brand":[],"product_cat":[6125],"product_tag":[],"aplicacao-produto":[7006,7024,7021,7022,7023],"aplicacoes-do-produto":[],"linha-do-produto":[7164],"class_list":{"0":"post-30526","1":"product","2":"type-product","3":"status-publish","4":"has-post-thumbnail","6":"product_cat-atmosferas-explosivas-ex","7":"aplicacao-produto-industrias-es","8":"aplicacao-produto-plantas-de-energia","9":"aplicacao-produto-plantas-hidroelectricas","10":"aplicacao-produto-plataformas-es","11":"aplicacao-produto-refinerias","12":"linha-do-produto-sape-es","14":"first","15":"instock","16":"shipping-taxable","17":"purchasable","18":"product-type-variable"},"_links":{"self":[{"href":"https:\/\/dev.conexled.com\/es\/wp-json\/wp\/v2\/product\/30526","targetHints":{"allow":["GET"]}}],"collection":[{"href":"https:\/\/dev.conexled.com\/es\/wp-json\/wp\/v2\/product"}],"about":[{"href":"https:\/\/dev.conexled.com\/es\/wp-json\/wp\/v2\/types\/product"}],"replies":[{"embeddable":true,"href":"https:\/\/dev.conexled.com\/es\/wp-json\/wp\/v2\/comments?post=30526"}],"wp:featuredmedia":[{"embeddable":true,"href":"https:\/\/dev.conexled.com\/es\/wp-json\/wp\/v2\/media\/30268"}],"wp:attachment":[{"href":"https:\/\/dev.conexled.com\/es\/wp-json\/wp\/v2\/media?parent=30526"}],"wp:term":[{"taxonomy":"product_brand","embeddable":true,"href":"https:\/\/dev.conexled.com\/es\/wp-json\/wp\/v2\/product_brand?post=30526"},{"taxonomy":"product_cat","embeddable":true,"href":"https:\/\/dev.conexled.com\/es\/wp-json\/wp\/v2\/product_cat?post=30526"},{"taxonomy":"product_tag","embeddable":true,"href":"https:\/\/dev.conexled.com\/es\/wp-json\/wp\/v2\/product_tag?post=30526"},{"taxonomy":"aplicacao-produto","embeddable":true,"href":"https:\/\/dev.conexled.com\/es\/wp-json\/wp\/v2\/aplicacao-produto?post=30526"},{"taxonomy":"aplicacoes-do-produto","embeddable":true,"href":"https:\/\/dev.conexled.com\/es\/wp-json\/wp\/v2\/aplicacoes-do-produto?post=30526"},{"taxonomy":"linha-do-produto","embeddable":true,"href":"https:\/\/dev.conexled.com\/es\/wp-json\/wp\/v2\/linha-do-produto?post=30526"}],"curies":[{"name":"wp","href":"https:\/\/api.w.org\/{rel}","templated":true}]}}