{"id":29177,"date":"2024-07-30T13:25:37","date_gmt":"2024-07-30T16:25:37","guid":{"rendered":"https:\/\/dev.conexled.com\/produto\/luminaria-led-blindada-industrial-clt\/"},"modified":"2025-04-29T11:58:16","modified_gmt":"2025-04-29T14:58:16","slug":"luminaria-led-blindada-industrial-clt","status":"publish","type":"product","link":"https:\/\/dev.conexled.com\/es\/product\/timbo\/luminaria-led-blindada-industrial\/","title":{"rendered":"CLT(D)"},"content":{"rendered":"<p>La <strong>Luminaria LED Blindada Industrial &#8211; L\u00ednea Timb\u00f3 CLT(D)<\/strong> est\u00e1 dise\u00f1ada para satisfacer las necesidades de iluminaci\u00f3n en entornos industriales severos, donde la protecci\u00f3n contra el clima, gases, vapores y polvo (TGVP) es esencial. Con potencias que var\u00edan de 20W a 90W, esta l\u00e1mpara ofrece una alta eficiencia luminosa de hasta 143 lm\/W, garantizando una iluminaci\u00f3n de alta calidad y durabilidad.<\/p>\n<p>El cuerpo de la l\u00e1mpara est\u00e1 construido en aluminio fundido de alta resistencia, y el visor est\u00e1ndar es de vidrio templado de 4mm, con opci\u00f3n de policarbonato. La l\u00e1mpara tiene un grado de protecci\u00f3n IP66, asegurando estanqueidad contra polvo y chorros de agua, y un grado de impacto IK08, haci\u00e9ndola robusta y resistente a impactos.<\/p>\n<p>Disponible en varias opciones de montaje, incluyendo colgante, apliques de pared de 30\u00b0 y 90\u00b0, plafonier y soportes para postes, la CLT(D) es vers\u00e1til y puede instalarse en una amplia gama de aplicaciones industriales, tanto interiores como exteriores. Adem\u00e1s, la l\u00e1mpara est\u00e1 certificada seg\u00fan normas como NBR IEC 60598-1, 60529, 62031, IES LM 80-08, IES TM 21, garantizando el cumplimiento con los m\u00e1s altos est\u00e1ndares de seguridad y rendimiento.<\/p>\n","protected":false},"excerpt":{"rendered":"<p>La <strong>Luminaria LED Blindada Industrial &#8211; L\u00ednea Timb\u00f3 CLT(D)<\/strong> es ideal para \u00e1reas industriales que requieren protecci\u00f3n contra condiciones adversas, ofreciendo alta eficiencia y durabilidad.<\/p>\n","protected":false},"featured_media":29151,"comment_status":"open","ping_status":"closed","template":"","meta":[],"product_brand":[],"product_cat":[6127],"product_tag":[],"aplicacao-produto":[7006,7024,7021,7022,7023],"aplicacoes-do-produto":[],"linha-do-produto":[7029],"class_list":{"0":"post-29177","1":"product","2":"type-product","3":"status-publish","4":"has-post-thumbnail","6":"product_cat-blindada-industrial-es","7":"aplicacao-produto-industrias-es","8":"aplicacao-produto-plantas-de-energia","9":"aplicacao-produto-plantas-hidroelectricas","10":"aplicacao-produto-plataformas-es","11":"aplicacao-produto-refinerias","12":"linha-do-produto-timbo-es","14":"first","15":"instock","16":"shipping-taxable","17":"purchasable","18":"product-type-variable"},"_links":{"self":[{"href":"https:\/\/dev.conexled.com\/es\/wp-json\/wp\/v2\/product\/29177","targetHints":{"allow":["GET"]}}],"collection":[{"href":"https:\/\/dev.conexled.com\/es\/wp-json\/wp\/v2\/product"}],"about":[{"href":"https:\/\/dev.conexled.com\/es\/wp-json\/wp\/v2\/types\/product"}],"replies":[{"embeddable":true,"href":"https:\/\/dev.conexled.com\/es\/wp-json\/wp\/v2\/comments?post=29177"}],"wp:featuredmedia":[{"embeddable":true,"href":"https:\/\/dev.conexled.com\/es\/wp-json\/wp\/v2\/media\/29151"}],"wp:attachment":[{"href":"https:\/\/dev.conexled.com\/es\/wp-json\/wp\/v2\/media?parent=29177"}],"wp:term":[{"taxonomy":"product_brand","embeddable":true,"href":"https:\/\/dev.conexled.com\/es\/wp-json\/wp\/v2\/product_brand?post=29177"},{"taxonomy":"product_cat","embeddable":true,"href":"https:\/\/dev.conexled.com\/es\/wp-json\/wp\/v2\/product_cat?post=29177"},{"taxonomy":"product_tag","embeddable":true,"href":"https:\/\/dev.conexled.com\/es\/wp-json\/wp\/v2\/product_tag?post=29177"},{"taxonomy":"aplicacao-produto","embeddable":true,"href":"https:\/\/dev.conexled.com\/es\/wp-json\/wp\/v2\/aplicacao-produto?post=29177"},{"taxonomy":"aplicacoes-do-produto","embeddable":true,"href":"https:\/\/dev.conexled.com\/es\/wp-json\/wp\/v2\/aplicacoes-do-produto?post=29177"},{"taxonomy":"linha-do-produto","embeddable":true,"href":"https:\/\/dev.conexled.com\/es\/wp-json\/wp\/v2\/linha-do-produto?post=29177"}],"curies":[{"name":"wp","href":"https:\/\/api.w.org\/{rel}","templated":true}]}}