{"id":27271,"date":"2024-07-02T11:35:52","date_gmt":"2024-07-02T14:35:52","guid":{"rendered":"https:\/\/dev.conexled.com\/produto\/refletor-estadio\/"},"modified":"2025-04-29T10:26:03","modified_gmt":"2025-04-29T13:26:03","slug":"refletor-de-estadio","status":"publish","type":"product","link":"https:\/\/dev.conexled.com\/es\/product\/itagua\/reflector-de-estadio\/","title":{"rendered":"CLF-AP(F)"},"content":{"rendered":"<p>El Reflector de Estadio de Conexled es una soluci\u00f3n avanzada de iluminaci\u00f3n LED dise\u00f1ada para arenas, estadios y grandes \u00e1reas deportivas. Con alta eficiencia luminosa, durabilidad y f\u00e1cil instalaci\u00f3n, este reflector proporciona una iluminaci\u00f3n superior y econ\u00f3mica, ideal para eventos deportivos y transmisiones en vivo.<\/p>\n<p>Este reflector posee diversas caracter\u00edsticas que lo hacen ideal para grandes \u00e1reas. Con modelos disponibles en potencias de 500W, 600W, 800W, 1000W y 1200W, ofrece una eficiencia luminosa de hasta 160 lm\/W y una vida \u00fatil impresionante de 100.000 horas (L70 B50). Adem\u00e1s, cuenta con protecci\u00f3n IP67 y resistencia a impactos IK08, operando eficientemente en temperaturas que var\u00edan de -40\u00b0C a +60\u00b0C.<\/p>\n<p>Las caracter\u00edsticas fotom\u00e9tricas y \u00f3pticas del Reflector de Estadio incluyen distribuci\u00f3n \u00f3ptica anti-deslumbramiento y anti-sombra, con \u00e1ngulos de apertura del haz de 30\u00b0, 60\u00b0 y 90\u00b0. Tambi\u00e9n posee un alto \u00edndice de reproducci\u00f3n crom\u00e1tica (IRC &gt;80) y est\u00e1 disponible en temperaturas de color de 4000K y 5000K (\u00b1275K). El flujo luminoso var\u00eda seg\u00fan la potencia, llegando a 180.550 lm (\u00b110%) en el modelo de 1200W.<\/p>\n<p>Construido con materiales de alta calidad, el cuerpo y el disipador est\u00e1n hechos de aleaci\u00f3n de aluminio inyectado, y la lente es de policarbonato. La instalaci\u00f3n se facilita mediante la fijaci\u00f3n a trav\u00e9s de asa y tornillos de acero inoxidable 304, con pesos que var\u00edan de 9 Kg a 22,5 Kg seg\u00fan la potencia.<\/p>\n<p>En t\u00e9rminos de protecci\u00f3n el\u00e9ctrica y electr\u00f3nica, el Reflector de Estadio incluye protecciones contra cortocircuito, sobretensi\u00f3n, sobrecorriente y sobrecalentamiento, adem\u00e1s de un protector contra sobretensiones UOC=12Kv @ 1,2\/50\u03bcs \/ Imax @ 8\/20\u03bcs. Cumple con diversas normas y certificaciones, incluyendo NBR IEC &#8211; 60598-1, NBR IEC &#8211; 60529, NBR IEC &#8211; 62031, IES LM 80-08 y IES TM 21.<\/p>\n<p>El Reflector de Estadio de Conexled es la elecci\u00f3n perfecta para quienes buscan una soluci\u00f3n de iluminaci\u00f3n de alto rendimiento para grandes \u00e1reas deportivas. Con caracter\u00edsticas t\u00e9cnicas superiores y beneficios notables, este reflector LED garantiza una iluminaci\u00f3n eficiente, duradera y econ\u00f3mica.<\/p>\n","protected":false},"excerpt":{"rendered":"<p>El Reflector de Estadio de Conexled es la soluci\u00f3n perfecta para iluminar arenas y estadios, ofreciendo alta eficiencia luminosa, durabilidad y f\u00e1cil instalaci\u00f3n. Ideal para eventos deportivos y transmisiones en vivo, proporciona una iluminaci\u00f3n uniforme y econ\u00f3mica.<\/p>\n","protected":false},"featured_media":27337,"comment_status":"open","ping_status":"closed","template":"","meta":[],"product_brand":[],"product_cat":[6141],"product_tag":[],"aplicacao-produto":[7059,9240,7064,7006,7051],"aplicacoes-do-produto":[],"linha-do-produto":[7077],"class_list":{"0":"post-27271","1":"product","2":"type-product","3":"status-publish","4":"has-post-thumbnail","6":"product_cat-proyectores","7":"aplicacao-produto-aeropuertos","8":"aplicacao-produto-arenas-e-estadios-es","9":"aplicacao-produto-canchas-y-estadios","10":"aplicacao-produto-industrias-es","11":"aplicacao-produto-portos-es","12":"linha-do-produto-itagua-es","14":"first","15":"instock","16":"shipping-taxable","17":"purchasable","18":"product-type-variable"},"_links":{"self":[{"href":"https:\/\/dev.conexled.com\/es\/wp-json\/wp\/v2\/product\/27271","targetHints":{"allow":["GET"]}}],"collection":[{"href":"https:\/\/dev.conexled.com\/es\/wp-json\/wp\/v2\/product"}],"about":[{"href":"https:\/\/dev.conexled.com\/es\/wp-json\/wp\/v2\/types\/product"}],"replies":[{"embeddable":true,"href":"https:\/\/dev.conexled.com\/es\/wp-json\/wp\/v2\/comments?post=27271"}],"wp:featuredmedia":[{"embeddable":true,"href":"https:\/\/dev.conexled.com\/es\/wp-json\/wp\/v2\/media\/27337"}],"wp:attachment":[{"href":"https:\/\/dev.conexled.com\/es\/wp-json\/wp\/v2\/media?parent=27271"}],"wp:term":[{"taxonomy":"product_brand","embeddable":true,"href":"https:\/\/dev.conexled.com\/es\/wp-json\/wp\/v2\/product_brand?post=27271"},{"taxonomy":"product_cat","embeddable":true,"href":"https:\/\/dev.conexled.com\/es\/wp-json\/wp\/v2\/product_cat?post=27271"},{"taxonomy":"product_tag","embeddable":true,"href":"https:\/\/dev.conexled.com\/es\/wp-json\/wp\/v2\/product_tag?post=27271"},{"taxonomy":"aplicacao-produto","embeddable":true,"href":"https:\/\/dev.conexled.com\/es\/wp-json\/wp\/v2\/aplicacao-produto?post=27271"},{"taxonomy":"aplicacoes-do-produto","embeddable":true,"href":"https:\/\/dev.conexled.com\/es\/wp-json\/wp\/v2\/aplicacoes-do-produto?post=27271"},{"taxonomy":"linha-do-produto","embeddable":true,"href":"https:\/\/dev.conexled.com\/es\/wp-json\/wp\/v2\/linha-do-produto?post=27271"}],"curies":[{"name":"wp","href":"https:\/\/api.w.org\/{rel}","templated":true}]}}