{"id":24619,"date":"2024-04-03T10:36:51","date_gmt":"2024-04-03T13:36:51","guid":{"rendered":"https:\/\/dev.conexled.com\/produto\/clyx-td\/"},"modified":"2025-04-29T10:38:05","modified_gmt":"2025-04-29T13:38:05","slug":"clyx-td","status":"publish","type":"product","link":"https:\/\/dev.conexled.com\/es\/product\/sape\/clyx-td\/","title":{"rendered":"CLYX-T(D)"},"content":{"rendered":"<p>La Luminaria LED Tipo Tortuga de la L\u00ednea Sap\u00ea, modelo CLYX-T(D), est\u00e1 dise\u00f1ada para ofrecer soluciones de iluminaci\u00f3n seguras y eficientes en lugares con atm\u00f3sferas potencialmente explosivas, sustituyendo las tradicionales luminarias tipo tortuga. Este modelo es ideal para aplicaciones en zonas clasificadas 1 y 2 o 21 y 22, como en hidroel\u00e9ctricas, refiner\u00edas, industrias, plantas y plataformas.<\/p>\n<p>Disponible en potencias de 20W, 28W y 43W, la CLYX-T(D) destaca por su eficiencia luminosa excepcional, que var\u00eda de 144 lm\/W a 145 lm\/W, dependiendo del modelo. Construida con un cuerpo de aluminio fundido, ofrece alta resistencia mec\u00e1nica y a la corrosi\u00f3n, garantizando durabilidad incluso en ambientes agresivos.<\/p>\n<p>El dise\u00f1o compacto y funcional facilita la instalaci\u00f3n y el mantenimiento, mientras que el difusor de vidrio templado (con opci\u00f3n en policarbonato) garantiza una distribuci\u00f3n de luz homog\u00e9nea con un \u00e1ngulo de haz de 115\u00b0. Equipada con protecci\u00f3n IP66, esta luminaria est\u00e1 completamente protegida contra la entrada de polvo y chorros potentes de agua, adem\u00e1s de tener un grado de impacto IK08.<\/p>\n","protected":false},"excerpt":{"rendered":"<p>Explora la Luminaria LED Tipo Tortuga de la L\u00ednea Sap\u00ea CLYX-T(D), perfecta para ambientes con atm\u00f3sferas explosivas, ofreciendo alta eficiencia y resistencia.<\/p>\n","protected":false},"featured_media":18522,"comment_status":"open","ping_status":"closed","template":"","meta":[],"product_brand":[],"product_cat":[6125],"product_tag":[8891,8890,8975,8977,8980],"aplicacao-produto":[7006,7024,7021,7022,7023],"aplicacoes-do-produto":[6514,6452,6488],"linha-do-produto":[7164],"class_list":{"0":"post-24619","1":"product","2":"type-product","3":"status-publish","4":"has-post-thumbnail","6":"product_cat-atmosferas-explosivas-ex","7":"product_tag-alta-eficiencia-luminosa-es","8":"product_tag-atmosferas-explosivas-es","9":"product_tag-iluminacao-industrial-es","10":"product_tag-protecao-ip66-es","11":"product_tag-resistencia-a-corrosao-es","12":"aplicacao-produto-industrias-es","13":"aplicacao-produto-plantas-de-energia","14":"aplicacao-produto-plantas-hidroelectricas","15":"aplicacao-produto-plataformas-es","16":"aplicacao-produto-refinerias","17":"aplicacoes-do-produto-usinas-es","18":"aplicacoes-do-produto-plataformas-marinas","19":"aplicacoes-do-produto-refinerias","20":"linha-do-produto-sape-es","22":"first","23":"instock","24":"shipping-taxable","25":"purchasable","26":"product-type-variable"},"_links":{"self":[{"href":"https:\/\/dev.conexled.com\/es\/wp-json\/wp\/v2\/product\/24619","targetHints":{"allow":["GET"]}}],"collection":[{"href":"https:\/\/dev.conexled.com\/es\/wp-json\/wp\/v2\/product"}],"about":[{"href":"https:\/\/dev.conexled.com\/es\/wp-json\/wp\/v2\/types\/product"}],"replies":[{"embeddable":true,"href":"https:\/\/dev.conexled.com\/es\/wp-json\/wp\/v2\/comments?post=24619"}],"wp:featuredmedia":[{"embeddable":true,"href":"https:\/\/dev.conexled.com\/es\/wp-json\/wp\/v2\/media\/18522"}],"wp:attachment":[{"href":"https:\/\/dev.conexled.com\/es\/wp-json\/wp\/v2\/media?parent=24619"}],"wp:term":[{"taxonomy":"product_brand","embeddable":true,"href":"https:\/\/dev.conexled.com\/es\/wp-json\/wp\/v2\/product_brand?post=24619"},{"taxonomy":"product_cat","embeddable":true,"href":"https:\/\/dev.conexled.com\/es\/wp-json\/wp\/v2\/product_cat?post=24619"},{"taxonomy":"product_tag","embeddable":true,"href":"https:\/\/dev.conexled.com\/es\/wp-json\/wp\/v2\/product_tag?post=24619"},{"taxonomy":"aplicacao-produto","embeddable":true,"href":"https:\/\/dev.conexled.com\/es\/wp-json\/wp\/v2\/aplicacao-produto?post=24619"},{"taxonomy":"aplicacoes-do-produto","embeddable":true,"href":"https:\/\/dev.conexled.com\/es\/wp-json\/wp\/v2\/aplicacoes-do-produto?post=24619"},{"taxonomy":"linha-do-produto","embeddable":true,"href":"https:\/\/dev.conexled.com\/es\/wp-json\/wp\/v2\/linha-do-produto?post=24619"}],"curies":[{"name":"wp","href":"https:\/\/api.w.org\/{rel}","templated":true}]}}