{"id":24462,"date":"2024-04-03T08:07:58","date_gmt":"2024-04-03T11:07:58","guid":{"rendered":"https:\/\/dev.conexled.com\/?post_type=product&#038;p=24462"},"modified":"2025-04-28T15:49:48","modified_gmt":"2025-04-28T18:49:48","slug":"cly-td","status":"publish","type":"product","link":"https:\/\/dev.conexled.com\/es\/product\/pereque\/cly-td\/","title":{"rendered":"CLY-T(D)"},"content":{"rendered":"<p>La Luminaria LED Tipo Tortuga de la L\u00ednea Perequ\u00ea, modelo CLY-T(D), est\u00e1 especialmente dise\u00f1ada para instalaciones en atm\u00f3sferas potencialmente explosivas, sustituyendo las tradicionales luminarias tortuga con una soluci\u00f3n moderna y eficiente. Este modelo es ideal para uso en zonas clasificadas como 2, 21 o 22, incluyendo refiner\u00edas, industrias, plantas de energ\u00eda, plataformas y otras \u00e1reas que requieren equipos con protecci\u00f3n contra explosiones.<\/p>\n<p>Disponible en potencias de 23W, 32W y 43W, esta luminaria ofrece una iluminaci\u00f3n eficiente con una eficacia luminosa que var\u00eda de 131 lm\/W a 143 lm\/W. El cuerpo de la luminaria est\u00e1 fabricado en aluminio fundido de alta resistencia mec\u00e1nica y a la corrosi\u00f3n, garantizando durabilidad y seguridad en ambientes hostiles.<\/p>\n<p>El dise\u00f1o compacto y funcional del CLY-T(D) facilita su instalaci\u00f3n en diversas configuraciones, mientras que el difusor de vidrio templado (con opci\u00f3n en policarbonato) proporciona una distribuci\u00f3n de luz optimizada con un \u00e1ngulo de haz de 115\u00b0. Adem\u00e1s, la luminaria est\u00e1 equipada con protecci\u00f3n IP66, asegurando total protecci\u00f3n contra ingreso de polvo y agua, y posee un grado de impacto IK08.<\/p>\n","protected":false},"excerpt":{"rendered":"<p>Descubre la Luminaria LED Tipo Tortuga de la L\u00ednea Perequ\u00ea CLY-T(D), ideal para atm\u00f3sferas explosivas, ofreciendo alta eficiencia luminosa y robustez en zonas clasificadas.<\/p>\n","protected":false},"featured_media":18522,"comment_status":"open","ping_status":"closed","template":"","meta":[],"product_brand":[],"product_cat":[6125],"product_tag":[8891,8890,8889],"aplicacao-produto":[7006,7024,7021,7022,7023],"aplicacoes-do-produto":[6514,6452,6488],"linha-do-produto":[7112],"class_list":{"0":"post-24462","1":"product","2":"type-product","3":"status-publish","4":"has-post-thumbnail","6":"product_cat-atmosferas-explosivas-ex","7":"product_tag-alta-eficiencia-luminosa-es","8":"product_tag-atmosferas-explosivas-es","9":"product_tag-luminaria-led-es","10":"aplicacao-produto-industrias-es","11":"aplicacao-produto-plantas-de-energia","12":"aplicacao-produto-plantas-hidroelectricas","13":"aplicacao-produto-plataformas-es","14":"aplicacao-produto-refinerias","15":"aplicacoes-do-produto-usinas-es","16":"aplicacoes-do-produto-plataformas-marinas","17":"aplicacoes-do-produto-refinerias","18":"linha-do-produto-pereque-es","20":"first","21":"instock","22":"shipping-taxable","23":"purchasable","24":"product-type-variable"},"_links":{"self":[{"href":"https:\/\/dev.conexled.com\/es\/wp-json\/wp\/v2\/product\/24462","targetHints":{"allow":["GET"]}}],"collection":[{"href":"https:\/\/dev.conexled.com\/es\/wp-json\/wp\/v2\/product"}],"about":[{"href":"https:\/\/dev.conexled.com\/es\/wp-json\/wp\/v2\/types\/product"}],"replies":[{"embeddable":true,"href":"https:\/\/dev.conexled.com\/es\/wp-json\/wp\/v2\/comments?post=24462"}],"wp:featuredmedia":[{"embeddable":true,"href":"https:\/\/dev.conexled.com\/es\/wp-json\/wp\/v2\/media\/18522"}],"wp:attachment":[{"href":"https:\/\/dev.conexled.com\/es\/wp-json\/wp\/v2\/media?parent=24462"}],"wp:term":[{"taxonomy":"product_brand","embeddable":true,"href":"https:\/\/dev.conexled.com\/es\/wp-json\/wp\/v2\/product_brand?post=24462"},{"taxonomy":"product_cat","embeddable":true,"href":"https:\/\/dev.conexled.com\/es\/wp-json\/wp\/v2\/product_cat?post=24462"},{"taxonomy":"product_tag","embeddable":true,"href":"https:\/\/dev.conexled.com\/es\/wp-json\/wp\/v2\/product_tag?post=24462"},{"taxonomy":"aplicacao-produto","embeddable":true,"href":"https:\/\/dev.conexled.com\/es\/wp-json\/wp\/v2\/aplicacao-produto?post=24462"},{"taxonomy":"aplicacoes-do-produto","embeddable":true,"href":"https:\/\/dev.conexled.com\/es\/wp-json\/wp\/v2\/aplicacoes-do-produto?post=24462"},{"taxonomy":"linha-do-produto","embeddable":true,"href":"https:\/\/dev.conexled.com\/es\/wp-json\/wp\/v2\/linha-do-produto?post=24462"}],"curies":[{"name":"wp","href":"https:\/\/api.w.org\/{rel}","templated":true}]}}