{"id":24123,"date":"2024-03-26T11:11:47","date_gmt":"2024-03-26T14:11:47","guid":{"rendered":"https:\/\/dev.conexled.com\/produto\/clx-aut\/"},"modified":"2025-04-29T10:46:41","modified_gmt":"2025-04-29T13:46:41","slug":"clx-aut","status":"publish","type":"product","link":"https:\/\/dev.conexled.com\/es\/product\/itacuruca\/clx-aut\/","title":{"rendered":"CLX-AUT"},"content":{"rendered":"<p>Luminaria ideal para uso en zonas clasificadas sin necesidad de conectarla a la red el\u00e9ctrica, aportando iluminaci\u00f3n eficiente, mayor vida \u00fatil y autonom\u00eda.<\/p>\n","protected":false},"excerpt":{"rendered":"<p>CLX-AUT &#8211;\u00a0 Luminaria ideal para uso en zonas clasificadas sin necesidad de conectarla a la red el\u00e9ctrica, aportando iluminaci\u00f3n eficiente, mayor vida \u00fatil y autonom\u00eda.<\/p>\n","protected":false},"featured_media":24138,"comment_status":"open","ping_status":"closed","template":"","meta":[],"product_brand":[],"product_cat":[6137],"product_tag":[],"aplicacao-produto":[7006,7024,7021,7022,7023],"aplicacoes-do-produto":[6514,6452,6488],"linha-do-produto":[7091],"class_list":{"0":"post-24123","1":"product","2":"type-product","3":"status-publish","4":"has-post-thumbnail","6":"product_cat-modulo-de-emergencia-es","7":"aplicacao-produto-industrias-es","8":"aplicacao-produto-plantas-de-energia","9":"aplicacao-produto-plantas-hidroelectricas","10":"aplicacao-produto-plataformas-es","11":"aplicacao-produto-refinerias","12":"aplicacoes-do-produto-usinas-es","13":"aplicacoes-do-produto-plataformas-marinas","14":"aplicacoes-do-produto-refinerias","15":"linha-do-produto-itacuruca-es","17":"first","18":"instock","19":"shipping-taxable","20":"purchasable","21":"product-type-variable"},"_links":{"self":[{"href":"https:\/\/dev.conexled.com\/es\/wp-json\/wp\/v2\/product\/24123","targetHints":{"allow":["GET"]}}],"collection":[{"href":"https:\/\/dev.conexled.com\/es\/wp-json\/wp\/v2\/product"}],"about":[{"href":"https:\/\/dev.conexled.com\/es\/wp-json\/wp\/v2\/types\/product"}],"replies":[{"embeddable":true,"href":"https:\/\/dev.conexled.com\/es\/wp-json\/wp\/v2\/comments?post=24123"}],"wp:featuredmedia":[{"embeddable":true,"href":"https:\/\/dev.conexled.com\/es\/wp-json\/wp\/v2\/media\/24138"}],"wp:attachment":[{"href":"https:\/\/dev.conexled.com\/es\/wp-json\/wp\/v2\/media?parent=24123"}],"wp:term":[{"taxonomy":"product_brand","embeddable":true,"href":"https:\/\/dev.conexled.com\/es\/wp-json\/wp\/v2\/product_brand?post=24123"},{"taxonomy":"product_cat","embeddable":true,"href":"https:\/\/dev.conexled.com\/es\/wp-json\/wp\/v2\/product_cat?post=24123"},{"taxonomy":"product_tag","embeddable":true,"href":"https:\/\/dev.conexled.com\/es\/wp-json\/wp\/v2\/product_tag?post=24123"},{"taxonomy":"aplicacao-produto","embeddable":true,"href":"https:\/\/dev.conexled.com\/es\/wp-json\/wp\/v2\/aplicacao-produto?post=24123"},{"taxonomy":"aplicacoes-do-produto","embeddable":true,"href":"https:\/\/dev.conexled.com\/es\/wp-json\/wp\/v2\/aplicacoes-do-produto?post=24123"},{"taxonomy":"linha-do-produto","embeddable":true,"href":"https:\/\/dev.conexled.com\/es\/wp-json\/wp\/v2\/linha-do-produto?post=24123"}],"curies":[{"name":"wp","href":"https:\/\/api.w.org\/{rel}","templated":true}]}}