{"id":23267,"date":"2024-03-18T14:47:27","date_gmt":"2024-03-18T17:47:27","guid":{"rendered":"https:\/\/dev.conexled.com\/produto\/clp-lcf\/"},"modified":"2025-04-29T10:55:37","modified_gmt":"2025-04-29T13:55:37","slug":"luminaria-publica-led-compacta","status":"publish","type":"product","link":"https:\/\/dev.conexled.com\/es\/product\/pequea\/luminaria-publica-led-compacta\/","title":{"rendered":"CLP-LC(F)"},"content":{"rendered":"<p>La <strong data-start=\"357\" data-end=\"391\">luminaria p\u00fablica LED compacta<\/strong> de la l\u00ednea Peque\u00e1 fue dise\u00f1ada para ofrecer alta eficiencia luminosa y resistencia mec\u00e1nica en entornos urbanos e industriales. Con un dise\u00f1o moderno y de tama\u00f1o reducido, est\u00e1 equipada con LEDs de potencia media, driver dedicado de \u00faltima generaci\u00f3n y sistema de protecci\u00f3n contra cortocircuito, sobretensi\u00f3n, sobrecorriente y sobrecalentamiento. Disponible en potencias de 50W a 200W, ofrece hasta 25.000 l\u00famenes, con una eficiencia de hasta 138 lm\/W y vida \u00fatil estimada en 100.000 horas. Ideal para aplicaciones exteriores exigentes, con protecci\u00f3n IP66 e IK08.<\/p>\n","protected":false},"excerpt":{"rendered":"<p>Luminaria p\u00fablica LED compacta, eficiente y resistente. Ideal para entornos urbanos e industriales. Disponible de 50W a 200W.<\/p>\n","protected":false},"featured_media":23256,"comment_status":"open","ping_status":"closed","template":"","meta":[],"product_brand":[],"product_cat":[6133],"product_tag":[8536,8537],"aplicacao-produto":[7060,7061,7185,7006,7147],"aplicacoes-do-produto":[],"linha-do-produto":[7148],"class_list":{"0":"post-23267","1":"product","2":"type-product","3":"status-publish","4":"has-post-thumbnail","6":"product_cat-iluminacion-para-postes","7":"product_tag-poste-es","8":"product_tag-urbana-es","9":"aplicacao-produto-condominios-es-2","10":"aplicacao-produto-estacionamientos","11":"aplicacao-produto-fazendas-es","12":"aplicacao-produto-industrias-es","13":"aplicacao-produto-plazas-y-parques","14":"linha-do-produto-pequea-es","16":"first","17":"instock","18":"shipping-taxable","19":"purchasable","20":"product-type-variable"},"_links":{"self":[{"href":"https:\/\/dev.conexled.com\/es\/wp-json\/wp\/v2\/product\/23267","targetHints":{"allow":["GET"]}}],"collection":[{"href":"https:\/\/dev.conexled.com\/es\/wp-json\/wp\/v2\/product"}],"about":[{"href":"https:\/\/dev.conexled.com\/es\/wp-json\/wp\/v2\/types\/product"}],"replies":[{"embeddable":true,"href":"https:\/\/dev.conexled.com\/es\/wp-json\/wp\/v2\/comments?post=23267"}],"wp:featuredmedia":[{"embeddable":true,"href":"https:\/\/dev.conexled.com\/es\/wp-json\/wp\/v2\/media\/23256"}],"wp:attachment":[{"href":"https:\/\/dev.conexled.com\/es\/wp-json\/wp\/v2\/media?parent=23267"}],"wp:term":[{"taxonomy":"product_brand","embeddable":true,"href":"https:\/\/dev.conexled.com\/es\/wp-json\/wp\/v2\/product_brand?post=23267"},{"taxonomy":"product_cat","embeddable":true,"href":"https:\/\/dev.conexled.com\/es\/wp-json\/wp\/v2\/product_cat?post=23267"},{"taxonomy":"product_tag","embeddable":true,"href":"https:\/\/dev.conexled.com\/es\/wp-json\/wp\/v2\/product_tag?post=23267"},{"taxonomy":"aplicacao-produto","embeddable":true,"href":"https:\/\/dev.conexled.com\/es\/wp-json\/wp\/v2\/aplicacao-produto?post=23267"},{"taxonomy":"aplicacoes-do-produto","embeddable":true,"href":"https:\/\/dev.conexled.com\/es\/wp-json\/wp\/v2\/aplicacoes-do-produto?post=23267"},{"taxonomy":"linha-do-produto","embeddable":true,"href":"https:\/\/dev.conexled.com\/es\/wp-json\/wp\/v2\/linha-do-produto?post=23267"}],"curies":[{"name":"wp","href":"https:\/\/api.w.org\/{rel}","templated":true}]}}