{"id":21510,"date":"2024-01-26T10:51:00","date_gmt":"2024-01-26T13:51:00","guid":{"rendered":"https:\/\/dev.conexled.com\/?post_type=product&#038;p=21510"},"modified":"2025-04-29T11:06:47","modified_gmt":"2025-04-29T14:06:47","slug":"reflector-led-blindado-linea-marau","status":"publish","type":"product","link":"https:\/\/dev.conexled.com\/es\/product\/marau\/clr-if\/","title":{"rendered":"CLR-I(F)"},"content":{"rendered":"<p>El <strong data-start=\"262\" data-end=\"288\">Reflector LED Blindado<\/strong> de la l\u00ednea Mara\u00fa ofrece una alta eficiencia luminosa de hasta 150 lm\/W y una resistencia superior. Fabricado en aleaci\u00f3n de aluminio inyectado, proporciona una excelente disipaci\u00f3n t\u00e9rmica, garantizando mayor durabilidad y rendimiento. Cuenta con un grado de protecci\u00f3n IP67, vidrio templado y protecci\u00f3n contra impactos IK08, lo que lo hace ideal para entornos industriales y exteriores. Incluye protector de sobretensi\u00f3n de 10kA y est\u00e1 disponible en potencias de 50W a 400W.<\/p>\n","protected":false},"excerpt":{"rendered":"<p>Reflector LED Blindado de alto rendimiento, eficiencia luminosa de hasta 150 lm\/W y protecci\u00f3n IP67. Ideal para aplicaciones industriales y exteriores.<\/p>\n","protected":false},"featured_media":21476,"comment_status":"open","ping_status":"closed","template":"","meta":[],"product_brand":[],"product_cat":[6141],"product_tag":[8846,9165,8975,9166],"aplicacao-produto":[7005,7088,7006,7047,7063,7024,7022,7051],"aplicacoes-do-produto":[6326,6372,6384,6306,6370,6344,6350,6324,6412,6394,6508,6322,6390,6380,6348,6480,6468],"linha-do-produto":[7089],"class_list":{"0":"post-21510","1":"product","2":"type-product","3":"status-publish","4":"has-post-thumbnail","6":"product_cat-proyectores","7":"product_tag-alta-eficiencia-es","8":"product_tag-clr-if-es","9":"product_tag-iluminacao-industrial-es","10":"product_tag-led-robusto-es","11":"aplicacao-produto-cobertizos","12":"aplicacao-produto-ferrocarril","13":"aplicacao-produto-industrias-es","14":"aplicacao-produto-muelles","15":"aplicacao-produto-peajes","16":"aplicacao-produto-plantas-de-energia","17":"aplicacao-produto-plataformas-es","18":"aplicacao-produto-portos-es","19":"aplicacoes-do-produto-almacenes","20":"aplicacoes-do-produto-almacenes-es","21":"aplicacoes-do-produto-auto-industria","22":"aplicacoes-do-produto-estacionamientos","23":"aplicacoes-do-produto-industria-de-fertilizantes-es","24":"aplicacoes-do-produto-industria-farmaceutica-es","25":"aplicacoes-do-produto-industria-metalurgica","26":"aplicacoes-do-produto-industrias-alimentarias","27":"aplicacoes-do-produto-industrias-de-pulpa-y-papel","28":"aplicacoes-do-produto-industrias-mineras","29":"aplicacoes-do-produto-patio-es-6","30":"aplicacoes-do-produto-patios-es","31":"aplicacoes-do-produto-patios-es-2","32":"aplicacoes-do-produto-patios-es-3","33":"aplicacoes-do-produto-patios-es-5","34":"aplicacoes-do-produto-patios-es-4","35":"aplicacoes-do-produto-puertos","36":"linha-do-produto-marau-es","38":"first","39":"instock","40":"shipping-taxable","41":"purchasable","42":"product-type-variable"},"_links":{"self":[{"href":"https:\/\/dev.conexled.com\/es\/wp-json\/wp\/v2\/product\/21510","targetHints":{"allow":["GET"]}}],"collection":[{"href":"https:\/\/dev.conexled.com\/es\/wp-json\/wp\/v2\/product"}],"about":[{"href":"https:\/\/dev.conexled.com\/es\/wp-json\/wp\/v2\/types\/product"}],"replies":[{"embeddable":true,"href":"https:\/\/dev.conexled.com\/es\/wp-json\/wp\/v2\/comments?post=21510"}],"wp:featuredmedia":[{"embeddable":true,"href":"https:\/\/dev.conexled.com\/es\/wp-json\/wp\/v2\/media\/21476"}],"wp:attachment":[{"href":"https:\/\/dev.conexled.com\/es\/wp-json\/wp\/v2\/media?parent=21510"}],"wp:term":[{"taxonomy":"product_brand","embeddable":true,"href":"https:\/\/dev.conexled.com\/es\/wp-json\/wp\/v2\/product_brand?post=21510"},{"taxonomy":"product_cat","embeddable":true,"href":"https:\/\/dev.conexled.com\/es\/wp-json\/wp\/v2\/product_cat?post=21510"},{"taxonomy":"product_tag","embeddable":true,"href":"https:\/\/dev.conexled.com\/es\/wp-json\/wp\/v2\/product_tag?post=21510"},{"taxonomy":"aplicacao-produto","embeddable":true,"href":"https:\/\/dev.conexled.com\/es\/wp-json\/wp\/v2\/aplicacao-produto?post=21510"},{"taxonomy":"aplicacoes-do-produto","embeddable":true,"href":"https:\/\/dev.conexled.com\/es\/wp-json\/wp\/v2\/aplicacoes-do-produto?post=21510"},{"taxonomy":"linha-do-produto","embeddable":true,"href":"https:\/\/dev.conexled.com\/es\/wp-json\/wp\/v2\/linha-do-produto?post=21510"}],"curies":[{"name":"wp","href":"https:\/\/api.w.org\/{rel}","templated":true}]}}