{"id":21330,"date":"2024-01-22T11:38:36","date_gmt":"2024-01-22T14:38:36","guid":{"rendered":"https:\/\/dev.conexled.com\/?post_type=product&#038;p=21330"},"modified":"2025-04-29T11:10:33","modified_gmt":"2025-04-29T14:10:33","slug":"clf-hpf","status":"publish","type":"product","link":"https:\/\/dev.conexled.com\/es\/product\/itagua\/clf-hpf\/","title":{"rendered":"CLF-HP(F)"},"content":{"rendered":"<p>Reflector de alto flujo luminoso ideal para iluminar grandes superficies, sistema \u00f3ptico con haz concentrado y excelente distribuci\u00f3n de la luz, reduciendo el deslumbramiento y aumentar los niveles de iluminaci\u00f3n.<\/p>\n","protected":false},"excerpt":{"rendered":"<p>Reflector de alto flujo luminoso ideal para iluminar grandes superficies, sistema \u00f3ptico con haz concentrado y excelente distribuci\u00f3n de la luz, reduciendo el deslumbramiento y aumentar los niveles de iluminaci\u00f3n.<\/p>\n","protected":false},"featured_media":21364,"comment_status":"open","ping_status":"closed","template":"","meta":[],"product_brand":[],"product_cat":[6141],"product_tag":[],"aplicacao-produto":[7059,7064,7061,7062,7006,7063,7051,7075],"aplicacoes-do-produto":[],"linha-do-produto":[7077],"class_list":{"0":"post-21330","1":"product","2":"type-product","3":"status-publish","4":"has-post-thumbnail","6":"product_cat-proyectores","7":"aplicacao-produto-aeropuertos","8":"aplicacao-produto-canchas-y-estadios","9":"aplicacao-produto-estacionamientos","10":"aplicacao-produto-fachadas-es-2","11":"aplicacao-produto-industrias-es","12":"aplicacao-produto-peajes","13":"aplicacao-produto-portos-es","14":"aplicacao-produto-vias-publicas","15":"linha-do-produto-itagua-es","17":"first","18":"instock","19":"shipping-taxable","20":"purchasable","21":"product-type-variable"},"_links":{"self":[{"href":"https:\/\/dev.conexled.com\/es\/wp-json\/wp\/v2\/product\/21330","targetHints":{"allow":["GET"]}}],"collection":[{"href":"https:\/\/dev.conexled.com\/es\/wp-json\/wp\/v2\/product"}],"about":[{"href":"https:\/\/dev.conexled.com\/es\/wp-json\/wp\/v2\/types\/product"}],"replies":[{"embeddable":true,"href":"https:\/\/dev.conexled.com\/es\/wp-json\/wp\/v2\/comments?post=21330"}],"wp:featuredmedia":[{"embeddable":true,"href":"https:\/\/dev.conexled.com\/es\/wp-json\/wp\/v2\/media\/21364"}],"wp:attachment":[{"href":"https:\/\/dev.conexled.com\/es\/wp-json\/wp\/v2\/media?parent=21330"}],"wp:term":[{"taxonomy":"product_brand","embeddable":true,"href":"https:\/\/dev.conexled.com\/es\/wp-json\/wp\/v2\/product_brand?post=21330"},{"taxonomy":"product_cat","embeddable":true,"href":"https:\/\/dev.conexled.com\/es\/wp-json\/wp\/v2\/product_cat?post=21330"},{"taxonomy":"product_tag","embeddable":true,"href":"https:\/\/dev.conexled.com\/es\/wp-json\/wp\/v2\/product_tag?post=21330"},{"taxonomy":"aplicacao-produto","embeddable":true,"href":"https:\/\/dev.conexled.com\/es\/wp-json\/wp\/v2\/aplicacao-produto?post=21330"},{"taxonomy":"aplicacoes-do-produto","embeddable":true,"href":"https:\/\/dev.conexled.com\/es\/wp-json\/wp\/v2\/aplicacoes-do-produto?post=21330"},{"taxonomy":"linha-do-produto","embeddable":true,"href":"https:\/\/dev.conexled.com\/es\/wp-json\/wp\/v2\/linha-do-produto?post=21330"}],"curies":[{"name":"wp","href":"https:\/\/api.w.org\/{rel}","templated":true}]}}