{"id":19299,"date":"2023-10-03T14:25:27","date_gmt":"2023-10-03T17:25:27","guid":{"rendered":"https:\/\/dev.conexled.com\/product\/cli-hf\/"},"modified":"2025-04-30T13:45:51","modified_gmt":"2025-04-30T16:45:51","slug":"luminaria-led-high-bay-industrial","status":"publish","type":"product","link":"https:\/\/dev.conexled.com\/es\/product\/picinguaba\/luminaria-led-high-bay-industrial\/","title":{"rendered":"CLI-H(F)"},"content":{"rendered":"<p>La Luminaria LED High Bay Industrial CLI-H(F) de la L\u00ednea Picinguaba est\u00e1 dise\u00f1ada para instalaciones colgantes de hasta 15 metros de altura, ofreciendo un ahorro de hasta el 60% en comparaci\u00f3n con las soluciones tradicionales de luminarias LED High Bay. Fabricada con un cuerpo de aleaci\u00f3n de aluminio inyectado y lente de policarbonato, garantiza una alta eficiencia luminosa de hasta 170 lm\/W y una vida \u00fatil estimada de 100.000 horas. Disponible en las versiones de 100W, 150W y 200W, ofrece diferentes opciones de \u00e1ngulo de apertura (60\u00b0, 90\u00b0 y 110\u00b0) para una mejor distribuci\u00f3n de la luz.<\/p>\n","protected":false},"excerpt":{"rendered":"<p>Luminaria LED High Bay Industrial CLI-H(F) \u2013 alta eficiencia luminosa (170 lm\/W), cuerpo de aluminio resistente, opciones de \u00e1ngulo de apertura (60\u00b0, 90\u00b0, 110\u00b0) y vida \u00fatil de hasta 100.000 horas.<\/p>\n","protected":false},"featured_media":19310,"comment_status":"open","ping_status":"closed","template":"","meta":[],"product_brand":[],"product_cat":[6129],"product_tag":[8846,9132,8943,8975,8942,9131,8845],"aplicacao-produto":[7003,7005,7006,7007,7008],"aplicacoes-do-produto":[],"linha-do-produto":[7070],"class_list":{"0":"post-19299","1":"product","2":"type-product","3":"status-publish","4":"has-post-thumbnail","6":"product_cat-galpon-o-high-bay","7":"product_tag-alta-eficiencia-es","8":"product_tag-cli-hf-es","9":"product_tag-ik08-es","10":"product_tag-iluminacao-industrial-es","11":"product_tag-ip66-es","12":"product_tag-luminaria-led-high-bay-es","13":"product_tag-robustez-es","14":"aplicacao-produto-almacenes","15":"aplicacao-produto-cobertizos","16":"aplicacao-produto-industrias-es","17":"aplicacao-produto-lineas-de-montaje","18":"aplicacao-produto-supermercados-es-2","19":"linha-do-produto-picinguaba-es","21":"first","22":"instock","23":"shipping-taxable","24":"purchasable","25":"product-type-variable"},"_links":{"self":[{"href":"https:\/\/dev.conexled.com\/es\/wp-json\/wp\/v2\/product\/19299","targetHints":{"allow":["GET"]}}],"collection":[{"href":"https:\/\/dev.conexled.com\/es\/wp-json\/wp\/v2\/product"}],"about":[{"href":"https:\/\/dev.conexled.com\/es\/wp-json\/wp\/v2\/types\/product"}],"replies":[{"embeddable":true,"href":"https:\/\/dev.conexled.com\/es\/wp-json\/wp\/v2\/comments?post=19299"}],"wp:featuredmedia":[{"embeddable":true,"href":"https:\/\/dev.conexled.com\/es\/wp-json\/wp\/v2\/media\/19310"}],"wp:attachment":[{"href":"https:\/\/dev.conexled.com\/es\/wp-json\/wp\/v2\/media?parent=19299"}],"wp:term":[{"taxonomy":"product_brand","embeddable":true,"href":"https:\/\/dev.conexled.com\/es\/wp-json\/wp\/v2\/product_brand?post=19299"},{"taxonomy":"product_cat","embeddable":true,"href":"https:\/\/dev.conexled.com\/es\/wp-json\/wp\/v2\/product_cat?post=19299"},{"taxonomy":"product_tag","embeddable":true,"href":"https:\/\/dev.conexled.com\/es\/wp-json\/wp\/v2\/product_tag?post=19299"},{"taxonomy":"aplicacao-produto","embeddable":true,"href":"https:\/\/dev.conexled.com\/es\/wp-json\/wp\/v2\/aplicacao-produto?post=19299"},{"taxonomy":"aplicacoes-do-produto","embeddable":true,"href":"https:\/\/dev.conexled.com\/es\/wp-json\/wp\/v2\/aplicacoes-do-produto?post=19299"},{"taxonomy":"linha-do-produto","embeddable":true,"href":"https:\/\/dev.conexled.com\/es\/wp-json\/wp\/v2\/linha-do-produto?post=19299"}],"curies":[{"name":"wp","href":"https:\/\/api.w.org\/{rel}","templated":true}]}}