{"id":15780,"date":"2023-06-29T11:06:55","date_gmt":"2023-06-29T14:06:55","guid":{"rendered":"https:\/\/dev.conexled.com\/product\/clb-hd\/"},"modified":"2025-04-29T11:52:18","modified_gmt":"2025-04-29T14:52:18","slug":"clb-hd","status":"publish","type":"product","link":"https:\/\/dev.conexled.com\/es\/product\/boraceia-en\/clb-hd\/","title":{"rendered":"CLB-H(D)"},"content":{"rendered":"<p>Las luminarias LED Industriales herm\u00e9ticas de la l\u00ednea Borac\u00e9ia ofrecen resistencia, versatilidad y gran desempe\u00f1o para aplicaciones industriales y comerciales, reemplazando con excelencia a las luminarias fluorescentes tradicionales, proporcionando ahorro de energ\u00eda y reduciendo sustancialmente los ciclos de mantenimiento. Instalaci\u00f3n directamente superpuesta a techo o perfilada, apta para su uso en lugares expuestos a gases, polvo, vapores y polvos no inflamables, o zonas que requieran una limpieza continua con agua. Debido al sistema \u00f3ptico avanzado, proporciona una alta uniformidad luminosa y una excelente distribuci\u00f3n de la luz, reduciendo el deslumbramiento y aumentando las tasas de iluminaci\u00f3n.<\/p>\n","protected":false},"excerpt":{"rendered":"<p>Las luminarias LED Industriales herm\u00e9ticas de la l\u00ednea Borac\u00e9ia ofrecen resistencia, versatilidad y gran desempe\u00f1o para aplicaciones industriales y comerciales, reemplazando con excelencia a las luminarias fluorescentes tradicionales, proporcionando ahorro de energ\u00eda y reduciendo sustancialmente los ciclos de mantenimiento.<\/p>\n","protected":false},"featured_media":15770,"comment_status":"open","ping_status":"closed","template":"","meta":[],"product_brand":[],"product_cat":[6135],"product_tag":[],"aplicacao-produto":[7003,7046,7048,7006,7049,7047,7050,7051,7052,7008],"aplicacoes-do-produto":[],"linha-do-produto":[6832],"class_list":{"0":"post-15780","1":"product","2":"type-product","3":"status-publish","4":"has-post-thumbnail","6":"product_cat-industrial-hermetica-es","7":"aplicacao-produto-almacenes","8":"aplicacao-produto-cuartos-frios","9":"aplicacao-produto-hospitais-es","10":"aplicacao-produto-industrias-es","11":"aplicacao-produto-laboratorios-es","12":"aplicacao-produto-muelles","13":"aplicacao-produto-oficinas-es","14":"aplicacao-produto-portos-es","15":"aplicacao-produto-sanitario","16":"aplicacao-produto-supermercados-es-2","17":"linha-do-produto-boraceia-es","19":"first","20":"instock","21":"shipping-taxable","22":"purchasable","23":"product-type-variable"},"_links":{"self":[{"href":"https:\/\/dev.conexled.com\/es\/wp-json\/wp\/v2\/product\/15780","targetHints":{"allow":["GET"]}}],"collection":[{"href":"https:\/\/dev.conexled.com\/es\/wp-json\/wp\/v2\/product"}],"about":[{"href":"https:\/\/dev.conexled.com\/es\/wp-json\/wp\/v2\/types\/product"}],"replies":[{"embeddable":true,"href":"https:\/\/dev.conexled.com\/es\/wp-json\/wp\/v2\/comments?post=15780"}],"wp:featuredmedia":[{"embeddable":true,"href":"https:\/\/dev.conexled.com\/es\/wp-json\/wp\/v2\/media\/15770"}],"wp:attachment":[{"href":"https:\/\/dev.conexled.com\/es\/wp-json\/wp\/v2\/media?parent=15780"}],"wp:term":[{"taxonomy":"product_brand","embeddable":true,"href":"https:\/\/dev.conexled.com\/es\/wp-json\/wp\/v2\/product_brand?post=15780"},{"taxonomy":"product_cat","embeddable":true,"href":"https:\/\/dev.conexled.com\/es\/wp-json\/wp\/v2\/product_cat?post=15780"},{"taxonomy":"product_tag","embeddable":true,"href":"https:\/\/dev.conexled.com\/es\/wp-json\/wp\/v2\/product_tag?post=15780"},{"taxonomy":"aplicacao-produto","embeddable":true,"href":"https:\/\/dev.conexled.com\/es\/wp-json\/wp\/v2\/aplicacao-produto?post=15780"},{"taxonomy":"aplicacoes-do-produto","embeddable":true,"href":"https:\/\/dev.conexled.com\/es\/wp-json\/wp\/v2\/aplicacoes-do-produto?post=15780"},{"taxonomy":"linha-do-produto","embeddable":true,"href":"https:\/\/dev.conexled.com\/es\/wp-json\/wp\/v2\/linha-do-produto?post=15780"}],"curies":[{"name":"wp","href":"https:\/\/api.w.org\/{rel}","templated":true}]}}