{"id":14379,"date":"2023-05-24T10:13:35","date_gmt":"2023-05-24T13:13:35","guid":{"rendered":"https:\/\/dev.conexled.com\/product\/clk-ce\/"},"modified":"2024-10-07T10:43:21","modified_gmt":"2024-10-07T13:43:21","slug":"clk-ce","status":"publish","type":"product","link":"https:\/\/dev.conexled.com\/es\/product\/juruvauva\/clk-ce\/","title":{"rendered":"CLK (CE)"},"content":{"rendered":"<p>La L\u00ednea Juruva\u00fava Conexled de iluminaci\u00f3n de emergencia con sistema centralizado brinda seguridad, robustez y excelente desempe\u00f1o para aplicaciones en \u00e1reas comerciales e industriales, interiores y exteriores, y tambi\u00e9n para \u00e1reas con temperaturas inferiores a 0\u00b0C. Carcasa desarrollada en ABS con aditivo antiflama y lente en policarbonato, el sistema centralizado est\u00e1 compuesto por una unidad de iluminaci\u00f3n con bater\u00eda de plomo-\u00e1cido regulada por una v\u00e1lvula de asiento, interconectada con un cable de silicona a la iluminaci\u00f3n de emergencia centralizada, que tiene la funci\u00f3n de despejar o despejar. El centro de iluminaci\u00f3n cuenta con un cargador inteligente CC\/CV, donde la bater\u00eda se carga inicialmente con corriente constante y luego de comenzar a flotar, pasa a trabajar con voltaje constante, brindando una mayor vida \u00fatil a la bater\u00eda.<\/p>\n","protected":false},"excerpt":{"rendered":"<p>La L\u00ednea Juruva\u00fava Conexled de iluminaci\u00f3n de emergencia con sistema centralizado brinda seguridad, robustez y excelente desempe\u00f1o para aplicaciones en \u00e1reas comerciales e industriales, interiores y exteriores, y tambi\u00e9n para \u00e1reas con temperaturas inferiores a 0\u00b0C.<\/p>\n","protected":false},"featured_media":14359,"comment_status":"open","ping_status":"closed","template":"","meta":[],"product_brand":[],"product_cat":[6137],"product_tag":[],"aplicacao-produto":[7003,7005,7004,7046,7006,7049,7007,7008],"aplicacoes-do-produto":[],"linha-do-produto":[7009],"class_list":{"0":"post-14379","1":"product","2":"type-product","3":"status-publish","4":"has-post-thumbnail","6":"product_cat-modulo-de-emergencia-es","7":"aplicacao-produto-almacenes","8":"aplicacao-produto-cobertizos","9":"aplicacao-produto-concessionarias-es","10":"aplicacao-produto-cuartos-frios","11":"aplicacao-produto-industrias-es","12":"aplicacao-produto-laboratorios-es","13":"aplicacao-produto-lineas-de-montaje","14":"aplicacao-produto-supermercados-es-2","15":"linha-do-produto-juruvauva-es","17":"first","18":"instock","19":"shipping-taxable","20":"purchasable","21":"product-type-variable"},"_links":{"self":[{"href":"https:\/\/dev.conexled.com\/es\/wp-json\/wp\/v2\/product\/14379","targetHints":{"allow":["GET"]}}],"collection":[{"href":"https:\/\/dev.conexled.com\/es\/wp-json\/wp\/v2\/product"}],"about":[{"href":"https:\/\/dev.conexled.com\/es\/wp-json\/wp\/v2\/types\/product"}],"replies":[{"embeddable":true,"href":"https:\/\/dev.conexled.com\/es\/wp-json\/wp\/v2\/comments?post=14379"}],"wp:featuredmedia":[{"embeddable":true,"href":"https:\/\/dev.conexled.com\/es\/wp-json\/wp\/v2\/media\/14359"}],"wp:attachment":[{"href":"https:\/\/dev.conexled.com\/es\/wp-json\/wp\/v2\/media?parent=14379"}],"wp:term":[{"taxonomy":"product_brand","embeddable":true,"href":"https:\/\/dev.conexled.com\/es\/wp-json\/wp\/v2\/product_brand?post=14379"},{"taxonomy":"product_cat","embeddable":true,"href":"https:\/\/dev.conexled.com\/es\/wp-json\/wp\/v2\/product_cat?post=14379"},{"taxonomy":"product_tag","embeddable":true,"href":"https:\/\/dev.conexled.com\/es\/wp-json\/wp\/v2\/product_tag?post=14379"},{"taxonomy":"aplicacao-produto","embeddable":true,"href":"https:\/\/dev.conexled.com\/es\/wp-json\/wp\/v2\/aplicacao-produto?post=14379"},{"taxonomy":"aplicacoes-do-produto","embeddable":true,"href":"https:\/\/dev.conexled.com\/es\/wp-json\/wp\/v2\/aplicacoes-do-produto?post=14379"},{"taxonomy":"linha-do-produto","embeddable":true,"href":"https:\/\/dev.conexled.com\/es\/wp-json\/wp\/v2\/linha-do-produto?post=14379"}],"curies":[{"name":"wp","href":"https:\/\/api.w.org\/{rel}","templated":true}]}}