{"id":12988,"date":"2023-05-08T14:32:46","date_gmt":"2023-05-08T17:32:46","guid":{"rendered":"https:\/\/dev.conexled.com\/product\/cll-hp\/"},"modified":"2025-04-29T14:20:20","modified_gmt":"2025-04-29T17:20:20","slug":"cll-hp","status":"publish","type":"product","link":"https:\/\/dev.conexled.com\/es\/product\/icapara-es\/cll-hp\/","title":{"rendered":"CLL-H(P)"},"content":{"rendered":"<p>La <strong>Luminaria LED Lineal CLL-H(P)<\/strong> de la l\u00ednea <strong>Icapara<\/strong> ha sido dise\u00f1ada para satisfacer las demandas de iluminaci\u00f3n industrial, ofreciendo una soluci\u00f3n eficiente y duradera para una amplia gama de aplicaciones. Fabricada con <strong>tecnolog\u00eda LED de \u00faltima generaci\u00f3n<\/strong>, esta luminaria proporciona una alta uniformidad luminosa y excelente reproducci\u00f3n de colores, siendo ideal para entornos interiores que requieren una iluminaci\u00f3n de calidad, como <strong>almacenes, l\u00edneas de montaje, cobertizos, supermercados e industrias<\/strong>.<\/p>\n<p>Con potencias que var\u00edan de <strong>24W a 120W<\/strong>, la <strong>CLL-H(P)<\/strong> es vers\u00e1til, adapt\u00e1ndose a diferentes necesidades de iluminaci\u00f3n. Su <strong>lente con 95% de eficiencia<\/strong> maximiza el aprovechamiento de la luz, mientras que su <strong>cuerpo de aluminio extruido<\/strong> asegura ligereza y resistencia. Adem\u00e1s, la luminaria cuenta con <strong>protecci\u00f3n el\u00e9ctrica y electr\u00f3nica<\/strong> contra cortocircuito, sobretensi\u00f3n y sobrecorriente, asegurando mayor seguridad en las instalaciones.<\/p>\n<p>Dise\u00f1ada para una instalaci\u00f3n sencilla, la <strong>CLL-H(P)<\/strong> puede montarse como luminaria de sobreponer o colgante, adapt\u00e1ndose a las especificidades de diferentes proyectos luminot\u00e9cnicos. Con una <strong>vida \u00fatil de hasta 100.000 horas<\/strong> y una <strong>eficiencia luminosa de hasta 163 lm\/W<\/strong>, esta luminaria destaca por su larga durabilidad y bajo consumo de energ\u00eda, contribuyendo a la reducci\u00f3n de costos operativos.<\/p>\n","protected":false},"excerpt":{"rendered":"<p>La <strong>Luminaria LED Lineal CLL-H(P)<\/strong> de la l\u00ednea Icapara ofrece alta eficiencia luminosa, durabilidad y f\u00e1cil instalaci\u00f3n para entornos industriales internos como almacenes y l\u00edneas de montaje. Con tecnolog\u00eda LED de \u00faltima generaci\u00f3n, garantiza ahorro de energ\u00eda y una vida \u00fatil de hasta 100.000 horas.<\/p>\n","protected":false},"featured_media":12968,"comment_status":"open","ping_status":"closed","template":"","meta":[],"product_brand":[],"product_cat":[6129],"product_tag":[],"aplicacao-produto":[7003,7005,7006,7007,7008],"aplicacoes-do-produto":[6438,6384,6442,6444,6422,6412,6436,6426,6392,6450],"linha-do-produto":[8108],"class_list":{"0":"post-12988","1":"product","2":"type-product","3":"status-publish","4":"has-post-thumbnail","6":"product_cat-galpon-o-high-bay","7":"aplicacao-produto-almacenes","8":"aplicacao-produto-cobertizos","9":"aplicacao-produto-industrias-es","10":"aplicacao-produto-lineas-de-montaje","11":"aplicacao-produto-supermercados-es-2","12":"aplicacoes-do-produto-aeropuertos","13":"aplicacoes-do-produto-auto-industria","14":"aplicacoes-do-produto-centros-de-distribucion","15":"aplicacoes-do-produto-estaciones-de-tren","16":"aplicacoes-do-produto-expedicion-2","17":"aplicacoes-do-produto-industrias-de-pulpa-y-papel","18":"aplicacoes-do-produto-logistica-es","19":"aplicacoes-do-produto-maquinaria","20":"aplicacoes-do-produto-procesando-5","21":"aplicacoes-do-produto-trenes","22":"linha-do-produto-icapara-es","24":"first","25":"instock","26":"shipping-taxable","27":"purchasable","28":"product-type-variable"},"_links":{"self":[{"href":"https:\/\/dev.conexled.com\/es\/wp-json\/wp\/v2\/product\/12988","targetHints":{"allow":["GET"]}}],"collection":[{"href":"https:\/\/dev.conexled.com\/es\/wp-json\/wp\/v2\/product"}],"about":[{"href":"https:\/\/dev.conexled.com\/es\/wp-json\/wp\/v2\/types\/product"}],"replies":[{"embeddable":true,"href":"https:\/\/dev.conexled.com\/es\/wp-json\/wp\/v2\/comments?post=12988"}],"wp:featuredmedia":[{"embeddable":true,"href":"https:\/\/dev.conexled.com\/es\/wp-json\/wp\/v2\/media\/12968"}],"wp:attachment":[{"href":"https:\/\/dev.conexled.com\/es\/wp-json\/wp\/v2\/media?parent=12988"}],"wp:term":[{"taxonomy":"product_brand","embeddable":true,"href":"https:\/\/dev.conexled.com\/es\/wp-json\/wp\/v2\/product_brand?post=12988"},{"taxonomy":"product_cat","embeddable":true,"href":"https:\/\/dev.conexled.com\/es\/wp-json\/wp\/v2\/product_cat?post=12988"},{"taxonomy":"product_tag","embeddable":true,"href":"https:\/\/dev.conexled.com\/es\/wp-json\/wp\/v2\/product_tag?post=12988"},{"taxonomy":"aplicacao-produto","embeddable":true,"href":"https:\/\/dev.conexled.com\/es\/wp-json\/wp\/v2\/aplicacao-produto?post=12988"},{"taxonomy":"aplicacoes-do-produto","embeddable":true,"href":"https:\/\/dev.conexled.com\/es\/wp-json\/wp\/v2\/aplicacoes-do-produto?post=12988"},{"taxonomy":"linha-do-produto","embeddable":true,"href":"https:\/\/dev.conexled.com\/es\/wp-json\/wp\/v2\/linha-do-produto?post=12988"}],"curies":[{"name":"wp","href":"https:\/\/api.w.org\/{rel}","templated":true}]}}