{"id":12619,"date":"2023-05-05T11:53:00","date_gmt":"2023-05-05T14:53:00","guid":{"rendered":"https:\/\/dev.conexled.com\/product\/clg-ed\/"},"modified":"2025-04-29T14:25:47","modified_gmt":"2025-04-29T17:25:47","slug":"clg-ef","status":"publish","type":"product","link":"https:\/\/dev.conexled.com\/es\/product\/guaeca-es\/clg-ef\/","title":{"rendered":"CLG-E(F)"},"content":{"rendered":"<p>El Reflector LED Blindado con M\u00f3dulo de Emergencia de la L\u00ednea Guaec\u00e1 CLG-E(F) est\u00e1 dise\u00f1ado para proporcionar una iluminaci\u00f3n confiable y de larga duraci\u00f3n en condiciones extremas, integrando un sistema de emergencia que garantiza el funcionamiento continuo durante cortes de energ\u00eda. Este reflector es ideal para instalaciones industriales, \u00e1reas de riesgo y cualquier entorno que requiera iluminaci\u00f3n robusta con capacidad de respuesta inmediata a interrupciones el\u00e9ctricas.<\/p>\n<p>Equipado con LEDs de alta eficiencia, este reflector ofrece una excelente dispersi\u00f3n de luz con opciones de \u00e1ngulo de haz de 90\u00b0 y 60\u00b0, adapt\u00e1ndose a diversas necesidades de iluminaci\u00f3n. Su construcci\u00f3n robusta con cuerpo de aluminio fundido y vidrio templado asegura alta resistencia mec\u00e1nica y protecci\u00f3n contra impactos (IK08), as\u00ed como una completa protecci\u00f3n contra polvo y humedad (IP67).<\/p>\n<p>El m\u00f3dulo de emergencia integrado soporta la iluminaci\u00f3n por hasta 90 minutos en caso de falla de energ\u00eda, con una eficiencia luminosa de hasta 150 lm\/W, asegurando que \u00e1reas cr\u00edticas permanezcan iluminadas durante emergencias. Esta caracter\u00edstica hace del reflector una opci\u00f3n excepcional para aplicaciones que no solo exigen rendimiento y durabilidad, sino tambi\u00e9n una soluci\u00f3n de seguridad integrada.<\/p>\n","protected":false},"excerpt":{"rendered":"<p>Funcionamiento con alimentaci\u00f3n de red convencional y funcionamiento a trav\u00e9s del m\u00f3dulo de emergencia mediante bater\u00edas en caso de corte de energ\u00eda.<\/p>\n","protected":false},"featured_media":9311,"comment_status":"open","ping_status":"closed","template":"","meta":[],"product_brand":[],"product_cat":[6137],"product_tag":[8944,9213,8943,8975,9117,9028,9214,8978],"aplicacao-produto":[7059,7005,7088,7006,7047,7063,7024,7021,7022,7051],"aplicacoes-do-produto":[6530,7025,6372,7026,7027,6516,6476,6414,6396,6470,6446,6472,6300,6370,6350,6412,6394,6436,6360,6404,6432,7076,6364,6380,6480,6514,6520,6428,6376,6468,6366,6368,6488,6506,6526,6510,6494,6312,6484,6410],"linha-do-produto":[7109],"class_list":{"0":"post-12619","1":"product","2":"type-product","3":"status-publish","4":"has-post-thumbnail","6":"product_cat-modulo-de-emergencia-es","7":"product_tag-aluminio-fundido-es","8":"product_tag-guaeca-es","9":"product_tag-ik08-es","10":"product_tag-iluminacao-industrial-es","11":"product_tag-ip67-es","12":"product_tag-modulo-de-emergencia-es","13":"product_tag-robusto-es","14":"product_tag-vidro-temperado-es","15":"aplicacao-produto-aeropuertos","16":"aplicacao-produto-cobertizos","17":"aplicacao-produto-ferrocarril","18":"aplicacao-produto-industrias-es","19":"aplicacao-produto-muelles","20":"aplicacao-produto-peajes","21":"aplicacao-produto-plantas-de-energia","22":"aplicacao-produto-plantas-hidroelectricas","23":"aplicacao-produto-plataformas-es","24":"aplicacao-produto-portos-es","25":"aplicacoes-do-produto-agroindustria-es","26":"aplicacoes-do-produto-almacenamiento-de-aceite-refinado-melaza-goma-agroindustria-es","27":"aplicacoes-do-produto-almacenes-es","28":"aplicacoes-do-produto-biomassa-es","29":"aplicacoes-do-produto-caldeira-es","30":"aplicacoes-do-produto-caldera-2","31":"aplicacoes-do-produto-cobertizos","32":"aplicacoes-do-produto-embalaje-2","33":"aplicacoes-do-produto-escalera-electrica-2","34":"aplicacoes-do-produto-ferrocarril","35":"aplicacoes-do-produto-ferrocarril-2","36":"aplicacoes-do-produto-galerias-es","37":"aplicacoes-do-produto-iluminacion-publica","38":"aplicacoes-do-produto-industria-de-fertilizantes-es","39":"aplicacoes-do-produto-industria-metalurgica","40":"aplicacoes-do-produto-industrias-de-pulpa-y-papel","41":"aplicacoes-do-produto-industrias-mineras","42":"aplicacoes-do-produto-logistica-es","43":"aplicacoes-do-produto-patio-es-3","44":"aplicacoes-do-produto-patio-2-es","45":"aplicacoes-do-produto-patio-es","46":"aplicacoes-do-produto-patio-agroindustria-2-es","47":"aplicacoes-do-produto-patio-de-sinterizacion","48":"aplicacoes-do-produto-patios-es-3","49":"aplicacoes-do-produto-patios-es-4","50":"aplicacoes-do-produto-usinas-es","51":"aplicacoes-do-produto-procesamiento-4-es","52":"aplicacoes-do-produto-procesando-2","53":"aplicacoes-do-produto-procesando-6","54":"aplicacoes-do-produto-puertos","55":"aplicacoes-do-produto-reduccion","56":"aplicacoes-do-produto-refinacion","57":"aplicacoes-do-produto-refinerias","58":"aplicacoes-do-produto-saneamiento","59":"aplicacoes-do-produto-tanques-de-almacenaje","60":"aplicacoes-do-produto-tratamientos-de-agua-2","61":"aplicacoes-do-produto-tratamientos-de-agua","62":"aplicacoes-do-produto-tuneles-es","63":"aplicacoes-do-produto-tuneles-2","64":"aplicacoes-do-produto-volcadores-de-coches","65":"linha-do-produto-guaeca-es","67":"first","68":"instock","69":"shipping-taxable","70":"purchasable","71":"product-type-variable"},"_links":{"self":[{"href":"https:\/\/dev.conexled.com\/es\/wp-json\/wp\/v2\/product\/12619","targetHints":{"allow":["GET"]}}],"collection":[{"href":"https:\/\/dev.conexled.com\/es\/wp-json\/wp\/v2\/product"}],"about":[{"href":"https:\/\/dev.conexled.com\/es\/wp-json\/wp\/v2\/types\/product"}],"replies":[{"embeddable":true,"href":"https:\/\/dev.conexled.com\/es\/wp-json\/wp\/v2\/comments?post=12619"}],"wp:featuredmedia":[{"embeddable":true,"href":"https:\/\/dev.conexled.com\/es\/wp-json\/wp\/v2\/media\/9311"}],"wp:attachment":[{"href":"https:\/\/dev.conexled.com\/es\/wp-json\/wp\/v2\/media?parent=12619"}],"wp:term":[{"taxonomy":"product_brand","embeddable":true,"href":"https:\/\/dev.conexled.com\/es\/wp-json\/wp\/v2\/product_brand?post=12619"},{"taxonomy":"product_cat","embeddable":true,"href":"https:\/\/dev.conexled.com\/es\/wp-json\/wp\/v2\/product_cat?post=12619"},{"taxonomy":"product_tag","embeddable":true,"href":"https:\/\/dev.conexled.com\/es\/wp-json\/wp\/v2\/product_tag?post=12619"},{"taxonomy":"aplicacao-produto","embeddable":true,"href":"https:\/\/dev.conexled.com\/es\/wp-json\/wp\/v2\/aplicacao-produto?post=12619"},{"taxonomy":"aplicacoes-do-produto","embeddable":true,"href":"https:\/\/dev.conexled.com\/es\/wp-json\/wp\/v2\/aplicacoes-do-produto?post=12619"},{"taxonomy":"linha-do-produto","embeddable":true,"href":"https:\/\/dev.conexled.com\/es\/wp-json\/wp\/v2\/linha-do-produto?post=12619"}],"curies":[{"name":"wp","href":"https:\/\/api.w.org\/{rel}","templated":true}]}}