{"id":12219,"date":"2023-04-19T11:23:39","date_gmt":"2023-04-19T14:23:39","guid":{"rendered":"https:\/\/dev.conexled.com\/product\/clf-mpc\/"},"modified":"2025-04-30T12:00:49","modified_gmt":"2025-04-30T15:00:49","slug":"clf-mpc","status":"publish","type":"product","link":"https:\/\/dev.conexled.com\/es\/product\/indaia-es\/clf-mpf\/","title":{"rendered":"CLF-MP(F)"},"content":{"rendered":"<p>El Reflector Modular de la L\u00ednea Indai\u00e1, modelo CLF-MP(F), es una soluci\u00f3n de iluminaci\u00f3n innovadora dise\u00f1ada para proporcionar un rendimiento superior en una amplia gama de aplicaciones industriales y comerciales. Destacado por su sistema modular, este reflector facilita el mantenimiento y permite ajustes personalizados para satisfacer las necesidades espec\u00edficas de diferentes espacios.<\/p>\n<p>Con una estructura que integra LEDs de alta eficacia y lentes especializadas, este reflector ofrece una uniformidad luminosa excepcional y una distribuci\u00f3n de luz superior, ideal para iluminar lugares como aeropuertos, fachadas, condominios, peajes, estacionamientos, canchas, estadios y \u00e1reas industriales. La modularidad del dise\u00f1o permite una f\u00e1cil adaptaci\u00f3n de la intensidad luminosa, variando desde 50W hasta 400W, con una eficiencia luminosa de hasta 170 lm\/w.<\/p>\n<p>Este reflector est\u00e1 equipado con protecci\u00f3n contra sobretensiones de hasta 10kA y tiene un grado de protecci\u00f3n IP67, asegurando robustez y fiabilidad en condiciones ambientales desafiantes. La tecnolog\u00eda LED empleada garantiza tambi\u00e9n una larga vida \u00fatil, estimada en hasta 100,000 horas (L70 B50), minimizando la necesidad de mantenimiento frecuente.<\/p>\n<p>La funcionalidad dimerizable 0-10V ofrece un control adicional sobre la iluminaci\u00f3n, permitiendo no solo un ahorro de energ\u00eda sino tambi\u00e9n una adaptabilidad en situaciones donde se requieren diferentes niveles de luz, haciendo de este una opci\u00f3n vers\u00e1til para proyectos que requieren configuraciones de iluminaci\u00f3n personalizadas.<\/p>\n<p>A pesar de su robustez, este reflector no se recomienda para \u00e1reas extremadamente agresivas o salinas para evitar da\u00f1os y asegurar el m\u00e1ximo rendimiento donde sus caracter\u00edsticas pueden ser mejor aprovechadas.<\/p>\n","protected":false},"excerpt":{"rendered":"<p>Explora el Reflector LED Modular de la L\u00ednea Indai\u00e1 CLF-MP(F), ideal para una amplia gama de aplicaciones industriales y comerciales, ofreciendo modularidad, alta eficiencia y durabilidad excepcional.<\/p>\n","protected":false},"featured_media":9284,"comment_status":"open","ping_status":"closed","template":"","meta":[],"product_brand":[],"product_cat":[6141],"product_tag":[9124,8732],"aplicacao-produto":[7059,7064,7060,7061,7062,7006,7063],"aplicacoes-do-produto":[6476,6470,6446,6472,6300,6436,6310,6468,6484],"linha-do-produto":[7065],"class_list":{"0":"post-12219","1":"product","2":"type-product","3":"status-publish","4":"has-post-thumbnail","6":"product_cat-proyectores","7":"product_tag-clf-mpf-es","8":"product_tag-eficiencia-energetica-es","9":"aplicacao-produto-aeropuertos","10":"aplicacao-produto-canchas-y-estadios","11":"aplicacao-produto-condominios-es-2","12":"aplicacao-produto-estacionamientos","13":"aplicacao-produto-fachadas-es-2","14":"aplicacao-produto-industrias-es","15":"aplicacao-produto-peajes","16":"aplicacoes-do-produto-cobertizos","17":"aplicacoes-do-produto-ferrocarril","18":"aplicacoes-do-produto-ferrocarril-2","19":"aplicacoes-do-produto-galerias-es","20":"aplicacoes-do-produto-iluminacion-publica","21":"aplicacoes-do-produto-logistica-es","22":"aplicacoes-do-produto-plazas-de-peaje","23":"aplicacoes-do-produto-puertos","24":"aplicacoes-do-produto-tuneles-2","25":"linha-do-produto-indaia-es","27":"first","28":"instock","29":"shipping-taxable","30":"purchasable","31":"product-type-variable"},"_links":{"self":[{"href":"https:\/\/dev.conexled.com\/es\/wp-json\/wp\/v2\/product\/12219","targetHints":{"allow":["GET"]}}],"collection":[{"href":"https:\/\/dev.conexled.com\/es\/wp-json\/wp\/v2\/product"}],"about":[{"href":"https:\/\/dev.conexled.com\/es\/wp-json\/wp\/v2\/types\/product"}],"replies":[{"embeddable":true,"href":"https:\/\/dev.conexled.com\/es\/wp-json\/wp\/v2\/comments?post=12219"}],"wp:featuredmedia":[{"embeddable":true,"href":"https:\/\/dev.conexled.com\/es\/wp-json\/wp\/v2\/media\/9284"}],"wp:attachment":[{"href":"https:\/\/dev.conexled.com\/es\/wp-json\/wp\/v2\/media?parent=12219"}],"wp:term":[{"taxonomy":"product_brand","embeddable":true,"href":"https:\/\/dev.conexled.com\/es\/wp-json\/wp\/v2\/product_brand?post=12219"},{"taxonomy":"product_cat","embeddable":true,"href":"https:\/\/dev.conexled.com\/es\/wp-json\/wp\/v2\/product_cat?post=12219"},{"taxonomy":"product_tag","embeddable":true,"href":"https:\/\/dev.conexled.com\/es\/wp-json\/wp\/v2\/product_tag?post=12219"},{"taxonomy":"aplicacao-produto","embeddable":true,"href":"https:\/\/dev.conexled.com\/es\/wp-json\/wp\/v2\/aplicacao-produto?post=12219"},{"taxonomy":"aplicacoes-do-produto","embeddable":true,"href":"https:\/\/dev.conexled.com\/es\/wp-json\/wp\/v2\/aplicacoes-do-produto?post=12219"},{"taxonomy":"linha-do-produto","embeddable":true,"href":"https:\/\/dev.conexled.com\/es\/wp-json\/wp\/v2\/linha-do-produto?post=12219"}],"curies":[{"name":"wp","href":"https:\/\/api.w.org\/{rel}","templated":true}]}}