{"id":11999,"date":"2023-04-26T14:50:27","date_gmt":"2023-04-26T17:50:27","guid":{"rendered":"https:\/\/dev.conexled.com\/product\/clg-hpd\/"},"modified":"2025-04-29T14:56:18","modified_gmt":"2025-04-29T17:56:18","slug":"clg-hpf","status":"publish","type":"product","link":"https:\/\/dev.conexled.com\/es\/product\/guaiuba-es\/clg-hpf\/","title":{"rendered":"CLG-HP(F)"},"content":{"rendered":"<p>El Reflector LED Blindado de la L\u00ednea Guai\u00faba, modelo CLG-HP(F), est\u00e1 dise\u00f1ado especialmente para aplicaciones en torres de iluminaci\u00f3n en \u00e1reas industriales, puertos, centrales el\u00e9ctricas, costaneras y campos deportivos. Este reflector est\u00e1 dise\u00f1ado para ofrecer resistencia, versatilidad y un rendimiento excepcional, siendo ideal para lugares que requieren robustez y alta calidad de iluminaci\u00f3n.<\/p>\n<p>Equipado con un protector de sobretensiones de 10kA y la capacidad de regulaci\u00f3n de intensidad luminosa opcional, el CLG-HP(F) asegura no solo eficiencia, sino tambi\u00e9n flexibilidad en diversas situaciones de uso. Disponible en potencias de 500W, 600W y 800W, ofrece un flujo luminoso impresionante, maximizando la cobertura y la calidad de la luz.<\/p>\n<p>La estructura del reflector est\u00e1 fabricada en aluminio inyectado con cierre de vidrio templado, lo que proporciona una alta resistencia mec\u00e1nica y durabilidad incluso en condiciones extremas. La regulaci\u00f3n del \u00e1ngulo con sistema de seguridad permite ajustes precisos, facilitando la instalaci\u00f3n y el mantenimiento.<\/p>\n<p>Este reflector es ideal para uso tanto en ambientes internos como externos, incluyendo \u00e1reas agresivas e industriales debido a su alto grado de protecci\u00f3n IP67 y resistencia al impacto IK08. La tecnolog\u00eda LED utilizada garantiza una vida \u00fatil estimada de 100,000 horas, con un factor de depreciaci\u00f3n luminosa de hasta el 10% para 60,000 horas a una temperatura ambiente de 65\u00baC.<\/p>\n<p>&nbsp;<\/p>\n<p>&nbsp;<\/p>\n","protected":false},"excerpt":{"rendered":"<p>Resistencia, versatilidad y excelente desempe\u00f1o para aplicaciones de torres en \u00e1reas de patios industriales, puertos, centrales el\u00e9ctricas, costaneras y campos deportivos.<\/p>\n","protected":false},"featured_media":11908,"comment_status":"open","ping_status":"closed","template":"","meta":[],"product_brand":[],"product_cat":[6141],"product_tag":[9195],"aplicacao-produto":[7059,7064,7005,7208,7088,7006,7047,7116,7063,7024,7021,7022,7051],"aplicacoes-do-produto":[6530,6408,6440,6434,7177,6362,6290,6384,6288,6286,6300,6370,6316,6350,6412,6394,6436,6508,6404,6360,6432,7076,6480,6390,6322,6380,6452,6310,6468,6506,6406],"linha-do-produto":[7118],"class_list":{"0":"post-11999","1":"product","2":"type-product","3":"status-publish","4":"has-post-thumbnail","6":"product_cat-proyectores","7":"product_tag-clg-hpf-es","8":"aplicacao-produto-aeropuertos","9":"aplicacao-produto-canchas-y-estadios","10":"aplicacao-produto-cobertizos","11":"aplicacao-produto-construccion","12":"aplicacao-produto-ferrocarril","13":"aplicacao-produto-industrias-es","14":"aplicacao-produto-muelles","15":"aplicacao-produto-patios-es","16":"aplicacao-produto-peajes","17":"aplicacao-produto-plantas-de-energia","18":"aplicacao-produto-plantas-hidroelectricas","19":"aplicacao-produto-plataformas-es","20":"aplicacao-produto-portos-es","21":"aplicacoes-do-produto-agroindustria-es","22":"aplicacoes-do-produto-altura-muy-alta","23":"aplicacoes-do-produto-altura-muy-alta-6","24":"aplicacoes-do-produto-altura-muy-alta-es","25":"aplicacoes-do-produto-altura-muy-alta-es-2","26":"aplicacoes-do-produto-altura-muy-alta-3","27":"aplicacoes-do-produto-altura-muy-alta-5","28":"aplicacoes-do-produto-auto-industria","29":"aplicacoes-do-produto-campos-y-corte","30":"aplicacoes-do-produto-iluminacion-comercial","31":"aplicacoes-do-produto-iluminacion-publica","32":"aplicacoes-do-produto-industria-de-fertilizantes-es","33":"aplicacoes-do-produto-industria-manufacturera-es","34":"aplicacoes-do-produto-industria-metalurgica","35":"aplicacoes-do-produto-industrias-de-pulpa-y-papel","36":"aplicacoes-do-produto-industrias-mineras","37":"aplicacoes-do-produto-logistica-es","38":"aplicacoes-do-produto-patio-es-6","39":"aplicacoes-do-produto-patio-2-es","40":"aplicacoes-do-produto-patio-es-3","41":"aplicacoes-do-produto-patio-es","42":"aplicacoes-do-produto-patio-agroindustria-2-es","43":"aplicacoes-do-produto-patios-es-4","44":"aplicacoes-do-produto-patios-es-2","45":"aplicacoes-do-produto-patios-es","46":"aplicacoes-do-produto-patios-es-3","47":"aplicacoes-do-produto-plataformas-marinas","48":"aplicacoes-do-produto-plazas-de-peaje","49":"aplicacoes-do-produto-puertos","50":"aplicacoes-do-produto-saneamiento","51":"aplicacoes-do-produto-torres-de-iluminacion","52":"linha-do-produto-guaiuba-es","54":"first","55":"instock","56":"shipping-taxable","57":"purchasable","58":"product-type-variable"},"_links":{"self":[{"href":"https:\/\/dev.conexled.com\/es\/wp-json\/wp\/v2\/product\/11999","targetHints":{"allow":["GET"]}}],"collection":[{"href":"https:\/\/dev.conexled.com\/es\/wp-json\/wp\/v2\/product"}],"about":[{"href":"https:\/\/dev.conexled.com\/es\/wp-json\/wp\/v2\/types\/product"}],"replies":[{"embeddable":true,"href":"https:\/\/dev.conexled.com\/es\/wp-json\/wp\/v2\/comments?post=11999"}],"wp:featuredmedia":[{"embeddable":true,"href":"https:\/\/dev.conexled.com\/es\/wp-json\/wp\/v2\/media\/11908"}],"wp:attachment":[{"href":"https:\/\/dev.conexled.com\/es\/wp-json\/wp\/v2\/media?parent=11999"}],"wp:term":[{"taxonomy":"product_brand","embeddable":true,"href":"https:\/\/dev.conexled.com\/es\/wp-json\/wp\/v2\/product_brand?post=11999"},{"taxonomy":"product_cat","embeddable":true,"href":"https:\/\/dev.conexled.com\/es\/wp-json\/wp\/v2\/product_cat?post=11999"},{"taxonomy":"product_tag","embeddable":true,"href":"https:\/\/dev.conexled.com\/es\/wp-json\/wp\/v2\/product_tag?post=11999"},{"taxonomy":"aplicacao-produto","embeddable":true,"href":"https:\/\/dev.conexled.com\/es\/wp-json\/wp\/v2\/aplicacao-produto?post=11999"},{"taxonomy":"aplicacoes-do-produto","embeddable":true,"href":"https:\/\/dev.conexled.com\/es\/wp-json\/wp\/v2\/aplicacoes-do-produto?post=11999"},{"taxonomy":"linha-do-produto","embeddable":true,"href":"https:\/\/dev.conexled.com\/es\/wp-json\/wp\/v2\/linha-do-produto?post=11999"}],"curies":[{"name":"wp","href":"https:\/\/api.w.org\/{rel}","templated":true}]}}