{"id":11321,"date":"2023-04-20T09:16:49","date_gmt":"2023-04-20T12:16:49","guid":{"rendered":"https:\/\/dev.conexled.com\/product\/clb-ex1e\/"},"modified":"2025-04-29T15:25:11","modified_gmt":"2025-04-29T18:25:11","slug":"clb-ex1e","status":"publish","type":"product","link":"https:\/\/dev.conexled.com\/es\/product\/pacuiba-es\/clb-ex1e\/","title":{"rendered":"CLB-EX1(E)"},"content":{"rendered":"<p>La <strong>Luminaria LED Lineal CLB-EX1(E)<\/strong> de la l\u00ednea <strong>Pacu\u00edba<\/strong> ha sido dise\u00f1ada para \u00e1reas clasificadas con atm\u00f3sferas potencialmente explosivas (Zonas 1 y 2 o 21 y 22), proporcionando una soluci\u00f3n segura y eficiente. Esta luminaria cuenta con un <strong>m\u00f3dulo de emergencia<\/strong>, permitiendo su operaci\u00f3n tanto con alimentaci\u00f3n convencional como en modo de emergencia, con una autonom\u00eda de <strong>90 minutos<\/strong> utilizando bater\u00eda.<\/p>\n<p>Con potencias de <strong>35W y 65W<\/strong>, la <strong>CLB-EX1(E)<\/strong> es ideal para entornos agresivos como <strong>refiner\u00edas, plantas hidroel\u00e9ctricas, industrias, plantas y plataformas<\/strong>, garantizando alta resistencia y durabilidad. Su cuerpo est\u00e1 fabricado en <strong>aluminio<\/strong> con difusor de <strong>policarbonato<\/strong> de alta resistencia mec\u00e1nica y protecci\u00f3n UV, lo que la hace ligera y resistente a la corrosi\u00f3n. El grado de protecci\u00f3n <strong>IP66<\/strong> asegura que la luminaria sea a prueba de polvo y chorros de agua, mientras que su grado de impacto <strong>IK08<\/strong> garantiza resistencia mec\u00e1nica.<\/p>\n<p>Adem\u00e1s, esta luminaria ofrece <strong>alta eficiencia luminosa<\/strong>, con un flujo de hasta <strong>8895 l\u00famenes<\/strong> y una vida \u00fatil de hasta <strong>100.000 horas<\/strong>, proporcionando un alto rendimiento y m\u00ednimo mantenimiento. La temperatura de color est\u00e1ndar es <strong>5000K<\/strong>, ideal para entornos industriales.<\/p>\n<p>&nbsp;<\/p>\n","protected":false},"excerpt":{"rendered":"<p>La <strong>Luminaria LED Lineal CLB-EX1(E)<\/strong> de la l\u00ednea Pacu\u00edba ofrece alta eficiencia luminosa y seguridad para \u00e1reas a prueba de explosi\u00f3n (Zonas 1 y 2 o 21 y 22), con m\u00f3dulo de emergencia de 90 minutos y una vida \u00fatil de hasta 100.000 horas.<\/p>\n","protected":false},"featured_media":22748,"comment_status":"open","ping_status":"closed","template":"","meta":[],"product_brand":[],"product_cat":[6137],"product_tag":[],"aplicacao-produto":[7006,7024,7021,7022,7023],"aplicacoes-do-produto":[6474,6486,6478,7090,6476,7174,7175,6472,6514,6468,7028,6488,6522,6484,6498],"linha-do-produto":[7120],"class_list":{"0":"post-11321","1":"product","2":"type-product","3":"status-publish","4":"has-post-thumbnail","6":"product_cat-modulo-de-emergencia-es","7":"aplicacao-produto-industrias-es","8":"aplicacao-produto-plantas-de-energia","9":"aplicacao-produto-plantas-hidroelectricas","10":"aplicacao-produto-plataformas-es","11":"aplicacao-produto-refinerias","12":"aplicacoes-do-produto-areas-clasificadas-8","13":"aplicacoes-do-produto-areas-clasificadas-7","14":"aplicacoes-do-produto-areas-clasificadas-6","15":"aplicacoes-do-produto-areas-classificadas-3-es","16":"aplicacoes-do-produto-cobertizos","17":"aplicacoes-do-produto-despacho-y-embolsado-de-salvado","18":"aplicacoes-do-produto-fabrica-de-salvado","19":"aplicacoes-do-produto-galerias-es","20":"aplicacoes-do-produto-usinas-es","21":"aplicacoes-do-produto-puertos","22":"aplicacoes-do-produto-recepcion-y-almacenamiento-de-granos-es","23":"aplicacoes-do-produto-refinerias","24":"aplicacoes-do-produto-silos-es","25":"aplicacoes-do-produto-tuneles-2","26":"aplicacoes-do-produto-ure-unidad-de-recuperacion-de-azufre","27":"linha-do-produto-pacuiba-es","29":"first","30":"instock","31":"shipping-taxable","32":"purchasable","33":"product-type-variable"},"_links":{"self":[{"href":"https:\/\/dev.conexled.com\/es\/wp-json\/wp\/v2\/product\/11321","targetHints":{"allow":["GET"]}}],"collection":[{"href":"https:\/\/dev.conexled.com\/es\/wp-json\/wp\/v2\/product"}],"about":[{"href":"https:\/\/dev.conexled.com\/es\/wp-json\/wp\/v2\/types\/product"}],"replies":[{"embeddable":true,"href":"https:\/\/dev.conexled.com\/es\/wp-json\/wp\/v2\/comments?post=11321"}],"wp:featuredmedia":[{"embeddable":true,"href":"https:\/\/dev.conexled.com\/es\/wp-json\/wp\/v2\/media\/22748"}],"wp:attachment":[{"href":"https:\/\/dev.conexled.com\/es\/wp-json\/wp\/v2\/media?parent=11321"}],"wp:term":[{"taxonomy":"product_brand","embeddable":true,"href":"https:\/\/dev.conexled.com\/es\/wp-json\/wp\/v2\/product_brand?post=11321"},{"taxonomy":"product_cat","embeddable":true,"href":"https:\/\/dev.conexled.com\/es\/wp-json\/wp\/v2\/product_cat?post=11321"},{"taxonomy":"product_tag","embeddable":true,"href":"https:\/\/dev.conexled.com\/es\/wp-json\/wp\/v2\/product_tag?post=11321"},{"taxonomy":"aplicacao-produto","embeddable":true,"href":"https:\/\/dev.conexled.com\/es\/wp-json\/wp\/v2\/aplicacao-produto?post=11321"},{"taxonomy":"aplicacoes-do-produto","embeddable":true,"href":"https:\/\/dev.conexled.com\/es\/wp-json\/wp\/v2\/aplicacoes-do-produto?post=11321"},{"taxonomy":"linha-do-produto","embeddable":true,"href":"https:\/\/dev.conexled.com\/es\/wp-json\/wp\/v2\/linha-do-produto?post=11321"}],"curies":[{"name":"wp","href":"https:\/\/api.w.org\/{rel}","templated":true}]}}