{"id":11318,"date":"2023-04-20T09:44:50","date_gmt":"2023-04-20T12:44:50","guid":{"rendered":"https:\/\/dev.conexled.com\/product\/clb-ex2b\/"},"modified":"2024-10-07T10:52:57","modified_gmt":"2024-10-07T13:52:57","slug":"clb-ex2b","status":"publish","type":"product","link":"https:\/\/dev.conexled.com\/es\/product\/pacuiba-es\/clb-ex2b\/","title":{"rendered":"CLB-EX2(B)"},"content":{"rendered":"<p><span style=\"font-weight: 400;\">La luminaria LED de emergencia para balizamiento dispone de carteles con s\u00edmbolos y\/o letras que indican la v\u00eda de escape, con el fin de dirigir a las personas a una salida a un lugar abierto de forma m\u00e1s r\u00e1pida y segura. Funcionamiento en modo emergencia mediante pilas. Fabricaci\u00f3n de cuerpo de aluminio y difusor de policarbonato resistente a impactos y rayos ultravioleta, soportes de fijaci\u00f3n en acero inoxidable, el producto es apto para uso en \u00e1reas clasificadas con atm\u00f3sferas explosivas zonas 2 o 21 y 22, en plataformas offshore, onshore, refiner\u00edas, petroqu\u00edmica , industrias qu\u00edmica, alimentaria, farmac\u00e9utica, m\u00f3dulos de alimentaci\u00f3n, unidades de acetileno, hidr\u00f3geno, pinturas, barnices, dep\u00f3sitos inflamables, etc. <\/span><\/p>\n","protected":false},"excerpt":{"rendered":"<p>La l\u00e1mpara LED de emergencia para balizamiento tiene se\u00f1alizaci\u00f3n con s\u00edmbolos y\/o letras que indican la ruta de escape, con el fin de dirigir a las personas hacia una salida al aire libre de manera m\u00e1s r\u00e1pida y segura.<\/p>\n","protected":false},"featured_media":9218,"comment_status":"open","ping_status":"closed","template":"","meta":[],"product_brand":[],"product_cat":[6137],"product_tag":[],"aplicacao-produto":[7006,7024,7021,7022,7023],"aplicacoes-do-produto":[6490,6530,6524,6486,6478,6474,7090,6476,6472,6492,6338,6514,6334,6468,7028,6488,6522,6484,6502,6496,6498],"linha-do-produto":[7120],"class_list":{"0":"post-11318","1":"product","2":"type-product","3":"status-publish","4":"has-post-thumbnail","6":"product_cat-modulo-de-emergencia-es","7":"aplicacao-produto-industrias-es","8":"aplicacao-produto-plantas-de-energia","9":"aplicacao-produto-plantas-hidroelectricas","10":"aplicacao-produto-plataformas-es","11":"aplicacao-produto-refinerias","12":"aplicacoes-do-produto-agrietamiento","13":"aplicacoes-do-produto-agroindustria-es","14":"aplicacoes-do-produto-areas-clasificadas-4","15":"aplicacoes-do-produto-areas-clasificadas-7","16":"aplicacoes-do-produto-areas-clasificadas-6","17":"aplicacoes-do-produto-areas-clasificadas-8","18":"aplicacoes-do-produto-areas-classificadas-3-es","19":"aplicacoes-do-produto-cobertizos","20":"aplicacoes-do-produto-galerias-es","21":"aplicacoes-do-produto-hdt-hidrotratamiento-de-diesel","22":"aplicacoes-do-produto-lavado-constante-con-chorros-de-alta-presion","23":"aplicacoes-do-produto-usinas-es","24":"aplicacoes-do-produto-procesando","25":"aplicacoes-do-produto-puertos","26":"aplicacoes-do-produto-recepcion-y-almacenamiento-de-granos-es","27":"aplicacoes-do-produto-refinerias","28":"aplicacoes-do-produto-silos-es","29":"aplicacoes-do-produto-tuneles-2","30":"aplicacoes-do-produto-unidad-de-reformado-catalitico","31":"aplicacoes-do-produto-upgn-unidad-de-procesamiento-de-gas-natural","32":"aplicacoes-do-produto-ure-unidad-de-recuperacion-de-azufre","33":"linha-do-produto-pacuiba-es","35":"first","36":"instock","37":"shipping-taxable","38":"purchasable","39":"product-type-variable"},"_links":{"self":[{"href":"https:\/\/dev.conexled.com\/es\/wp-json\/wp\/v2\/product\/11318","targetHints":{"allow":["GET"]}}],"collection":[{"href":"https:\/\/dev.conexled.com\/es\/wp-json\/wp\/v2\/product"}],"about":[{"href":"https:\/\/dev.conexled.com\/es\/wp-json\/wp\/v2\/types\/product"}],"replies":[{"embeddable":true,"href":"https:\/\/dev.conexled.com\/es\/wp-json\/wp\/v2\/comments?post=11318"}],"wp:featuredmedia":[{"embeddable":true,"href":"https:\/\/dev.conexled.com\/es\/wp-json\/wp\/v2\/media\/9218"}],"wp:attachment":[{"href":"https:\/\/dev.conexled.com\/es\/wp-json\/wp\/v2\/media?parent=11318"}],"wp:term":[{"taxonomy":"product_brand","embeddable":true,"href":"https:\/\/dev.conexled.com\/es\/wp-json\/wp\/v2\/product_brand?post=11318"},{"taxonomy":"product_cat","embeddable":true,"href":"https:\/\/dev.conexled.com\/es\/wp-json\/wp\/v2\/product_cat?post=11318"},{"taxonomy":"product_tag","embeddable":true,"href":"https:\/\/dev.conexled.com\/es\/wp-json\/wp\/v2\/product_tag?post=11318"},{"taxonomy":"aplicacao-produto","embeddable":true,"href":"https:\/\/dev.conexled.com\/es\/wp-json\/wp\/v2\/aplicacao-produto?post=11318"},{"taxonomy":"aplicacoes-do-produto","embeddable":true,"href":"https:\/\/dev.conexled.com\/es\/wp-json\/wp\/v2\/aplicacoes-do-produto?post=11318"},{"taxonomy":"linha-do-produto","embeddable":true,"href":"https:\/\/dev.conexled.com\/es\/wp-json\/wp\/v2\/linha-do-produto?post=11318"}],"curies":[{"name":"wp","href":"https:\/\/api.w.org\/{rel}","templated":true}]}}