{"id":11307,"date":"2023-04-20T09:43:06","date_gmt":"2023-04-20T12:43:06","guid":{"rendered":"https:\/\/dev.conexled.com\/product\/clb-ex2e\/"},"modified":"2025-04-29T15:17:19","modified_gmt":"2025-04-29T18:17:19","slug":"clb-ex2e","status":"publish","type":"product","link":"https:\/\/dev.conexled.com\/es\/product\/pacuiba-es\/clb-ex2e\/","title":{"rendered":"CLB-EX2(E)"},"content":{"rendered":"<p><span style=\"font-weight: 400;\">La luminaria Linear Ex LED con M\u00f3dulo de Emergencia de la l\u00ednea Pacu\u00edba Conexled reemplaza las tradicionales luminarias con l\u00e1mparas fluorescentes, proporcionando ahorro de energ\u00eda y una mayor vida \u00fatil. Funcionamiento con alimentaci\u00f3n convencional y en modo emergencia mediante bater\u00edas. Fabricaci\u00f3n de cuerpo de aluminio y difusor de policarbonato resistente a impactos y rayos ultravioleta, soportes de fijaci\u00f3n en acero inoxidable, el producto es apto para uso en \u00e1reas clasificadas con atm\u00f3sferas explosivas zonas 2 o 21 y 22, en plataformas offshore, onshore, refiner\u00edas, petroqu\u00edmica , industrias qu\u00edmica, alimentaria, farmac\u00e9utica, m\u00f3dulos de alimentaci\u00f3n, unidades de acetileno, hidr\u00f3geno, pinturas, barnices, dep\u00f3sitos inflamables, etc.<\/span><\/p>\n","protected":false},"excerpt":{"rendered":"<p><span style=\"font-weight: 400;\">A lumin\u00e1ria LED Linear Ex com M\u00f3dulo de Emerg\u00eancia da linha Pacu\u00edba Conexled substitui as tradicionais lumin\u00e1rias com l\u00e2mpadas fluorescentes, proporcionando economia de energia e maior tempo de vida \u00fatil.\u00a0<\/span><\/p>\n","protected":false},"featured_media":21450,"comment_status":"open","ping_status":"closed","template":"","meta":[],"product_brand":[],"product_cat":[6137],"product_tag":[],"aplicacao-produto":[7006,7024,7021,7022,7023],"aplicacoes-do-produto":[6486,6524,6478,6474,7090,6476,7174,7175,6472,6514,6468,7028,6488,6522,6484,6498],"linha-do-produto":[7120],"class_list":{"0":"post-11307","1":"product","2":"type-product","3":"status-publish","4":"has-post-thumbnail","6":"product_cat-modulo-de-emergencia-es","7":"aplicacao-produto-industrias-es","8":"aplicacao-produto-plantas-de-energia","9":"aplicacao-produto-plantas-hidroelectricas","10":"aplicacao-produto-plataformas-es","11":"aplicacao-produto-refinerias","12":"aplicacoes-do-produto-areas-clasificadas-7","13":"aplicacoes-do-produto-areas-clasificadas-4","14":"aplicacoes-do-produto-areas-clasificadas-6","15":"aplicacoes-do-produto-areas-clasificadas-8","16":"aplicacoes-do-produto-areas-classificadas-3-es","17":"aplicacoes-do-produto-cobertizos","18":"aplicacoes-do-produto-despacho-y-embolsado-de-salvado","19":"aplicacoes-do-produto-fabrica-de-salvado","20":"aplicacoes-do-produto-galerias-es","21":"aplicacoes-do-produto-usinas-es","22":"aplicacoes-do-produto-puertos","23":"aplicacoes-do-produto-recepcion-y-almacenamiento-de-granos-es","24":"aplicacoes-do-produto-refinerias","25":"aplicacoes-do-produto-silos-es","26":"aplicacoes-do-produto-tuneles-2","27":"aplicacoes-do-produto-ure-unidad-de-recuperacion-de-azufre","28":"linha-do-produto-pacuiba-es","30":"first","31":"instock","32":"shipping-taxable","33":"purchasable","34":"product-type-variable"},"_links":{"self":[{"href":"https:\/\/dev.conexled.com\/es\/wp-json\/wp\/v2\/product\/11307","targetHints":{"allow":["GET"]}}],"collection":[{"href":"https:\/\/dev.conexled.com\/es\/wp-json\/wp\/v2\/product"}],"about":[{"href":"https:\/\/dev.conexled.com\/es\/wp-json\/wp\/v2\/types\/product"}],"replies":[{"embeddable":true,"href":"https:\/\/dev.conexled.com\/es\/wp-json\/wp\/v2\/comments?post=11307"}],"wp:featuredmedia":[{"embeddable":true,"href":"https:\/\/dev.conexled.com\/es\/wp-json\/wp\/v2\/media\/21450"}],"wp:attachment":[{"href":"https:\/\/dev.conexled.com\/es\/wp-json\/wp\/v2\/media?parent=11307"}],"wp:term":[{"taxonomy":"product_brand","embeddable":true,"href":"https:\/\/dev.conexled.com\/es\/wp-json\/wp\/v2\/product_brand?post=11307"},{"taxonomy":"product_cat","embeddable":true,"href":"https:\/\/dev.conexled.com\/es\/wp-json\/wp\/v2\/product_cat?post=11307"},{"taxonomy":"product_tag","embeddable":true,"href":"https:\/\/dev.conexled.com\/es\/wp-json\/wp\/v2\/product_tag?post=11307"},{"taxonomy":"aplicacao-produto","embeddable":true,"href":"https:\/\/dev.conexled.com\/es\/wp-json\/wp\/v2\/aplicacao-produto?post=11307"},{"taxonomy":"aplicacoes-do-produto","embeddable":true,"href":"https:\/\/dev.conexled.com\/es\/wp-json\/wp\/v2\/aplicacoes-do-produto?post=11307"},{"taxonomy":"linha-do-produto","embeddable":true,"href":"https:\/\/dev.conexled.com\/es\/wp-json\/wp\/v2\/linha-do-produto?post=11307"}],"curies":[{"name":"wp","href":"https:\/\/api.w.org\/{rel}","templated":true}]}}