{"id":11296,"date":"2023-04-20T09:14:06","date_gmt":"2023-04-20T12:14:06","guid":{"rendered":"https:\/\/dev.conexled.com\/product\/clb-ex1b\/"},"modified":"2024-10-07T10:53:08","modified_gmt":"2024-10-07T13:53:08","slug":"clb-ex1b","status":"publish","type":"product","link":"https:\/\/dev.conexled.com\/es\/product\/pacuiba-es\/clb-ex1b\/","title":{"rendered":"CLB-EX1(B)"},"content":{"rendered":"<p><span style=\"font-weight: 400;\">La luminaria LED de emergencia para balizamiento dispone de carteles con s\u00edmbolos y\/o letras que indican la v\u00eda de escape, con el fin de dirigir a las personas a una salida a un lugar abierto de forma m\u00e1s r\u00e1pida y segura. Funcionamiento en modo emergencia mediante pilas. Fabricaci\u00f3n de cuerpo de aluminio y difusor de policarbonato resistente a impactos y rayos ultravioleta, soportes de fijaci\u00f3n en acero inoxidable, el producto es apto para uso en \u00e1reas clasificadas con atm\u00f3sferas explosivas zonas 1 y 2 o 21 y 22, en plataformas offshore, onshore, refiner\u00edas, petroqu\u00edmica , industrias qu\u00edmica, alimentaria, farmac\u00e9utica, m\u00f3dulos de alimentaci\u00f3n, unidades de acetileno, hidr\u00f3geno, pinturas, barnices, dep\u00f3sitos inflamables, etc.<\/span><\/p>\n<p>&nbsp;<\/p>\n","protected":false},"excerpt":{"rendered":"<p><span style=\"font-weight: 400;\">La luminaria LED de emergencia para balizamiento dispone de carteles con s\u00edmbolos y\/o letras que indican la v\u00eda de escape, con el fin de dirigir a las personas a una salida a un lugar abierto de forma m\u00e1s r\u00e1pida y segura.<\/span><\/p>\n","protected":false},"featured_media":9218,"comment_status":"open","ping_status":"closed","template":"","meta":[],"product_brand":[],"product_cat":[6137],"product_tag":[],"aplicacao-produto":[7006,7024,7021,7022,7023],"aplicacoes-do-produto":[6454,6456,6458,6462,6452,6464,6466],"linha-do-produto":[7120],"class_list":{"0":"post-11296","1":"product","2":"type-product","3":"status-publish","4":"has-post-thumbnail","6":"product_cat-modulo-de-emergencia-es","7":"aplicacao-produto-industrias-es","8":"aplicacao-produto-plantas-de-energia","9":"aplicacao-produto-plantas-hidroelectricas","10":"aplicacao-produto-plataformas-es","11":"aplicacao-produto-refinerias","12":"aplicacoes-do-produto-estaciones-de-bombeo","13":"aplicacoes-do-produto-estaciones-de-compresion","14":"aplicacoes-do-produto-estaciones-de-lanzamiento-o-recepcion-pigs","15":"aplicacoes-do-produto-oleoducto-es","16":"aplicacoes-do-produto-plataformas-marinas","17":"aplicacoes-do-produto-procesando-8","18":"aplicacoes-do-produto-tuberia-es","19":"linha-do-produto-pacuiba-es","21":"first","22":"instock","23":"shipping-taxable","24":"purchasable","25":"product-type-variable"},"_links":{"self":[{"href":"https:\/\/dev.conexled.com\/es\/wp-json\/wp\/v2\/product\/11296","targetHints":{"allow":["GET"]}}],"collection":[{"href":"https:\/\/dev.conexled.com\/es\/wp-json\/wp\/v2\/product"}],"about":[{"href":"https:\/\/dev.conexled.com\/es\/wp-json\/wp\/v2\/types\/product"}],"replies":[{"embeddable":true,"href":"https:\/\/dev.conexled.com\/es\/wp-json\/wp\/v2\/comments?post=11296"}],"wp:featuredmedia":[{"embeddable":true,"href":"https:\/\/dev.conexled.com\/es\/wp-json\/wp\/v2\/media\/9218"}],"wp:attachment":[{"href":"https:\/\/dev.conexled.com\/es\/wp-json\/wp\/v2\/media?parent=11296"}],"wp:term":[{"taxonomy":"product_brand","embeddable":true,"href":"https:\/\/dev.conexled.com\/es\/wp-json\/wp\/v2\/product_brand?post=11296"},{"taxonomy":"product_cat","embeddable":true,"href":"https:\/\/dev.conexled.com\/es\/wp-json\/wp\/v2\/product_cat?post=11296"},{"taxonomy":"product_tag","embeddable":true,"href":"https:\/\/dev.conexled.com\/es\/wp-json\/wp\/v2\/product_tag?post=11296"},{"taxonomy":"aplicacao-produto","embeddable":true,"href":"https:\/\/dev.conexled.com\/es\/wp-json\/wp\/v2\/aplicacao-produto?post=11296"},{"taxonomy":"aplicacoes-do-produto","embeddable":true,"href":"https:\/\/dev.conexled.com\/es\/wp-json\/wp\/v2\/aplicacoes-do-produto?post=11296"},{"taxonomy":"linha-do-produto","embeddable":true,"href":"https:\/\/dev.conexled.com\/es\/wp-json\/wp\/v2\/linha-do-produto?post=11296"}],"curies":[{"name":"wp","href":"https:\/\/api.w.org\/{rel}","templated":true}]}}