{"id":11289,"date":"2023-04-20T10:10:10","date_gmt":"2023-04-20T13:10:10","guid":{"rendered":"https:\/\/dev.conexled.com\/product\/cly-epdt\/"},"modified":"2025-04-29T15:12:18","modified_gmt":"2025-04-29T18:12:18","slug":"luminaria-led-antiexplosiva-modulo-emergencia-cly-e","status":"publish","type":"product","link":"https:\/\/dev.conexled.com\/es\/product\/pereque\/luminaria-led-antiexplosiva-modulo-emergencia-cly-e\/","title":{"rendered":"CLY-E"},"content":{"rendered":"<p>La <strong>Luminaria LED Antiexplosiva CLY-E<\/strong> de la l\u00ednea <strong>Perequ\u00ea<\/strong> est\u00e1 dise\u00f1ada para atm\u00f3sferas explosivas (Zonas 2 o 21 y 22), proporcionando una soluci\u00f3n vers\u00e1til y segura para \u00e1reas clasificadas. Con funcionamiento tanto en modo de alimentaci\u00f3n convencional como en <strong>modo de emergencia<\/strong> mediante bater\u00edas, esta luminaria garantiza <strong>120 minutos de autonom\u00eda<\/strong>, ideal para mantener la seguridad en entornos cr\u00edticos.<\/p>\n<p>Disponible en potencias que var\u00edan de <strong>23W a 135W<\/strong>, la <strong>CLY-E<\/strong> puede aplicarse en una amplia gama de ambientes agresivos, como <strong>refiner\u00edas, plantas hidroel\u00e9ctricas, industrias y plataformas<\/strong>, siendo adecuada tanto para <strong>entornos interiores como exteriores<\/strong>. Con un <strong>sistema de disipaci\u00f3n eficiente<\/strong> y un dise\u00f1o <strong>compacto y funcional<\/strong>, proporciona <strong>alta eficiencia luminosa<\/strong>, con un flujo de hasta <strong>16.158 l\u00famenes<\/strong> y una vida \u00fatil de <strong>50.000 horas<\/strong>.<\/p>\n<p>El <strong>grado de protecci\u00f3n IP66<\/strong> asegura su resistencia al polvo y al agua, mientras que su <strong>grado de impacto IK08<\/strong> garantiza su durabilidad mec\u00e1nica, lo que la convierte en una opci\u00f3n ideal para operar en \u00e1reas clasificadas.<\/p>\n","protected":false},"excerpt":{"rendered":"<p>La <strong>Luminaria LED Antiexplosiva CLY-E<\/strong> de la l\u00ednea Perequ\u00ea ofrece alta eficiencia luminosa, 120 minutos de autonom\u00eda en modo de emergencia y certificaci\u00f3n para Zonas 2 o 21 y 22, con una vida \u00fatil de hasta 50.000 horas.<\/p>\n","protected":false},"featured_media":21501,"comment_status":"open","ping_status":"closed","template":"","meta":[],"product_brand":[],"product_cat":[6137],"product_tag":[8944,9029,8943,8942,9027,9028,8945,8978,8938,8939,8940],"aplicacao-produto":[7006,7024,7021,7022,7023],"aplicacoes-do-produto":[6490,6530,6486,6524,6430,6478,6418,6474,7090,6518,6476,6416,6472,6492,6412,6514,6428,6468,7028,6488,6522,6484,6502,6496,6498],"linha-do-produto":[7112],"class_list":{"0":"post-11289","1":"product","2":"type-product","3":"status-publish","4":"has-post-thumbnail","6":"product_cat-modulo-de-emergencia-es","7":"product_tag-aluminio-fundido-es","8":"product_tag-cly-epdt-es","9":"product_tag-ik08-es","10":"product_tag-ip66-es","11":"product_tag-led-es","12":"product_tag-modulo-de-emergencia-es","13":"product_tag-policarbonato-es","14":"product_tag-vidro-temperado-es","15":"product_tag-zona-2-es","16":"product_tag-zona-21-es","17":"product_tag-zona-22-es","18":"aplicacao-produto-industrias-es","19":"aplicacao-produto-plantas-de-energia","20":"aplicacao-produto-plantas-hidroelectricas","21":"aplicacao-produto-plataformas-es","22":"aplicacao-produto-refinerias","23":"aplicacoes-do-produto-agrietamiento","24":"aplicacoes-do-produto-agroindustria-es","25":"aplicacoes-do-produto-areas-clasificadas-7","26":"aplicacoes-do-produto-areas-clasificadas-4","27":"aplicacoes-do-produto-areas-clasificadas-2","28":"aplicacoes-do-produto-areas-clasificadas-6","29":"aplicacoes-do-produto-areas-clasificadas","30":"aplicacoes-do-produto-areas-clasificadas-8","31":"aplicacoes-do-produto-areas-classificadas-3-es","32":"aplicacoes-do-produto-carregamento-y-terminais-de-combustivel","33":"aplicacoes-do-produto-cobertizos","34":"aplicacoes-do-produto-escalera-electrica","35":"aplicacoes-do-produto-galerias-es","36":"aplicacoes-do-produto-hdt-hidrotratamiento-de-diesel","37":"aplicacoes-do-produto-industrias-de-pulpa-y-papel","38":"aplicacoes-do-produto-usinas-es","39":"aplicacoes-do-produto-procesando-2","40":"aplicacoes-do-produto-puertos","41":"aplicacoes-do-produto-recepcion-y-almacenamiento-de-granos-es","42":"aplicacoes-do-produto-refinerias","43":"aplicacoes-do-produto-silos-es","44":"aplicacoes-do-produto-tuneles-2","45":"aplicacoes-do-produto-unidad-de-reformado-catalitico","46":"aplicacoes-do-produto-upgn-unidad-de-procesamiento-de-gas-natural","47":"aplicacoes-do-produto-ure-unidad-de-recuperacion-de-azufre","48":"linha-do-produto-pereque-es","50":"first","51":"instock","52":"shipping-taxable","53":"purchasable","54":"product-type-variable"},"_links":{"self":[{"href":"https:\/\/dev.conexled.com\/es\/wp-json\/wp\/v2\/product\/11289","targetHints":{"allow":["GET"]}}],"collection":[{"href":"https:\/\/dev.conexled.com\/es\/wp-json\/wp\/v2\/product"}],"about":[{"href":"https:\/\/dev.conexled.com\/es\/wp-json\/wp\/v2\/types\/product"}],"replies":[{"embeddable":true,"href":"https:\/\/dev.conexled.com\/es\/wp-json\/wp\/v2\/comments?post=11289"}],"wp:featuredmedia":[{"embeddable":true,"href":"https:\/\/dev.conexled.com\/es\/wp-json\/wp\/v2\/media\/21501"}],"wp:attachment":[{"href":"https:\/\/dev.conexled.com\/es\/wp-json\/wp\/v2\/media?parent=11289"}],"wp:term":[{"taxonomy":"product_brand","embeddable":true,"href":"https:\/\/dev.conexled.com\/es\/wp-json\/wp\/v2\/product_brand?post=11289"},{"taxonomy":"product_cat","embeddable":true,"href":"https:\/\/dev.conexled.com\/es\/wp-json\/wp\/v2\/product_cat?post=11289"},{"taxonomy":"product_tag","embeddable":true,"href":"https:\/\/dev.conexled.com\/es\/wp-json\/wp\/v2\/product_tag?post=11289"},{"taxonomy":"aplicacao-produto","embeddable":true,"href":"https:\/\/dev.conexled.com\/es\/wp-json\/wp\/v2\/aplicacao-produto?post=11289"},{"taxonomy":"aplicacoes-do-produto","embeddable":true,"href":"https:\/\/dev.conexled.com\/es\/wp-json\/wp\/v2\/aplicacoes-do-produto?post=11289"},{"taxonomy":"linha-do-produto","embeddable":true,"href":"https:\/\/dev.conexled.com\/es\/wp-json\/wp\/v2\/linha-do-produto?post=11289"}],"curies":[{"name":"wp","href":"https:\/\/api.w.org\/{rel}","templated":true}]}}