{"id":11283,"date":"2023-04-20T09:07:31","date_gmt":"2023-04-20T12:07:31","guid":{"rendered":"https:\/\/dev.conexled.com\/product\/clk-ba45\/"},"modified":"2025-04-29T15:32:15","modified_gmt":"2025-04-29T18:32:15","slug":"clk-ba45","status":"publish","type":"product","link":"https:\/\/dev.conexled.com\/es\/product\/juruvauva-es\/clk-ba45\/","title":{"rendered":"CLK-BA45"},"content":{"rendered":"<p>Perfecta opci\u00f3n para sustituir bloques aut\u00f3nomos de luz baja y media, es de f\u00e1cil instalaci\u00f3n, siendo ligero, vers\u00e1til y moderno.<\/p>\n","protected":false},"excerpt":{"rendered":"<p>La l\u00ednea Juruva\u00fava Conexled ofrece seguridad, robustez y rendimiento luminoso para aplicaciones en \u00e1reas comerciales e industriales, con alta calidad y confiabilidad.<\/p>\n","protected":false},"featured_media":11949,"comment_status":"open","ping_status":"closed","template":"","meta":[],"product_brand":[],"product_cat":[6137],"product_tag":[],"aplicacao-produto":[7003,7005,7004,7006,7007,7008],"aplicacoes-do-produto":[],"linha-do-produto":[7009],"class_list":{"0":"post-11283","1":"product","2":"type-product","3":"status-publish","4":"has-post-thumbnail","6":"product_cat-modulo-de-emergencia-es","7":"aplicacao-produto-almacenes","8":"aplicacao-produto-cobertizos","9":"aplicacao-produto-concessionarias-es","10":"aplicacao-produto-industrias-es","11":"aplicacao-produto-lineas-de-montaje","12":"aplicacao-produto-supermercados-es-2","13":"linha-do-produto-juruvauva-es","15":"first","16":"instock","17":"shipping-taxable","18":"purchasable","19":"product-type-variable","20":"has-default-attributes"},"_links":{"self":[{"href":"https:\/\/dev.conexled.com\/es\/wp-json\/wp\/v2\/product\/11283","targetHints":{"allow":["GET"]}}],"collection":[{"href":"https:\/\/dev.conexled.com\/es\/wp-json\/wp\/v2\/product"}],"about":[{"href":"https:\/\/dev.conexled.com\/es\/wp-json\/wp\/v2\/types\/product"}],"replies":[{"embeddable":true,"href":"https:\/\/dev.conexled.com\/es\/wp-json\/wp\/v2\/comments?post=11283"}],"wp:featuredmedia":[{"embeddable":true,"href":"https:\/\/dev.conexled.com\/es\/wp-json\/wp\/v2\/media\/11949"}],"wp:attachment":[{"href":"https:\/\/dev.conexled.com\/es\/wp-json\/wp\/v2\/media?parent=11283"}],"wp:term":[{"taxonomy":"product_brand","embeddable":true,"href":"https:\/\/dev.conexled.com\/es\/wp-json\/wp\/v2\/product_brand?post=11283"},{"taxonomy":"product_cat","embeddable":true,"href":"https:\/\/dev.conexled.com\/es\/wp-json\/wp\/v2\/product_cat?post=11283"},{"taxonomy":"product_tag","embeddable":true,"href":"https:\/\/dev.conexled.com\/es\/wp-json\/wp\/v2\/product_tag?post=11283"},{"taxonomy":"aplicacao-produto","embeddable":true,"href":"https:\/\/dev.conexled.com\/es\/wp-json\/wp\/v2\/aplicacao-produto?post=11283"},{"taxonomy":"aplicacoes-do-produto","embeddable":true,"href":"https:\/\/dev.conexled.com\/es\/wp-json\/wp\/v2\/aplicacoes-do-produto?post=11283"},{"taxonomy":"linha-do-produto","embeddable":true,"href":"https:\/\/dev.conexled.com\/es\/wp-json\/wp\/v2\/linha-do-produto?post=11283"}],"curies":[{"name":"wp","href":"https:\/\/api.w.org\/{rel}","templated":true}]}}