{"id":11187,"date":"2023-04-19T15:42:47","date_gmt":"2023-04-19T18:42:47","guid":{"rendered":"https:\/\/dev.conexled.com\/product\/clp-u\/"},"modified":"2025-04-30T10:29:19","modified_gmt":"2025-04-30T13:29:19","slug":"luminaria-publica-con-brazo-articulado","status":"publish","type":"product","link":"https:\/\/dev.conexled.com\/es\/product\/juquehy\/luminaria-publica-con-brazo-articulado\/","title":{"rendered":"CLP-U"},"content":{"rendered":"<p class=\"\" data-start=\"465\" data-end=\"1007\">La <strong data-start=\"468\" data-end=\"510\">luminaria p\u00fablica con brazo articulado<\/strong> de la l\u00ednea Juquehy est\u00e1 dise\u00f1ada para aplicaciones urbanas e industriales. Cuenta con cuerpo de aluminio inyectado, difusor de vidrio templado y soporte ajustable de 0 a \u00b120\u00b0 (excepto en el modelo CLP-U240, que tiene soporte fijo). Utiliza LEDs Osram\u00ae de alta potencia conforme a la norma IESNA LM-80, ofreciendo alto flujo luminoso y eficiencia de hasta 144 lm\/W. Equipada con protecci\u00f3n IP66, grado de impacto IK08 y protector contra sobretensiones, est\u00e1 disponible en potencias de 24W a 240W.<\/p>\n<p>&nbsp;<\/p>\n","protected":false},"excerpt":{"rendered":"<p>Luminaria p\u00fablica con brazo articulado y difusor de vidrio. Ideal para v\u00edas urbanas, plazas e industrias. Disponible hasta 240W.<\/p>\n","protected":false},"featured_media":9473,"comment_status":"open","ping_status":"closed","template":"","meta":[],"product_brand":[],"product_cat":[6133],"product_tag":[],"aplicacao-produto":[7006,7063,7147,7075],"aplicacoes-do-produto":[6304,6306,6300,6316,6322],"linha-do-produto":[7217],"class_list":{"0":"post-11187","1":"product","2":"type-product","3":"status-publish","4":"has-post-thumbnail","6":"product_cat-iluminacion-para-postes","7":"aplicacao-produto-industrias-es","8":"aplicacao-produto-peajes","9":"aplicacao-produto-plazas-y-parques","10":"aplicacao-produto-vias-publicas","11":"aplicacoes-do-produto-condominios-es","12":"aplicacoes-do-produto-estacionamientos","13":"aplicacoes-do-produto-iluminacion-publica","14":"aplicacoes-do-produto-industria-manufacturera-es","15":"aplicacoes-do-produto-patios-es","16":"linha-do-produto-juquehy-es","18":"first","19":"instock","20":"shipping-taxable","21":"purchasable","22":"product-type-variable"},"_links":{"self":[{"href":"https:\/\/dev.conexled.com\/es\/wp-json\/wp\/v2\/product\/11187","targetHints":{"allow":["GET"]}}],"collection":[{"href":"https:\/\/dev.conexled.com\/es\/wp-json\/wp\/v2\/product"}],"about":[{"href":"https:\/\/dev.conexled.com\/es\/wp-json\/wp\/v2\/types\/product"}],"replies":[{"embeddable":true,"href":"https:\/\/dev.conexled.com\/es\/wp-json\/wp\/v2\/comments?post=11187"}],"wp:featuredmedia":[{"embeddable":true,"href":"https:\/\/dev.conexled.com\/es\/wp-json\/wp\/v2\/media\/9473"}],"wp:attachment":[{"href":"https:\/\/dev.conexled.com\/es\/wp-json\/wp\/v2\/media?parent=11187"}],"wp:term":[{"taxonomy":"product_brand","embeddable":true,"href":"https:\/\/dev.conexled.com\/es\/wp-json\/wp\/v2\/product_brand?post=11187"},{"taxonomy":"product_cat","embeddable":true,"href":"https:\/\/dev.conexled.com\/es\/wp-json\/wp\/v2\/product_cat?post=11187"},{"taxonomy":"product_tag","embeddable":true,"href":"https:\/\/dev.conexled.com\/es\/wp-json\/wp\/v2\/product_tag?post=11187"},{"taxonomy":"aplicacao-produto","embeddable":true,"href":"https:\/\/dev.conexled.com\/es\/wp-json\/wp\/v2\/aplicacao-produto?post=11187"},{"taxonomy":"aplicacoes-do-produto","embeddable":true,"href":"https:\/\/dev.conexled.com\/es\/wp-json\/wp\/v2\/aplicacoes-do-produto?post=11187"},{"taxonomy":"linha-do-produto","embeddable":true,"href":"https:\/\/dev.conexled.com\/es\/wp-json\/wp\/v2\/linha-do-produto?post=11187"}],"curies":[{"name":"wp","href":"https:\/\/api.w.org\/{rel}","templated":true}]}}