{"id":11179,"date":"2023-04-19T16:35:23","date_gmt":"2023-04-19T19:35:23","guid":{"rendered":"https:\/\/dev.conexled.com\/product\/clh-pa\/"},"modified":"2025-05-22T14:03:59","modified_gmt":"2025-05-22T17:03:59","slug":"clh-pa","status":"publish","type":"product","link":"https:\/\/dev.conexled.com\/es\/product\/guarau-es\/clh-pa\/","title":{"rendered":"CLH-PA"},"content":{"rendered":"<p>Para uso en obras y equipos, en todos los \u00e1mbitos que requieran una luminaria aut\u00f3noma sin necesidad de conectarla a la red el\u00e9ctrica.<\/p>\n<p>&nbsp;<\/p>\n","protected":false},"excerpt":{"rendered":"<p>Para uso en obras y equipos, en todos los \u00e1mbitos que requieran una luminaria aut\u00f3noma sin necesidad de conectarla a la red el\u00e9ctrica.<\/p>\n","protected":false},"featured_media":9380,"comment_status":"open","ping_status":"closed","template":"","meta":[],"product_brand":[],"product_cat":[6137,6141],"product_tag":[],"aplicacao-produto":[7005,7208,7006,7207,7024],"aplicacoes-do-produto":[6394,6400],"linha-do-produto":[7122],"class_list":{"0":"post-11179","1":"product","2":"type-product","3":"status-publish","4":"has-post-thumbnail","6":"product_cat-modulo-de-emergencia-es","7":"product_cat-proyectores","8":"aplicacao-produto-cobertizos","9":"aplicacao-produto-construccion","10":"aplicacao-produto-industrias-es","11":"aplicacao-produto-mantenimiento","12":"aplicacao-produto-plantas-de-energia","13":"aplicacoes-do-produto-industrias-mineras","14":"aplicacoes-do-produto-minas-es","15":"linha-do-produto-guarau-es","17":"first","18":"instock","19":"shipping-taxable","20":"purchasable","21":"product-type-variable"},"_links":{"self":[{"href":"https:\/\/dev.conexled.com\/es\/wp-json\/wp\/v2\/product\/11179","targetHints":{"allow":["GET"]}}],"collection":[{"href":"https:\/\/dev.conexled.com\/es\/wp-json\/wp\/v2\/product"}],"about":[{"href":"https:\/\/dev.conexled.com\/es\/wp-json\/wp\/v2\/types\/product"}],"replies":[{"embeddable":true,"href":"https:\/\/dev.conexled.com\/es\/wp-json\/wp\/v2\/comments?post=11179"}],"wp:featuredmedia":[{"embeddable":true,"href":"https:\/\/dev.conexled.com\/es\/wp-json\/wp\/v2\/media\/9380"}],"wp:attachment":[{"href":"https:\/\/dev.conexled.com\/es\/wp-json\/wp\/v2\/media?parent=11179"}],"wp:term":[{"taxonomy":"product_brand","embeddable":true,"href":"https:\/\/dev.conexled.com\/es\/wp-json\/wp\/v2\/product_brand?post=11179"},{"taxonomy":"product_cat","embeddable":true,"href":"https:\/\/dev.conexled.com\/es\/wp-json\/wp\/v2\/product_cat?post=11179"},{"taxonomy":"product_tag","embeddable":true,"href":"https:\/\/dev.conexled.com\/es\/wp-json\/wp\/v2\/product_tag?post=11179"},{"taxonomy":"aplicacao-produto","embeddable":true,"href":"https:\/\/dev.conexled.com\/es\/wp-json\/wp\/v2\/aplicacao-produto?post=11179"},{"taxonomy":"aplicacoes-do-produto","embeddable":true,"href":"https:\/\/dev.conexled.com\/es\/wp-json\/wp\/v2\/aplicacoes-do-produto?post=11179"},{"taxonomy":"linha-do-produto","embeddable":true,"href":"https:\/\/dev.conexled.com\/es\/wp-json\/wp\/v2\/linha-do-produto?post=11179"}],"curies":[{"name":"wp","href":"https:\/\/api.w.org\/{rel}","templated":true}]}}