{"id":11164,"date":"2023-04-19T11:51:41","date_gmt":"2023-04-19T14:51:41","guid":{"rendered":"https:\/\/dev.conexled.com\/product\/cle\/"},"modified":"2025-04-30T11:43:23","modified_gmt":"2025-04-30T14:43:23","slug":"cle","status":"publish","type":"product","link":"https:\/\/dev.conexled.com\/es\/product\/embare-es\/cle\/","title":{"rendered":"CLE"},"content":{"rendered":"<p>Alta tecnolog\u00eda electroelectr\u00f3nica y moderno dise\u00f1o minimalista. Se conectan directamente a la red el\u00e9ctrica, bivolt, sin necesidad de reactores ni fuentes extra.<\/p>\n","protected":false},"excerpt":{"rendered":"<p>CLE &#8211; Alta tecnolog\u00eda electroelectr\u00f3nica y moderno dise\u00f1o minimalista. Se conectan directamente a la red el\u00e9ctrica, bivolt, sin necesidad de reactores ni fuentes extra.<\/p>\n","protected":false},"featured_media":9230,"comment_status":"open","ping_status":"closed","template":"","meta":[],"product_brand":[],"product_cat":[6131],"product_tag":[],"aplicacao-produto":[7059,7048,7202,7201,7203,7200,7052],"aplicacoes-do-produto":[6298,6286,6292],"linha-do-produto":[7204],"class_list":{"0":"post-11164","1":"product","2":"type-product","3":"status-publish","4":"has-post-thumbnail","6":"product_cat-iluminacion-comercial","7":"aplicacao-produto-aeropuertos","8":"aplicacao-produto-hospitais-es","9":"aplicacao-produto-hoteis-es","10":"aplicacao-produto-oficinas-es-2","11":"aplicacao-produto-residencias-es-2","12":"aplicacao-produto-sala","13":"aplicacao-produto-sanitario","14":"aplicacoes-do-produto-cafeterias-es","15":"aplicacoes-do-produto-iluminacion-comercial","16":"aplicacoes-do-produto-oficinas","17":"linha-do-produto-embare-es","19":"first","20":"instock","21":"shipping-taxable","22":"purchasable","23":"product-type-variable"},"_links":{"self":[{"href":"https:\/\/dev.conexled.com\/es\/wp-json\/wp\/v2\/product\/11164","targetHints":{"allow":["GET"]}}],"collection":[{"href":"https:\/\/dev.conexled.com\/es\/wp-json\/wp\/v2\/product"}],"about":[{"href":"https:\/\/dev.conexled.com\/es\/wp-json\/wp\/v2\/types\/product"}],"replies":[{"embeddable":true,"href":"https:\/\/dev.conexled.com\/es\/wp-json\/wp\/v2\/comments?post=11164"}],"wp:featuredmedia":[{"embeddable":true,"href":"https:\/\/dev.conexled.com\/es\/wp-json\/wp\/v2\/media\/9230"}],"wp:attachment":[{"href":"https:\/\/dev.conexled.com\/es\/wp-json\/wp\/v2\/media?parent=11164"}],"wp:term":[{"taxonomy":"product_brand","embeddable":true,"href":"https:\/\/dev.conexled.com\/es\/wp-json\/wp\/v2\/product_brand?post=11164"},{"taxonomy":"product_cat","embeddable":true,"href":"https:\/\/dev.conexled.com\/es\/wp-json\/wp\/v2\/product_cat?post=11164"},{"taxonomy":"product_tag","embeddable":true,"href":"https:\/\/dev.conexled.com\/es\/wp-json\/wp\/v2\/product_tag?post=11164"},{"taxonomy":"aplicacao-produto","embeddable":true,"href":"https:\/\/dev.conexled.com\/es\/wp-json\/wp\/v2\/aplicacao-produto?post=11164"},{"taxonomy":"aplicacoes-do-produto","embeddable":true,"href":"https:\/\/dev.conexled.com\/es\/wp-json\/wp\/v2\/aplicacoes-do-produto?post=11164"},{"taxonomy":"linha-do-produto","embeddable":true,"href":"https:\/\/dev.conexled.com\/es\/wp-json\/wp\/v2\/linha-do-produto?post=11164"}],"curies":[{"name":"wp","href":"https:\/\/api.w.org\/{rel}","templated":true}]}}