{"id":11156,"date":"2023-04-19T09:45:09","date_gmt":"2023-04-19T12:45:09","guid":{"rendered":"https:\/\/dev.conexled.com\/product\/clb-ep\/"},"modified":"2025-03-12T15:24:10","modified_gmt":"2025-03-12T18:24:10","slug":"luminaria-hermetica-industrial-led-emergencia","status":"publish","type":"product","link":"https:\/\/dev.conexled.com\/es\/product\/boraceia\/luminaria-hermetica-industrial-led-emergencia\/","title":{"rendered":"CLB-E(G)"},"content":{"rendered":"<p>La Luminaria Herm\u00e9tica Industrial LED con M\u00f3dulo de Emergencia de la L\u00ednea Borac\u00e9ia (CLB-E(G)) ofrece alta resistencia, versatilidad y excelente rendimiento para entornos industriales y comerciales. Equipada con un m\u00f3dulo de emergencia integrado, garantiza hasta 120 minutos de operaci\u00f3n en caso de fallo de energ\u00eda. Dise\u00f1ada para operar en condiciones severas, es adecuada para lugares sujetos a gases, polvo, vapores y part\u00edculas. Disponible en diferentes potencias, esta luminaria proporciona alta eficiencia luminosa, larga vida \u00fatil y f\u00e1cil instalaci\u00f3n gracias a su sistema de fijaci\u00f3n vers\u00e1til.<\/p>\n","protected":false},"excerpt":{"rendered":"<p>Luminaria Herm\u00e9tica Industrial LED con M\u00f3dulo de Emergencia para hasta 120 minutos de operaci\u00f3n, alto rendimiento y larga vida \u00fatil.<\/p>\n","protected":false},"featured_media":35669,"comment_status":"open","ping_status":"closed","template":"","meta":[],"product_brand":[],"product_cat":[6135,6137],"product_tag":[],"aplicacao-produto":[7003,7046,7048,7006,7049,7047,7050,7051,7052,7008],"aplicacoes-do-produto":[6476,6470,6446,6436,6468],"linha-do-produto":[6832],"class_list":{"0":"post-11156","1":"product","2":"type-product","3":"status-publish","4":"has-post-thumbnail","6":"product_cat-industrial-hermetica-es","7":"product_cat-modulo-de-emergencia-es","8":"aplicacao-produto-almacenes","9":"aplicacao-produto-cuartos-frios","10":"aplicacao-produto-hospitais-es","11":"aplicacao-produto-industrias-es","12":"aplicacao-produto-laboratorios-es","13":"aplicacao-produto-muelles","14":"aplicacao-produto-oficinas-es","15":"aplicacao-produto-portos-es","16":"aplicacao-produto-sanitario","17":"aplicacao-produto-supermercados-es-2","18":"aplicacoes-do-produto-cobertizos","19":"aplicacoes-do-produto-ferrocarril","20":"aplicacoes-do-produto-ferrocarril-2","21":"aplicacoes-do-produto-logistica-es","22":"aplicacoes-do-produto-puertos","23":"linha-do-produto-boraceia-es","25":"first","26":"instock","27":"shipping-taxable","28":"purchasable","29":"product-type-variable"},"_links":{"self":[{"href":"https:\/\/dev.conexled.com\/es\/wp-json\/wp\/v2\/product\/11156","targetHints":{"allow":["GET"]}}],"collection":[{"href":"https:\/\/dev.conexled.com\/es\/wp-json\/wp\/v2\/product"}],"about":[{"href":"https:\/\/dev.conexled.com\/es\/wp-json\/wp\/v2\/types\/product"}],"replies":[{"embeddable":true,"href":"https:\/\/dev.conexled.com\/es\/wp-json\/wp\/v2\/comments?post=11156"}],"wp:featuredmedia":[{"embeddable":true,"href":"https:\/\/dev.conexled.com\/es\/wp-json\/wp\/v2\/media\/35669"}],"wp:attachment":[{"href":"https:\/\/dev.conexled.com\/es\/wp-json\/wp\/v2\/media?parent=11156"}],"wp:term":[{"taxonomy":"product_brand","embeddable":true,"href":"https:\/\/dev.conexled.com\/es\/wp-json\/wp\/v2\/product_brand?post=11156"},{"taxonomy":"product_cat","embeddable":true,"href":"https:\/\/dev.conexled.com\/es\/wp-json\/wp\/v2\/product_cat?post=11156"},{"taxonomy":"product_tag","embeddable":true,"href":"https:\/\/dev.conexled.com\/es\/wp-json\/wp\/v2\/product_tag?post=11156"},{"taxonomy":"aplicacao-produto","embeddable":true,"href":"https:\/\/dev.conexled.com\/es\/wp-json\/wp\/v2\/aplicacao-produto?post=11156"},{"taxonomy":"aplicacoes-do-produto","embeddable":true,"href":"https:\/\/dev.conexled.com\/es\/wp-json\/wp\/v2\/aplicacoes-do-produto?post=11156"},{"taxonomy":"linha-do-produto","embeddable":true,"href":"https:\/\/dev.conexled.com\/es\/wp-json\/wp\/v2\/linha-do-produto?post=11156"}],"curies":[{"name":"wp","href":"https:\/\/api.w.org\/{rel}","templated":true}]}}