{"id":11124,"date":"2023-04-20T08:28:43","date_gmt":"2023-04-20T11:28:43","guid":{"rendered":"https:\/\/dev.conexled.com\/product\/clk-ex\/"},"modified":"2025-04-29T15:47:45","modified_gmt":"2025-04-29T18:47:45","slug":"clk-ex","status":"publish","type":"product","link":"https:\/\/dev.conexled.com\/es\/product\/jureia-es\/clk-ex\/","title":{"rendered":"CLK-EX"},"content":{"rendered":"<p><span style=\"font-weight: 400;\">Sistema innovador, fabricado en material termopl\u00e1stico de alta resistencia, la luminaria aut\u00f3noma de emergencia de la l\u00ednea Jur\u00e9ia Conexled fue dise\u00f1ada para iluminar ambientes en situaci\u00f3n de corte de energ\u00eda en \u00e1reas clasificadas de gas y polvo combustible. Ideal para aplicaciones en qu\u00edmica, procesamiento, petroqu\u00edmica, pinturas y barnices, farmac\u00e9utica, alimentos, plataformas petrol\u00edferas, dep\u00f3sitos de productos inflamables, almacenamiento y transporte de granos, etc. Ligero y resistente, cuerpo y faros fabricados en policarbonato de alta resistencia mec\u00e1nica con protecci\u00f3n UV. Excelente autonom\u00eda y flujo luminoso apto para uso en \u00e1reas industriales.<\/span><\/p>\n<p>&nbsp;<\/p>\n","protected":false},"excerpt":{"rendered":"<p><span style=\"font-weight: 400;\">Sistema innovador, fabricado en material termopl\u00e1stico de alta resistencia, la luminaria aut\u00f3noma de emergencia de la l\u00ednea Jur\u00e9ia Conexled fue dise\u00f1ada para iluminar ambientes en situaci\u00f3n de corte de energ\u00eda en \u00e1reas clasificadas de gas y polvo combustible.<\/span><\/p>\n","protected":false},"featured_media":9440,"comment_status":"open","ping_status":"closed","template":"","meta":[],"product_brand":[],"product_cat":[6137],"product_tag":[],"aplicacao-produto":[7006,7024,7021,7022,7023],"aplicacoes-do-produto":[6490,6476,6396,6454,6456,6458,6472,6492,6394,6462,6452,6464,6468,6488,6466,6484,6500,6502,6496,6498],"linha-do-produto":[7188],"class_list":{"0":"post-11124","1":"product","2":"type-product","3":"status-publish","4":"has-post-thumbnail","6":"product_cat-modulo-de-emergencia-es","7":"aplicacao-produto-industrias-es","8":"aplicacao-produto-plantas-de-energia","9":"aplicacao-produto-plantas-hidroelectricas","10":"aplicacao-produto-plataformas-es","11":"aplicacao-produto-refinerias","12":"aplicacoes-do-produto-agrietamiento","13":"aplicacoes-do-produto-cobertizos","14":"aplicacoes-do-produto-escalera-electrica-2","15":"aplicacoes-do-produto-estaciones-de-bombeo","16":"aplicacoes-do-produto-estaciones-de-compresion","17":"aplicacoes-do-produto-estaciones-de-lanzamiento-o-recepcion-pigs","18":"aplicacoes-do-produto-galerias-es","19":"aplicacoes-do-produto-hdt-hidrotratamiento-de-diesel","20":"aplicacoes-do-produto-industrias-mineras","21":"aplicacoes-do-produto-oleoducto-es","22":"aplicacoes-do-produto-plataformas-marinas","23":"aplicacoes-do-produto-procesando-8","24":"aplicacoes-do-produto-puertos","25":"aplicacoes-do-produto-refinerias","26":"aplicacoes-do-produto-tuberia-es","27":"aplicacoes-do-produto-tuneles-2","28":"aplicacoes-do-produto-unidad-de-coque","29":"aplicacoes-do-produto-unidad-de-reformado-catalitico","30":"aplicacoes-do-produto-upgn-unidad-de-procesamiento-de-gas-natural","31":"aplicacoes-do-produto-ure-unidad-de-recuperacion-de-azufre","32":"linha-do-produto-jureia-es","34":"first","35":"instock","36":"shipping-taxable","37":"purchasable","38":"product-type-variable"},"_links":{"self":[{"href":"https:\/\/dev.conexled.com\/es\/wp-json\/wp\/v2\/product\/11124","targetHints":{"allow":["GET"]}}],"collection":[{"href":"https:\/\/dev.conexled.com\/es\/wp-json\/wp\/v2\/product"}],"about":[{"href":"https:\/\/dev.conexled.com\/es\/wp-json\/wp\/v2\/types\/product"}],"replies":[{"embeddable":true,"href":"https:\/\/dev.conexled.com\/es\/wp-json\/wp\/v2\/comments?post=11124"}],"wp:featuredmedia":[{"embeddable":true,"href":"https:\/\/dev.conexled.com\/es\/wp-json\/wp\/v2\/media\/9440"}],"wp:attachment":[{"href":"https:\/\/dev.conexled.com\/es\/wp-json\/wp\/v2\/media?parent=11124"}],"wp:term":[{"taxonomy":"product_brand","embeddable":true,"href":"https:\/\/dev.conexled.com\/es\/wp-json\/wp\/v2\/product_brand?post=11124"},{"taxonomy":"product_cat","embeddable":true,"href":"https:\/\/dev.conexled.com\/es\/wp-json\/wp\/v2\/product_cat?post=11124"},{"taxonomy":"product_tag","embeddable":true,"href":"https:\/\/dev.conexled.com\/es\/wp-json\/wp\/v2\/product_tag?post=11124"},{"taxonomy":"aplicacao-produto","embeddable":true,"href":"https:\/\/dev.conexled.com\/es\/wp-json\/wp\/v2\/aplicacao-produto?post=11124"},{"taxonomy":"aplicacoes-do-produto","embeddable":true,"href":"https:\/\/dev.conexled.com\/es\/wp-json\/wp\/v2\/aplicacoes-do-produto?post=11124"},{"taxonomy":"linha-do-produto","embeddable":true,"href":"https:\/\/dev.conexled.com\/es\/wp-json\/wp\/v2\/linha-do-produto?post=11124"}],"curies":[{"name":"wp","href":"https:\/\/api.w.org\/{rel}","templated":true}]}}