{"id":11108,"date":"2023-04-19T14:49:29","date_gmt":"2023-04-19T17:49:29","guid":{"rendered":"https:\/\/dev.conexled.com\/product\/cls-ufc\/"},"modified":"2025-04-30T10:42:31","modified_gmt":"2025-04-30T13:42:31","slug":"luminaria-solar-led","status":"publish","type":"product","link":"https:\/\/dev.conexled.com\/es\/product\/sahy\/luminaria-solar-led\/","title":{"rendered":"CLS"},"content":{"rendered":"<p>La <strong>Luminaria Solar LED<\/strong> de la l\u00ednea <strong>Sahy<\/strong> est\u00e1 disponible en las versiones <strong>est\u00e1ndar CLS-UF(F)<\/strong> e <strong>h\u00edbrida CLS-HUF(F)<\/strong>, ofreciendo una soluci\u00f3n de iluminaci\u00f3n sostenible y eficiente para ambientes exteriores. Alimentada por un <strong>panel solar monocristalino<\/strong>, que garantiza alta eficiencia y durabilidad, la luminaria cuenta con su propia fuente de generaci\u00f3n de energ\u00eda, controlador de carga, bater\u00edas de <strong>litio LiFePO4<\/strong> y placa LED integrada.<\/p>\n<p>Con potencias que var\u00edan de <strong>30W a 80W<\/strong>, la luminaria es ideal para aplicaciones en <strong>condominios, estacionamientos, plazas, parques, granjas, estaciones de tren<\/strong> y otros <strong>ambientes exteriores<\/strong>. Equipadas con un <strong>sensor de presencia por radar de microondas<\/strong>, las luminarias aumentan autom\u00e1ticamente su potencia al detectar movimiento en un radio de hasta 10 metros, garantizando seguridad y ahorro de energ\u00eda.<\/p>\n<p>La luminaria ofrece <strong>autonom\u00eda de hasta 16 horas<\/strong> con regulaci\u00f3n autom\u00e1tica al 50% de la potencia durante la noche, pudiendo operar a plena potencia por <strong>6 horas<\/strong> en d\u00edas soleados. En d\u00edas nublados, la autonom\u00eda puede variar. El producto cuenta con un <strong>grado de protecci\u00f3n IP66<\/strong> y <strong>grado de impacto IK08<\/strong>, lo que la hace resistente al agua y a los impactos, ideal para lugares con condiciones clim\u00e1ticas adversas.<\/p>\n<p>Su <strong>dise\u00f1o modular<\/strong> facilita el mantenimiento, con <strong>conexiones impermeables<\/strong> e identificadas por colores, adem\u00e1s de ser compatible con instalaci\u00f3n en la parte superior de postes o brazos. La vida \u00fatil estimada de las bater\u00edas LiFePO4 es de m\u00e1s de <strong>2000 ciclos<\/strong>, lo que garantiza longevidad y confiabilidad en el sistema de iluminaci\u00f3n.<\/p>\n","protected":false},"excerpt":{"rendered":"<p>Luminaria Solar LED de la l\u00ednea Sahy, con panel solar monocristalino y bater\u00edas de litio LiFePO4. Ideal para exteriores, ofrece hasta 16 horas de autonom\u00eda y sensor de presencia por radar de microondas.<\/p>\n","protected":false},"featured_media":9496,"comment_status":"open","ping_status":"closed","template":"","meta":[],"product_brand":[],"product_cat":[6133],"product_tag":[8917,8919,8915,8914,8906,8918,8916],"aplicacao-produto":[7060,7061,7184,7185,7147],"aplicacoes-do-produto":[6396,6470,6446,6370,6394,6436,6400,6508,6380,6468,6506],"linha-do-produto":[7186],"class_list":{"0":"post-11108","1":"product","2":"type-product","3":"status-publish","4":"has-post-thumbnail","6":"product_cat-iluminacion-para-postes","7":"product_tag-bateria-de-litio-lifepo4","8":"product_tag-iluminacion-para-entornos-exteriores","9":"product_tag-iluminacion-sostenible","10":"product_tag-luminaria-solar-led","11":"product_tag-proteccion-ip66","12":"product_tag-resistencia-al-agua","13":"product_tag-sensor-de-presencia","14":"aplicacao-produto-condominios-es-2","15":"aplicacao-produto-estacionamientos","16":"aplicacao-produto-estaciones-de-tren","17":"aplicacao-produto-fazendas-es","18":"aplicacao-produto-plazas-y-parques","19":"aplicacoes-do-produto-escalera-electrica-2","20":"aplicacoes-do-produto-ferrocarril","21":"aplicacoes-do-produto-ferrocarril-2","22":"aplicacoes-do-produto-industria-de-fertilizantes-es","23":"aplicacoes-do-produto-industrias-mineras","24":"aplicacoes-do-produto-logistica-es","25":"aplicacoes-do-produto-minas-es","26":"aplicacoes-do-produto-patio-es-6","27":"aplicacoes-do-produto-patios-es-3","28":"aplicacoes-do-produto-puertos","29":"aplicacoes-do-produto-saneamiento","30":"linha-do-produto-sahy-es","32":"first","33":"instock","34":"shipping-taxable","35":"purchasable","36":"product-type-variable"},"_links":{"self":[{"href":"https:\/\/dev.conexled.com\/es\/wp-json\/wp\/v2\/product\/11108","targetHints":{"allow":["GET"]}}],"collection":[{"href":"https:\/\/dev.conexled.com\/es\/wp-json\/wp\/v2\/product"}],"about":[{"href":"https:\/\/dev.conexled.com\/es\/wp-json\/wp\/v2\/types\/product"}],"replies":[{"embeddable":true,"href":"https:\/\/dev.conexled.com\/es\/wp-json\/wp\/v2\/comments?post=11108"}],"wp:featuredmedia":[{"embeddable":true,"href":"https:\/\/dev.conexled.com\/es\/wp-json\/wp\/v2\/media\/9496"}],"wp:attachment":[{"href":"https:\/\/dev.conexled.com\/es\/wp-json\/wp\/v2\/media?parent=11108"}],"wp:term":[{"taxonomy":"product_brand","embeddable":true,"href":"https:\/\/dev.conexled.com\/es\/wp-json\/wp\/v2\/product_brand?post=11108"},{"taxonomy":"product_cat","embeddable":true,"href":"https:\/\/dev.conexled.com\/es\/wp-json\/wp\/v2\/product_cat?post=11108"},{"taxonomy":"product_tag","embeddable":true,"href":"https:\/\/dev.conexled.com\/es\/wp-json\/wp\/v2\/product_tag?post=11108"},{"taxonomy":"aplicacao-produto","embeddable":true,"href":"https:\/\/dev.conexled.com\/es\/wp-json\/wp\/v2\/aplicacao-produto?post=11108"},{"taxonomy":"aplicacoes-do-produto","embeddable":true,"href":"https:\/\/dev.conexled.com\/es\/wp-json\/wp\/v2\/aplicacoes-do-produto?post=11108"},{"taxonomy":"linha-do-produto","embeddable":true,"href":"https:\/\/dev.conexled.com\/es\/wp-json\/wp\/v2\/linha-do-produto?post=11108"}],"curies":[{"name":"wp","href":"https:\/\/api.w.org\/{rel}","templated":true}]}}