{"id":11102,"date":"2023-04-19T14:57:36","date_gmt":"2023-04-19T17:57:36","guid":{"rendered":"https:\/\/dev.conexled.com\/product\/cld-l\/"},"modified":"2025-04-30T10:39:20","modified_gmt":"2025-04-30T13:39:20","slug":"luminaria-decorativa-led","status":"publish","type":"product","link":"https:\/\/dev.conexled.com\/es\/product\/prumirim-es\/luminaria-decorativa-led\/","title":{"rendered":"CLD-L(G)"},"content":{"rendered":"<p>La <strong data-start=\"531\" data-end=\"588\">Luminaria Decorativa Ornamental LED Prumirim CLD-L(G)<\/strong> est\u00e1 dise\u00f1ada para realzar la iluminaci\u00f3n en \u00e1reas exteriores, combinando est\u00e9tica y eficiencia. Con difusor de vidrio templado transparente y fijaci\u00f3n en la parte superior de postes, proporciona una iluminaci\u00f3n \u00f3ptima para plazas, parques y estacionamientos.<\/p>\n","protected":false},"excerpt":{"rendered":"<p>Luminaria decorativa LED para \u00e1reas exteriores, con dise\u00f1o moderno, difusor de vidrio templado y alta eficiencia lum\u00ednica. Ideal para plazas, parques y estacionamientos.<\/p>\n","protected":false},"featured_media":34999,"comment_status":"open","ping_status":"closed","template":"","meta":[],"product_brand":[],"product_cat":[6133],"product_tag":[],"aplicacao-produto":[7180,7060,7182,7061,7185,7181,7075],"aplicacoes-do-produto":[6288,6304,6308,6286,6300],"linha-do-produto":[7183],"class_list":{"0":"post-11102","1":"product","2":"type-product","3":"status-publish","4":"has-post-thumbnail","6":"product_cat-iluminacion-para-postes","7":"aplicacao-produto-cenefa","8":"aplicacao-produto-condominios-es-2","9":"aplicacao-produto-cuadricula","10":"aplicacao-produto-estacionamientos","11":"aplicacao-produto-fazendas-es","12":"aplicacao-produto-parques-es","13":"aplicacao-produto-vias-publicas","14":"aplicacoes-do-produto-campos-y-corte","15":"aplicacoes-do-produto-condominios-es","16":"aplicacoes-do-produto-cuadricula","17":"aplicacoes-do-produto-iluminacion-comercial","18":"aplicacoes-do-produto-iluminacion-publica","19":"linha-do-produto-prumirim-es","21":"first","22":"instock","23":"shipping-taxable","24":"purchasable","25":"product-type-variable"},"_links":{"self":[{"href":"https:\/\/dev.conexled.com\/es\/wp-json\/wp\/v2\/product\/11102","targetHints":{"allow":["GET"]}}],"collection":[{"href":"https:\/\/dev.conexled.com\/es\/wp-json\/wp\/v2\/product"}],"about":[{"href":"https:\/\/dev.conexled.com\/es\/wp-json\/wp\/v2\/types\/product"}],"replies":[{"embeddable":true,"href":"https:\/\/dev.conexled.com\/es\/wp-json\/wp\/v2\/comments?post=11102"}],"wp:featuredmedia":[{"embeddable":true,"href":"https:\/\/dev.conexled.com\/es\/wp-json\/wp\/v2\/media\/34999"}],"wp:attachment":[{"href":"https:\/\/dev.conexled.com\/es\/wp-json\/wp\/v2\/media?parent=11102"}],"wp:term":[{"taxonomy":"product_brand","embeddable":true,"href":"https:\/\/dev.conexled.com\/es\/wp-json\/wp\/v2\/product_brand?post=11102"},{"taxonomy":"product_cat","embeddable":true,"href":"https:\/\/dev.conexled.com\/es\/wp-json\/wp\/v2\/product_cat?post=11102"},{"taxonomy":"product_tag","embeddable":true,"href":"https:\/\/dev.conexled.com\/es\/wp-json\/wp\/v2\/product_tag?post=11102"},{"taxonomy":"aplicacao-produto","embeddable":true,"href":"https:\/\/dev.conexled.com\/es\/wp-json\/wp\/v2\/aplicacao-produto?post=11102"},{"taxonomy":"aplicacoes-do-produto","embeddable":true,"href":"https:\/\/dev.conexled.com\/es\/wp-json\/wp\/v2\/aplicacoes-do-produto?post=11102"},{"taxonomy":"linha-do-produto","embeddable":true,"href":"https:\/\/dev.conexled.com\/es\/wp-json\/wp\/v2\/linha-do-produto?post=11102"}],"curies":[{"name":"wp","href":"https:\/\/api.w.org\/{rel}","templated":true}]}}