{"id":10899,"date":"2023-04-19T13:49:38","date_gmt":"2023-04-19T16:49:38","guid":{"rendered":"https:\/\/dev.conexled.com\/product\/clz-ex\/"},"modified":"2025-05-23T11:52:51","modified_gmt":"2025-05-23T14:52:51","slug":"clz-ex","status":"publish","type":"product","link":"https:\/\/dev.conexled.com\/es\/product\/siriuba-es\/clz-ex\/","title":{"rendered":"CLZ-EX"},"content":{"rendered":"<p><span style=\"font-weight: 400;\">El reflector LED de la L\u00ednea Siri\u00faba Conexled fue dise\u00f1ado para instalaciones en \u00e1reas clasificadas en las Zonas 1, 2 y 21, 22, brindando el tipo de protecci\u00f3n Ex db mb op is \/ Ex tb op is. Cuerpo fabricado en aleaci\u00f3n de aluminio de alta resistencia mec\u00e1nica y a la corrosi\u00f3n, con eficiente disipaci\u00f3n t\u00e9rmica, garantizando mayor durabilidad del LED y vida de la fuente de alimentaci\u00f3n (driver). Carcasa para equipos de potencia aislada t\u00e9rmicamente del disipador para garantizar un mayor rendimiento y durabilidad de la fuente de alimentaci\u00f3n y accesorios. Cierre herm\u00e9tico con grado de protecci\u00f3n IP66 \/ IP67. Fijaci\u00f3n de las tapas mediante tornillos de acero inoxidable 304 y junta de silicona flexible para altas temperaturas. Acabado con pintura electrost\u00e1tica especial en color gris M6 est\u00e1ndar N6.5. Suministro de productos con colores personalizados seg\u00fan las necesidades del cliente. Utiliza LED de alta potencia Osram\u00ae.<\/span><\/p>\n","protected":false},"excerpt":{"rendered":"<p>El proyector LED de la l\u00ednea Siri\u00faba Conexled fue dise\u00f1ado para instalaciones en \u00e1reas clasificadas en las Zonas 1, 2 y 21, 22, proporcionando el tipo de protecci\u00f3n Ex db mb op is \/ Ex tb op is.<\/p>\n","protected":false},"featured_media":40105,"comment_status":"open","ping_status":"closed","template":"","meta":[],"product_brand":[],"product_cat":[6125],"product_tag":[],"aplicacao-produto":[7059,7005,7088,7006,7049,7047,7063,7024,7021,7022,7051,7023],"aplicacoes-do-produto":[6530,6460,6452,7163],"linha-do-produto":[7170],"class_list":{"0":"post-10899","1":"product","2":"type-product","3":"status-publish","4":"has-post-thumbnail","6":"product_cat-atmosferas-explosivas-ex","7":"aplicacao-produto-aeropuertos","8":"aplicacao-produto-cobertizos","9":"aplicacao-produto-ferrocarril","10":"aplicacao-produto-industrias-es","11":"aplicacao-produto-laboratorios-es","12":"aplicacao-produto-muelles","13":"aplicacao-produto-peajes","14":"aplicacao-produto-plantas-de-energia","15":"aplicacao-produto-plantas-hidroelectricas","16":"aplicacao-produto-plataformas-es","17":"aplicacao-produto-portos-es","18":"aplicacao-produto-refinerias","19":"aplicacoes-do-produto-agroindustria-es","20":"aplicacoes-do-produto-helipuerto","21":"aplicacoes-do-produto-plataformas-marinas","22":"aplicacoes-do-produto-preparacion-y-extraccion-de-soja-agroindustria-2-es","23":"linha-do-produto-siriuba-es","25":"first","26":"instock","27":"shipping-taxable","28":"purchasable","29":"product-type-variable"},"_links":{"self":[{"href":"https:\/\/dev.conexled.com\/es\/wp-json\/wp\/v2\/product\/10899","targetHints":{"allow":["GET"]}}],"collection":[{"href":"https:\/\/dev.conexled.com\/es\/wp-json\/wp\/v2\/product"}],"about":[{"href":"https:\/\/dev.conexled.com\/es\/wp-json\/wp\/v2\/types\/product"}],"replies":[{"embeddable":true,"href":"https:\/\/dev.conexled.com\/es\/wp-json\/wp\/v2\/comments?post=10899"}],"wp:featuredmedia":[{"embeddable":true,"href":"https:\/\/dev.conexled.com\/es\/wp-json\/wp\/v2\/media\/40105"}],"wp:attachment":[{"href":"https:\/\/dev.conexled.com\/es\/wp-json\/wp\/v2\/media?parent=10899"}],"wp:term":[{"taxonomy":"product_brand","embeddable":true,"href":"https:\/\/dev.conexled.com\/es\/wp-json\/wp\/v2\/product_brand?post=10899"},{"taxonomy":"product_cat","embeddable":true,"href":"https:\/\/dev.conexled.com\/es\/wp-json\/wp\/v2\/product_cat?post=10899"},{"taxonomy":"product_tag","embeddable":true,"href":"https:\/\/dev.conexled.com\/es\/wp-json\/wp\/v2\/product_tag?post=10899"},{"taxonomy":"aplicacao-produto","embeddable":true,"href":"https:\/\/dev.conexled.com\/es\/wp-json\/wp\/v2\/aplicacao-produto?post=10899"},{"taxonomy":"aplicacoes-do-produto","embeddable":true,"href":"https:\/\/dev.conexled.com\/es\/wp-json\/wp\/v2\/aplicacoes-do-produto?post=10899"},{"taxonomy":"linha-do-produto","embeddable":true,"href":"https:\/\/dev.conexled.com\/es\/wp-json\/wp\/v2\/linha-do-produto?post=10899"}],"curies":[{"name":"wp","href":"https:\/\/api.w.org\/{rel}","templated":true}]}}