{"id":10883,"date":"2023-04-19T16:18:41","date_gmt":"2023-04-19T19:18:41","guid":{"rendered":"https:\/\/dev.conexled.com\/product\/cly-pdt\/"},"modified":"2025-04-30T10:25:50","modified_gmt":"2025-04-30T13:25:50","slug":"luminaria-prueba-explosion","status":"publish","type":"product","link":"https:\/\/dev.conexled.com\/es\/product\/pereque\/luminaria-prueba-explosion\/","title":{"rendered":"CLY(D)"},"content":{"rendered":"<p>La <strong>Luminaria a Prueba de Explosi\u00f3n LED &#8211; L\u00ednea Perequ\u00ea CLY(D)<\/strong> est\u00e1 dise\u00f1ada para satisfacer las necesidades de iluminaci\u00f3n en entornos industriales severos, donde la protecci\u00f3n contra atm\u00f3sferas explosivas (Zona 2 o 21 y 22) es esencial. Con potencias que var\u00edan de 20W a 90W, esta l\u00e1mpara ofrece alta eficiencia luminosa y resistencia mec\u00e1nica y a la corrosi\u00f3n.<\/p>\n<p>El cuerpo de la l\u00e1mpara est\u00e1 construido en aluminio fundido de alta resistencia, con un sistema de disipaci\u00f3n t\u00e9rmica eficiente y visor de vidrio templado de 4mm o policarbonato. La l\u00e1mpara tiene un grado de protecci\u00f3n IP66, asegurando estanqueidad contra polvo y chorros de agua, y un grado de impacto IK08, haci\u00e9ndola robusta y resistente a impactos.<\/p>\n<p>Disponible en varias opciones de montaje, incluyendo colgante, apliques de pared de 30\u00b0 y 90\u00b0, plafonier y soportes para postes, la CLY(D) es vers\u00e1til y puede instalarse en una amplia gama de aplicaciones industriales, tanto interiores como exteriores. Adem\u00e1s, la l\u00e1mpara est\u00e1 certificada seg\u00fan normas como NBR IEC 60598-1, 62031, IES LM 80-08, IES TM 21, garantizando el cumplimiento con los m\u00e1s altos est\u00e1ndares de seguridad y rendimiento.<\/p>\n","protected":false},"excerpt":{"rendered":"<p>La <strong>Luminaria a Prueba de Explosi\u00f3n LED CLY(D) &#8211; L\u00ednea Perequ\u00ea<\/strong> es ideal para \u00e1reas industriales clasificadas, ofreciendo alta eficiencia, resistencia y durabilidad.<\/p>\n","protected":false},"featured_media":29151,"comment_status":"open","ping_status":"closed","template":"","meta":[],"product_brand":[],"product_cat":[6125],"product_tag":[8944,8976,8943,8942,8937,8945,8980,8978,8938,8939,8940],"aplicacao-produto":[7006,7024,7021,7022,7023],"aplicacoes-do-produto":[6490,6530,6486,6524,6430,6478,6418,6474,7090,6518,6476,7174,6416,7175,6472,6492,6412,6514,6428,6468,7028,6488,6522,6484,6502,6496,6498],"linha-do-produto":[7112],"class_list":{"0":"post-10883","1":"product","2":"type-product","3":"status-publish","4":"has-post-thumbnail","6":"product_cat-atmosferas-explosivas-ex","7":"product_tag-aluminio-fundido-es","8":"product_tag-dissipacao-termica-es","9":"product_tag-ik08-es","10":"product_tag-ip66-es","11":"product_tag-luminaria-led-para-atmosferas-explosivas-es","12":"product_tag-policarbonato-es","13":"product_tag-resistencia-a-corrosao-es","14":"product_tag-vidro-temperado-es","15":"product_tag-zona-2-es","16":"product_tag-zona-21-es","17":"product_tag-zona-22-es","18":"aplicacao-produto-industrias-es","19":"aplicacao-produto-plantas-de-energia","20":"aplicacao-produto-plantas-hidroelectricas","21":"aplicacao-produto-plataformas-es","22":"aplicacao-produto-refinerias","23":"aplicacoes-do-produto-agrietamiento","24":"aplicacoes-do-produto-agroindustria-es","25":"aplicacoes-do-produto-areas-clasificadas-7","26":"aplicacoes-do-produto-areas-clasificadas-4","27":"aplicacoes-do-produto-areas-clasificadas-2","28":"aplicacoes-do-produto-areas-clasificadas-6","29":"aplicacoes-do-produto-areas-clasificadas","30":"aplicacoes-do-produto-areas-clasificadas-8","31":"aplicacoes-do-produto-areas-classificadas-3-es","32":"aplicacoes-do-produto-carregamento-y-terminais-de-combustivel","33":"aplicacoes-do-produto-cobertizos","34":"aplicacoes-do-produto-despacho-y-embolsado-de-salvado","35":"aplicacoes-do-produto-escalera-electrica","36":"aplicacoes-do-produto-fabrica-de-salvado","37":"aplicacoes-do-produto-galerias-es","38":"aplicacoes-do-produto-hdt-hidrotratamiento-de-diesel","39":"aplicacoes-do-produto-industrias-de-pulpa-y-papel","40":"aplicacoes-do-produto-usinas-es","41":"aplicacoes-do-produto-procesando-2","42":"aplicacoes-do-produto-puertos","43":"aplicacoes-do-produto-recepcion-y-almacenamiento-de-granos-es","44":"aplicacoes-do-produto-refinerias","45":"aplicacoes-do-produto-silos-es","46":"aplicacoes-do-produto-tuneles-2","47":"aplicacoes-do-produto-unidad-de-reformado-catalitico","48":"aplicacoes-do-produto-upgn-unidad-de-procesamiento-de-gas-natural","49":"aplicacoes-do-produto-ure-unidad-de-recuperacion-de-azufre","50":"linha-do-produto-pereque-es","52":"first","53":"instock","54":"shipping-taxable","55":"purchasable","56":"product-type-variable"},"_links":{"self":[{"href":"https:\/\/dev.conexled.com\/es\/wp-json\/wp\/v2\/product\/10883","targetHints":{"allow":["GET"]}}],"collection":[{"href":"https:\/\/dev.conexled.com\/es\/wp-json\/wp\/v2\/product"}],"about":[{"href":"https:\/\/dev.conexled.com\/es\/wp-json\/wp\/v2\/types\/product"}],"replies":[{"embeddable":true,"href":"https:\/\/dev.conexled.com\/es\/wp-json\/wp\/v2\/comments?post=10883"}],"wp:featuredmedia":[{"embeddable":true,"href":"https:\/\/dev.conexled.com\/es\/wp-json\/wp\/v2\/media\/29151"}],"wp:attachment":[{"href":"https:\/\/dev.conexled.com\/es\/wp-json\/wp\/v2\/media?parent=10883"}],"wp:term":[{"taxonomy":"product_brand","embeddable":true,"href":"https:\/\/dev.conexled.com\/es\/wp-json\/wp\/v2\/product_brand?post=10883"},{"taxonomy":"product_cat","embeddable":true,"href":"https:\/\/dev.conexled.com\/es\/wp-json\/wp\/v2\/product_cat?post=10883"},{"taxonomy":"product_tag","embeddable":true,"href":"https:\/\/dev.conexled.com\/es\/wp-json\/wp\/v2\/product_tag?post=10883"},{"taxonomy":"aplicacao-produto","embeddable":true,"href":"https:\/\/dev.conexled.com\/es\/wp-json\/wp\/v2\/aplicacao-produto?post=10883"},{"taxonomy":"aplicacoes-do-produto","embeddable":true,"href":"https:\/\/dev.conexled.com\/es\/wp-json\/wp\/v2\/aplicacoes-do-produto?post=10883"},{"taxonomy":"linha-do-produto","embeddable":true,"href":"https:\/\/dev.conexled.com\/es\/wp-json\/wp\/v2\/linha-do-produto?post=10883"}],"curies":[{"name":"wp","href":"https:\/\/api.w.org\/{rel}","templated":true}]}}