{"id":10868,"date":"2023-04-19T11:57:59","date_gmt":"2023-04-19T14:57:59","guid":{"rendered":"https:\/\/dev.conexled.com\/product\/clg-jd\/"},"modified":"2025-04-30T11:25:30","modified_gmt":"2025-04-30T14:25:30","slug":"clg-jf","status":"publish","type":"product","link":"https:\/\/dev.conexled.com\/es\/product\/guaeca-es\/clg-jf\/","title":{"rendered":"CLG-J(F)"},"content":{"rendered":"<p>El Reflector LED Blindado de la L\u00ednea Guaec\u00e1, modelo CLG-J(F), est\u00e1 dise\u00f1ado para ofrecer iluminaci\u00f3n de alta eficiencia y durabilidad en ambientes adversos. Ideal para \u00e1reas expuestas a condiciones clim\u00e1ticas severas, gases, vapores y polvo, as\u00ed como para lugares resguardados, este reflector se destaca por su robustez y capacidad de iluminaci\u00f3n efectiva.<\/p>\n<p>Disponible en una amplia gama de potencias, desde 30W hasta 400W, el CLG-J(F) est\u00e1 equipado con un protector de sobretensi\u00f3n de 10kA incluido, asegurando protecci\u00f3n adicional contra picos de tensi\u00f3n. Con opciones de regulaci\u00f3n de intensidad disponibles (sujeto a consulta), este reflector permite ajustar la luminosidad seg\u00fan las necesidades espec\u00edficas del lugar.<\/p>\n<p>Construido con un cuerpo de aluminio fundido y un cierre de vidrio templado, ofrece excelente resistencia mec\u00e1nica (grado de impacto IK08) y est\u00e1 completamente sellado contra elementos externos (grado de protecci\u00f3n IP67). La serie est\u00e1 disponible con varias opciones de \u00e1ngulo de haz, de 10\u00b0 a 120\u00b0, proporcionando flexibilidad para diversas aplicaciones de iluminaci\u00f3n.<\/p>\n<p>Este reflector es una elecci\u00f3n ideal para uso en industrias, peajes, muelles, plataformas, ferrocarriles, puertos, galpones, molinos y aeropuertos, y es adecuado para plantas hidroel\u00e9ctricas, ofreciendo una soluci\u00f3n confiable para \u00e1reas que requieren iluminaci\u00f3n de alta performance en condiciones extremas.<\/p>\n","protected":false},"excerpt":{"rendered":"<p>Descubre el Reflector LED Blindado de la L\u00ednea Guaec\u00e1 CLG-J(F), dise\u00f1ado para ambientes adversos, ofreciendo robustez y iluminaci\u00f3n eficiente con protecci\u00f3n integral IP67 e impacto IK08.<\/p>\n","protected":false},"featured_media":9296,"comment_status":"open","ping_status":"closed","template":"","meta":[],"product_brand":[],"product_cat":[6141],"product_tag":[8846,8975,8847,8845],"aplicacao-produto":[7059,7005,7088,7006,7047,7063,7024,7021,7022,7051],"aplicacoes-do-produto":[6530,7025,6372,7026,7027,6516,6476,6414,6396,6470,6446,6472,6300,6370,6350,6412,6394,6436,6360,6404,6432,7076,6364,6380,6480,6514,6402,6428,6376,6468,6366,6368,6488,6506,6526,6510,6494,6484,6312,6410],"linha-do-produto":[7109],"class_list":{"0":"post-10868","1":"product","2":"type-product","3":"status-publish","4":"has-post-thumbnail","6":"product_cat-proyectores","7":"product_tag-alta-eficiencia-es","8":"product_tag-iluminacao-industrial-es","9":"product_tag-resistencia-a-impactos-ik08-es","10":"product_tag-robustez-es","11":"aplicacao-produto-aeropuertos","12":"aplicacao-produto-cobertizos","13":"aplicacao-produto-ferrocarril","14":"aplicacao-produto-industrias-es","15":"aplicacao-produto-muelles","16":"aplicacao-produto-peajes","17":"aplicacao-produto-plantas-de-energia","18":"aplicacao-produto-plantas-hidroelectricas","19":"aplicacao-produto-plataformas-es","20":"aplicacao-produto-portos-es","21":"aplicacoes-do-produto-agroindustria-es","22":"aplicacoes-do-produto-almacenamiento-de-aceite-refinado-melaza-goma-agroindustria-es","23":"aplicacoes-do-produto-almacenes-es","24":"aplicacoes-do-produto-biomassa-es","25":"aplicacoes-do-produto-caldeira-es","26":"aplicacoes-do-produto-caldera-2","27":"aplicacoes-do-produto-cobertizos","28":"aplicacoes-do-produto-embalaje-2","29":"aplicacoes-do-produto-escalera-electrica-2","30":"aplicacoes-do-produto-ferrocarril","31":"aplicacoes-do-produto-ferrocarril-2","32":"aplicacoes-do-produto-galerias-es","33":"aplicacoes-do-produto-iluminacion-publica","34":"aplicacoes-do-produto-industria-de-fertilizantes-es","35":"aplicacoes-do-produto-industria-metalurgica","36":"aplicacoes-do-produto-industrias-de-pulpa-y-papel","37":"aplicacoes-do-produto-industrias-mineras","38":"aplicacoes-do-produto-logistica-es","39":"aplicacoes-do-produto-patio-es-3","40":"aplicacoes-do-produto-patio-2-es","41":"aplicacoes-do-produto-patio-es","42":"aplicacoes-do-produto-patio-agroindustria-2-es","43":"aplicacoes-do-produto-patio-de-sinterizacion","44":"aplicacoes-do-produto-patios-es-3","45":"aplicacoes-do-produto-patios-es-4","46":"aplicacoes-do-produto-usinas-es","47":"aplicacoes-do-produto-procesando-3","48":"aplicacoes-do-produto-procesando-2","49":"aplicacoes-do-produto-procesando-6","50":"aplicacoes-do-produto-puertos","51":"aplicacoes-do-produto-reduccion","52":"aplicacoes-do-produto-refinacion","53":"aplicacoes-do-produto-refinerias","54":"aplicacoes-do-produto-saneamiento","55":"aplicacoes-do-produto-tanques-de-almacenaje","56":"aplicacoes-do-produto-tratamientos-de-agua-2","57":"aplicacoes-do-produto-tratamientos-de-agua","58":"aplicacoes-do-produto-tuneles-2","59":"aplicacoes-do-produto-tuneles-es","60":"aplicacoes-do-produto-volcadores-de-coches","61":"linha-do-produto-guaeca-es","63":"first","64":"instock","65":"shipping-taxable","66":"purchasable","67":"product-type-variable"},"_links":{"self":[{"href":"https:\/\/dev.conexled.com\/es\/wp-json\/wp\/v2\/product\/10868","targetHints":{"allow":["GET"]}}],"collection":[{"href":"https:\/\/dev.conexled.com\/es\/wp-json\/wp\/v2\/product"}],"about":[{"href":"https:\/\/dev.conexled.com\/es\/wp-json\/wp\/v2\/types\/product"}],"replies":[{"embeddable":true,"href":"https:\/\/dev.conexled.com\/es\/wp-json\/wp\/v2\/comments?post=10868"}],"wp:featuredmedia":[{"embeddable":true,"href":"https:\/\/dev.conexled.com\/es\/wp-json\/wp\/v2\/media\/9296"}],"wp:attachment":[{"href":"https:\/\/dev.conexled.com\/es\/wp-json\/wp\/v2\/media?parent=10868"}],"wp:term":[{"taxonomy":"product_brand","embeddable":true,"href":"https:\/\/dev.conexled.com\/es\/wp-json\/wp\/v2\/product_brand?post=10868"},{"taxonomy":"product_cat","embeddable":true,"href":"https:\/\/dev.conexled.com\/es\/wp-json\/wp\/v2\/product_cat?post=10868"},{"taxonomy":"product_tag","embeddable":true,"href":"https:\/\/dev.conexled.com\/es\/wp-json\/wp\/v2\/product_tag?post=10868"},{"taxonomy":"aplicacao-produto","embeddable":true,"href":"https:\/\/dev.conexled.com\/es\/wp-json\/wp\/v2\/aplicacao-produto?post=10868"},{"taxonomy":"aplicacoes-do-produto","embeddable":true,"href":"https:\/\/dev.conexled.com\/es\/wp-json\/wp\/v2\/aplicacoes-do-produto?post=10868"},{"taxonomy":"linha-do-produto","embeddable":true,"href":"https:\/\/dev.conexled.com\/es\/wp-json\/wp\/v2\/linha-do-produto?post=10868"}],"curies":[{"name":"wp","href":"https:\/\/api.w.org\/{rel}","templated":true}]}}