{"id":10860,"date":"2023-04-19T14:21:47","date_gmt":"2023-04-19T17:21:47","guid":{"rendered":"https:\/\/dev.conexled.com\/product\/clyx-a30\/"},"modified":"2025-04-30T10:56:14","modified_gmt":"2025-04-30T13:56:14","slug":"luminaria-led-explosion-clyx","status":"publish","type":"product","link":"https:\/\/dev.conexled.com\/es\/product\/sape\/luminaria-led-explosion-clyx\/","title":{"rendered":"CLYX(D)"},"content":{"rendered":"<p>La <strong>Luminaria a Prueba de Explosi\u00f3n LED (Zona 1 y 2 o 21 y 22) &#8211; L\u00ednea Sap\u00ea CLYX(D)<\/strong> est\u00e1 dise\u00f1ada para satisfacer las necesidades de iluminaci\u00f3n en entornos industriales severos, donde la protecci\u00f3n contra atm\u00f3sferas explosivas (Zona 1 y 2 o 21 y 22) es esencial. Con potencias que var\u00edan de 20W a 90W, esta luminaria ofrece alta eficiencia luminosa y resistencia mec\u00e1nica y a la corrosi\u00f3n.<\/p>\n<p>El cuerpo de la luminaria est\u00e1 construido en aluminio fundido de alta resistencia, con un sistema de disipaci\u00f3n t\u00e9rmica eficiente y visor de vidrio templado de 4mm o policarbonato. La luminaria tiene un grado de protecci\u00f3n IP66, asegurando estanqueidad contra polvo y chorros de agua, y un grado de impacto IK08, haci\u00e9ndola robusta y resistente a impactos.<\/p>\n<p>Disponible en varias opciones de montaje, incluyendo colgante, apliques de pared de 30\u00b0 y 90\u00b0, plafonier y soportes para postes, la CLYX(D) es vers\u00e1til y puede instalarse en una amplia gama de aplicaciones industriales, tanto interiores como exteriores. Adem\u00e1s, la l\u00e1mpara est\u00e1 certificada seg\u00fan normas como NBR IEC 60598-1, 62031, IES LM 80-08, IES TM 21, garantizando el cumplimiento con los m\u00e1s altos est\u00e1ndares de seguridad y rendimiento.<\/p>\n","protected":false},"excerpt":{"rendered":"<p>La <strong>Luminaria a Prueba de Explosi\u00f3n LED (Zona 1 y 2 o 21 y 22) CLYX(D) &#8211; L\u00ednea Sap\u00ea<\/strong> es ideal para \u00e1reas industriales clasificadas, ofreciendo alta eficiencia, resistencia y durabilidad.<\/p>\n","protected":false},"featured_media":29151,"comment_status":"open","ping_status":"closed","template":"","meta":[],"product_brand":[],"product_cat":[6125],"product_tag":[8944,8993,8976,8943,8942,8945,8980,8978,8986,8938,8939,8940],"aplicacao-produto":[7006,7024,7021,7022,7023],"aplicacoes-do-produto":[6530,6486,6478,6474,6476,6472,7163,6468,6484],"linha-do-produto":[7164],"class_list":{"0":"post-10860","1":"product","2":"type-product","3":"status-publish","4":"has-post-thumbnail","6":"product_cat-atmosferas-explosivas-ex","7":"product_tag-aluminio-fundido-es","8":"product_tag-clyx-a30-es","9":"product_tag-dissipacao-termica-es","10":"product_tag-ik08-es","11":"product_tag-ip66-es","12":"product_tag-policarbonato-es","13":"product_tag-resistencia-a-corrosao-es","14":"product_tag-vidro-temperado-es","15":"product_tag-zona-1-es","16":"product_tag-zona-2-es","17":"product_tag-zona-21-es","18":"product_tag-zona-22-es","19":"aplicacao-produto-industrias-es","20":"aplicacao-produto-plantas-de-energia","21":"aplicacao-produto-plantas-hidroelectricas","22":"aplicacao-produto-plataformas-es","23":"aplicacao-produto-refinerias","24":"aplicacoes-do-produto-agroindustria-es","25":"aplicacoes-do-produto-areas-clasificadas-7","26":"aplicacoes-do-produto-areas-clasificadas-6","27":"aplicacoes-do-produto-areas-clasificadas-8","28":"aplicacoes-do-produto-cobertizos","29":"aplicacoes-do-produto-galerias-es","30":"aplicacoes-do-produto-preparacion-y-extraccion-de-soja-agroindustria-2-es","31":"aplicacoes-do-produto-puertos","32":"aplicacoes-do-produto-tuneles-2","33":"linha-do-produto-sape-es","35":"first","36":"instock","37":"shipping-taxable","38":"purchasable","39":"product-type-variable"},"_links":{"self":[{"href":"https:\/\/dev.conexled.com\/es\/wp-json\/wp\/v2\/product\/10860","targetHints":{"allow":["GET"]}}],"collection":[{"href":"https:\/\/dev.conexled.com\/es\/wp-json\/wp\/v2\/product"}],"about":[{"href":"https:\/\/dev.conexled.com\/es\/wp-json\/wp\/v2\/types\/product"}],"replies":[{"embeddable":true,"href":"https:\/\/dev.conexled.com\/es\/wp-json\/wp\/v2\/comments?post=10860"}],"wp:featuredmedia":[{"embeddable":true,"href":"https:\/\/dev.conexled.com\/es\/wp-json\/wp\/v2\/media\/29151"}],"wp:attachment":[{"href":"https:\/\/dev.conexled.com\/es\/wp-json\/wp\/v2\/media?parent=10860"}],"wp:term":[{"taxonomy":"product_brand","embeddable":true,"href":"https:\/\/dev.conexled.com\/es\/wp-json\/wp\/v2\/product_brand?post=10860"},{"taxonomy":"product_cat","embeddable":true,"href":"https:\/\/dev.conexled.com\/es\/wp-json\/wp\/v2\/product_cat?post=10860"},{"taxonomy":"product_tag","embeddable":true,"href":"https:\/\/dev.conexled.com\/es\/wp-json\/wp\/v2\/product_tag?post=10860"},{"taxonomy":"aplicacao-produto","embeddable":true,"href":"https:\/\/dev.conexled.com\/es\/wp-json\/wp\/v2\/aplicacao-produto?post=10860"},{"taxonomy":"aplicacoes-do-produto","embeddable":true,"href":"https:\/\/dev.conexled.com\/es\/wp-json\/wp\/v2\/aplicacoes-do-produto?post=10860"},{"taxonomy":"linha-do-produto","embeddable":true,"href":"https:\/\/dev.conexled.com\/es\/wp-json\/wp\/v2\/linha-do-produto?post=10860"}],"curies":[{"name":"wp","href":"https:\/\/api.w.org\/{rel}","templated":true}]}}