{"id":10846,"date":"2023-04-19T11:44:35","date_gmt":"2023-04-19T14:44:35","guid":{"rendered":"https:\/\/dev.conexled.com\/product\/clg-spr\/"},"modified":"2025-04-30T11:48:26","modified_gmt":"2025-04-30T14:48:26","slug":"clg-sprf","status":"publish","type":"product","link":"https:\/\/dev.conexled.com\/es\/product\/guaeca-es\/clg-sprf\/","title":{"rendered":"CLG-SPR(F)"},"content":{"rendered":"<p>El Reflector LED Antivibraci\u00f3n de la L\u00ednea Guaec\u00e1, modelo CLG-SPR(F), est\u00e1 dise\u00f1ado especialmente para aplicaciones que requieren iluminaci\u00f3n robusta y resistente en entornos expuestos a vibraciones intensas. Este equipo es ideal para su uso en lugares como puertos, aeropuertos, minas y \u00e1reas industriales donde las vibraciones y los impactos son frecuentes.<\/p>\n<p>Equipado con un sistema de suspensi\u00f3n antivibraci\u00f3n, el CLG-SPR(F) protege la integridad del equipo contra los da\u00f1os que pueden ser causados por vibraciones excesivas, prolongando significativamente su vida \u00fatil. Esta caracter\u00edstica asegura la estabilidad del reflector incluso en condiciones extremas, previniendo fallas prematuras y manteniendo la eficacia de la iluminaci\u00f3n.<\/p>\n<p>Disponible en potencias que var\u00edan de 30W a 400W, el reflector ofrece un flujo luminoso impresionante, garantizando una cobertura amplia y eficaz. Su versatilidad se ve reforzada por la capacidad de ajustar el \u00e1ngulo del haz de luz, permitiendo un direccionamiento preciso de la luz seg\u00fan las necesidades espec\u00edficas de cada proyecto.<\/p>\n<p>El CLG-SPR(F) est\u00e1 construido con materiales de alta durabilidad, como aluminio fundido y vidrio templado, y cuenta con un \u00edndice de protecci\u00f3n IP67, lo que lo hace completamente protegido contra el polvo y la inmersi\u00f3n temporal en agua. Adem\u00e1s, la certificaci\u00f3n de resistencia al impacto IK08 asegura que el reflector pueda soportar impactos externos sin comprometer su funcionalidad.<\/p>\n","protected":false},"excerpt":{"rendered":"<p>El conjunto antivibraciones tiene la funci\u00f3n de evitar el quemado prematuro del proyector y otros efectos que el exceso de vibraciones pueda provocar en el sistema de iluminaci\u00f3n.<\/p>\n","protected":false},"featured_media":10315,"comment_status":"open","ping_status":"closed","template":"","meta":[],"product_brand":[],"product_cat":[6141],"product_tag":[9204,9191,9201,9081,9202,8720,8822,9192,9123,9203],"aplicacao-produto":[7059,7005,7088,7006,7047,7063,7024,7021,7022,7051],"aplicacoes-do-produto":[6418,6396,6416,6446,6412,6394,6436,6448,6398],"linha-do-produto":[7109],"class_list":{"0":"post-10846","1":"product","2":"type-product","3":"status-publish","4":"has-post-thumbnail","6":"product_cat-proyectores","7":"product_tag-aeropuertos","8":"product_tag-alto-rendimiento","9":"product_tag-antivibracion","10":"product_tag-areas-industriales","11":"product_tag-clg-sprf","12":"product_tag-iluminacion-industrial","13":"product_tag-linea-guaeca","14":"product_tag-puertos","15":"product_tag-reflector-led","16":"product_tag-resistente-a-vibraciones","17":"aplicacao-produto-aeropuertos","18":"aplicacao-produto-cobertizos","19":"aplicacao-produto-ferrocarril","20":"aplicacao-produto-industrias-es","21":"aplicacao-produto-muelles","22":"aplicacao-produto-peajes","23":"aplicacao-produto-plantas-de-energia","24":"aplicacao-produto-plantas-hidroelectricas","25":"aplicacao-produto-plataformas-es","26":"aplicacao-produto-portos-es","27":"aplicacoes-do-produto-areas-clasificadas","28":"aplicacoes-do-produto-escalera-electrica-2","29":"aplicacoes-do-produto-escalera-electrica","30":"aplicacoes-do-produto-ferrocarril-2","31":"aplicacoes-do-produto-industrias-de-pulpa-y-papel","32":"aplicacoes-do-produto-industrias-mineras","33":"aplicacoes-do-produto-logistica-es","34":"aplicacoes-do-produto-zonas-con-alto-indice-de-vibraciones-3","35":"aplicacoes-do-produto-zonas-con-alto-indice-de-vibraciones","36":"linha-do-produto-guaeca-es","38":"first","39":"instock","40":"shipping-taxable","41":"purchasable","42":"product-type-variable"},"_links":{"self":[{"href":"https:\/\/dev.conexled.com\/es\/wp-json\/wp\/v2\/product\/10846","targetHints":{"allow":["GET"]}}],"collection":[{"href":"https:\/\/dev.conexled.com\/es\/wp-json\/wp\/v2\/product"}],"about":[{"href":"https:\/\/dev.conexled.com\/es\/wp-json\/wp\/v2\/types\/product"}],"replies":[{"embeddable":true,"href":"https:\/\/dev.conexled.com\/es\/wp-json\/wp\/v2\/comments?post=10846"}],"wp:featuredmedia":[{"embeddable":true,"href":"https:\/\/dev.conexled.com\/es\/wp-json\/wp\/v2\/media\/10315"}],"wp:attachment":[{"href":"https:\/\/dev.conexled.com\/es\/wp-json\/wp\/v2\/media?parent=10846"}],"wp:term":[{"taxonomy":"product_brand","embeddable":true,"href":"https:\/\/dev.conexled.com\/es\/wp-json\/wp\/v2\/product_brand?post=10846"},{"taxonomy":"product_cat","embeddable":true,"href":"https:\/\/dev.conexled.com\/es\/wp-json\/wp\/v2\/product_cat?post=10846"},{"taxonomy":"product_tag","embeddable":true,"href":"https:\/\/dev.conexled.com\/es\/wp-json\/wp\/v2\/product_tag?post=10846"},{"taxonomy":"aplicacao-produto","embeddable":true,"href":"https:\/\/dev.conexled.com\/es\/wp-json\/wp\/v2\/aplicacao-produto?post=10846"},{"taxonomy":"aplicacoes-do-produto","embeddable":true,"href":"https:\/\/dev.conexled.com\/es\/wp-json\/wp\/v2\/aplicacoes-do-produto?post=10846"},{"taxonomy":"linha-do-produto","embeddable":true,"href":"https:\/\/dev.conexled.com\/es\/wp-json\/wp\/v2\/linha-do-produto?post=10846"}],"curies":[{"name":"wp","href":"https:\/\/api.w.org\/{rel}","templated":true}]}}