{"id":10820,"date":"2023-04-19T12:06:28","date_gmt":"2023-04-19T15:06:28","guid":{"rendered":"https:\/\/dev.conexled.com\/product\/clg-exd\/"},"modified":"2025-04-30T11:34:37","modified_gmt":"2025-04-30T14:34:37","slug":"clg-exf","status":"publish","type":"product","link":"https:\/\/dev.conexled.com\/es\/product\/itarare-es\/clg-exf\/","title":{"rendered":"CLG-EX(F)"},"content":{"rendered":"<p>El Reflector LED a Prueba de Explosiones de la L\u00ednea Itarar\u00e9 CLG-EX(F) est\u00e1 dise\u00f1ado espec\u00edficamente para ambientes con riesgo de explosi\u00f3n, clasificados en Zona 2, 21 y 22. Este reflector incorpora tecnolog\u00eda de protecci\u00f3n Ex nC nR, eliminando la necesidad de pruebas de respiraci\u00f3n restringida durante la instalaci\u00f3n y ofrece una clasificaci\u00f3n IP67, asegurando resistencia total contra la penetraci\u00f3n de polvo y protecci\u00f3n contra la inmersi\u00f3n temporal en agua, junto con una clasificaci\u00f3n de impacto IK08.<\/p>\n<p>Disponible en varias potencias desde 30W hasta 400W, el reflector LED a prueba de explosiones es ideal para una amplia variedad de aplicaciones industriales, incluyendo refiner\u00edas, laboratorios y muelles. Con un \u00edndice de reproducci\u00f3n crom\u00e1tica superior a 70 y opciones de temperatura de color de 3000K o 5000K, este reflector proporciona flexibilidad y eficacia en la iluminaci\u00f3n. Los \u00e1ngulos de haz de 30\u00b0, 60\u00b0 y 90\u00b0 permiten ajustes precisos en la distribuci\u00f3n de la luz, adecuados para diversas necesidades de iluminaci\u00f3n.<\/p>\n<p>Este reflector LED no solo garantiza seguridad y durabilidad, sino que tambi\u00e9n promueve la eficiencia energ\u00e9tica y una \u00f3ptima luminosidad en condiciones extremas.<\/p>\n","protected":false},"excerpt":{"rendered":"<p>Dise\u00f1ado para \u00e1reas clasificadas en Zonas 2, 21 y 22, con tipo de protecci\u00f3n Ex nC nR, sin necesidad de pruebas de respiraci\u00f3n restringidas en campo, al momento de la instalaci\u00f3n.<\/p>\n","protected":false},"featured_media":9296,"comment_status":"open","ping_status":"closed","template":"","meta":[],"product_brand":[],"product_cat":[6125],"product_tag":[8939,8940],"aplicacao-produto":[7059,7005,7088,7006,7049,7047,7063,7024,7021,7022,7051,7023],"aplicacoes-do-produto":[6478,6476,6468],"linha-do-produto":[7149],"class_list":{"0":"post-10820","1":"product","2":"type-product","3":"status-publish","4":"has-post-thumbnail","6":"product_cat-atmosferas-explosivas-ex","7":"product_tag-zona-21-es","8":"product_tag-zona-22-es","9":"aplicacao-produto-aeropuertos","10":"aplicacao-produto-cobertizos","11":"aplicacao-produto-ferrocarril","12":"aplicacao-produto-industrias-es","13":"aplicacao-produto-laboratorios-es","14":"aplicacao-produto-muelles","15":"aplicacao-produto-peajes","16":"aplicacao-produto-plantas-de-energia","17":"aplicacao-produto-plantas-hidroelectricas","18":"aplicacao-produto-plataformas-es","19":"aplicacao-produto-portos-es","20":"aplicacao-produto-refinerias","21":"aplicacoes-do-produto-areas-clasificadas-6","22":"aplicacoes-do-produto-cobertizos","23":"aplicacoes-do-produto-puertos","24":"linha-do-produto-itarare-es","26":"first","27":"instock","28":"shipping-taxable","29":"purchasable","30":"product-type-variable"},"_links":{"self":[{"href":"https:\/\/dev.conexled.com\/es\/wp-json\/wp\/v2\/product\/10820","targetHints":{"allow":["GET"]}}],"collection":[{"href":"https:\/\/dev.conexled.com\/es\/wp-json\/wp\/v2\/product"}],"about":[{"href":"https:\/\/dev.conexled.com\/es\/wp-json\/wp\/v2\/types\/product"}],"replies":[{"embeddable":true,"href":"https:\/\/dev.conexled.com\/es\/wp-json\/wp\/v2\/comments?post=10820"}],"wp:featuredmedia":[{"embeddable":true,"href":"https:\/\/dev.conexled.com\/es\/wp-json\/wp\/v2\/media\/9296"}],"wp:attachment":[{"href":"https:\/\/dev.conexled.com\/es\/wp-json\/wp\/v2\/media?parent=10820"}],"wp:term":[{"taxonomy":"product_brand","embeddable":true,"href":"https:\/\/dev.conexled.com\/es\/wp-json\/wp\/v2\/product_brand?post=10820"},{"taxonomy":"product_cat","embeddable":true,"href":"https:\/\/dev.conexled.com\/es\/wp-json\/wp\/v2\/product_cat?post=10820"},{"taxonomy":"product_tag","embeddable":true,"href":"https:\/\/dev.conexled.com\/es\/wp-json\/wp\/v2\/product_tag?post=10820"},{"taxonomy":"aplicacao-produto","embeddable":true,"href":"https:\/\/dev.conexled.com\/es\/wp-json\/wp\/v2\/aplicacao-produto?post=10820"},{"taxonomy":"aplicacoes-do-produto","embeddable":true,"href":"https:\/\/dev.conexled.com\/es\/wp-json\/wp\/v2\/aplicacoes-do-produto?post=10820"},{"taxonomy":"linha-do-produto","embeddable":true,"href":"https:\/\/dev.conexled.com\/es\/wp-json\/wp\/v2\/linha-do-produto?post=10820"}],"curies":[{"name":"wp","href":"https:\/\/api.w.org\/{rel}","templated":true}]}}