{"id":10793,"date":"2023-04-19T11:33:23","date_gmt":"2023-04-19T14:33:23","guid":{"rendered":"https:\/\/dev.conexled.com\/product\/clg-ht\/"},"modified":"2025-04-30T15:23:59","modified_gmt":"2025-04-30T18:23:59","slug":"clg-ht","status":"publish","type":"product","link":"https:\/\/dev.conexled.com\/es\/product\/guaeca-es\/clg-ht\/","title":{"rendered":"CLG-HT"},"content":{"rendered":"<p>El Reflector LED para Altas Temperaturas de la L\u00ednea Guaec\u00e1, modelo CLG-HT, ha sido meticulosamente dise\u00f1ado para ofrecer un rendimiento superior en ambientes que experimentan temperaturas extremas. Ideal para aplicaciones que requieren robustez y resistencia, este reflector puede operar en condiciones de temperatura ambiente que var\u00edan de -40\u00baC a +100\u00b0C para los m\u00f3dulos LED y hasta +60\u00b0C para el alojamiento del controlador, lo que lo hace perfecto para uso en \u00e1reas industriales, almacenes, plantas de energ\u00eda y otros ambientes internos y externos.<\/p>\n<p>Equipado con opciones de potencia de 50W, 100W, 150W y 200W, el Reflector LED para Altas Temperaturas garantiza una iluminaci\u00f3n efectiva y eficiente, alcanzando una eficiencia lum\u00ednica de hasta 150 lm\/w. Cada unidad viene con un protector de sobretensiones de 10kA, proporcionando protecci\u00f3n esencial contra las fluctuaciones de voltaje, aumentando la seguridad y prolongando la vida \u00fatil del equipo.<\/p>\n<p>La robustez se refuerza con el dise\u00f1o del cuerpo de aluminio fundido y el visor de vidrio templado de 4mm, que juntos proporcionan una clasificaci\u00f3n de impacto IK08 y una clasificaci\u00f3n de protecci\u00f3n IP67, asegurando alta resistencia a los impactos y protecci\u00f3n completa contra la entrada de agua y polvo. El reflector ofrece flexibilidad con varios \u00e1ngulos de apertura de haz, como 90\u00b0 y 60\u00b0, adecuados para diferentes necesidades de iluminaci\u00f3n.<\/p>\n<p>Este Reflector LED para Altas Temperaturas es la elecci\u00f3n ideal para proyectos que requieren iluminaci\u00f3n confiable y duradera en condiciones desafiantes, asegurando que la calidad y la eficiencia de la luz no se vean comprometidas.<\/p>\n","protected":false},"excerpt":{"rendered":"<p>La l\u00ednea CLG-HT fue dise\u00f1ada con un cuerpo disipador de calor especial de gran tama\u00f1o para mantener los LED a la temperatura de funcionamiento correcta.<\/p>\n","protected":false},"featured_media":9335,"comment_status":"open","ping_status":"closed","template":"","meta":[],"product_brand":[],"product_cat":[6141],"product_tag":[8975,8828],"aplicacao-produto":[7005,7006,7024],"aplicacoes-do-produto":[6470,6446,6354,6350,6436,6468,6358],"linha-do-produto":[7109],"class_list":{"0":"post-10793","1":"product","2":"type-product","3":"status-publish","4":"has-post-thumbnail","6":"product_cat-proyectores","7":"product_tag-iluminacao-industrial-es","8":"product_tag-led-blindado-es","9":"aplicacao-produto-cobertizos","10":"aplicacao-produto-industrias-es","11":"aplicacao-produto-plantas-de-energia","12":"aplicacoes-do-produto-ferrocarril","13":"aplicacoes-do-produto-ferrocarril-2","14":"aplicacoes-do-produto-hornos","15":"aplicacoes-do-produto-industria-metalurgica","16":"aplicacoes-do-produto-logistica-es","17":"aplicacoes-do-produto-puertos","18":"aplicacoes-do-produto-zona-con-altas-temperaturas","19":"linha-do-produto-guaeca-es","21":"first","22":"instock","23":"shipping-taxable","24":"purchasable","25":"product-type-variable"},"_links":{"self":[{"href":"https:\/\/dev.conexled.com\/es\/wp-json\/wp\/v2\/product\/10793","targetHints":{"allow":["GET"]}}],"collection":[{"href":"https:\/\/dev.conexled.com\/es\/wp-json\/wp\/v2\/product"}],"about":[{"href":"https:\/\/dev.conexled.com\/es\/wp-json\/wp\/v2\/types\/product"}],"replies":[{"embeddable":true,"href":"https:\/\/dev.conexled.com\/es\/wp-json\/wp\/v2\/comments?post=10793"}],"wp:featuredmedia":[{"embeddable":true,"href":"https:\/\/dev.conexled.com\/es\/wp-json\/wp\/v2\/media\/9335"}],"wp:attachment":[{"href":"https:\/\/dev.conexled.com\/es\/wp-json\/wp\/v2\/media?parent=10793"}],"wp:term":[{"taxonomy":"product_brand","embeddable":true,"href":"https:\/\/dev.conexled.com\/es\/wp-json\/wp\/v2\/product_brand?post=10793"},{"taxonomy":"product_cat","embeddable":true,"href":"https:\/\/dev.conexled.com\/es\/wp-json\/wp\/v2\/product_cat?post=10793"},{"taxonomy":"product_tag","embeddable":true,"href":"https:\/\/dev.conexled.com\/es\/wp-json\/wp\/v2\/product_tag?post=10793"},{"taxonomy":"aplicacao-produto","embeddable":true,"href":"https:\/\/dev.conexled.com\/es\/wp-json\/wp\/v2\/aplicacao-produto?post=10793"},{"taxonomy":"aplicacoes-do-produto","embeddable":true,"href":"https:\/\/dev.conexled.com\/es\/wp-json\/wp\/v2\/aplicacoes-do-produto?post=10793"},{"taxonomy":"linha-do-produto","embeddable":true,"href":"https:\/\/dev.conexled.com\/es\/wp-json\/wp\/v2\/linha-do-produto?post=10793"}],"curies":[{"name":"wp","href":"https:\/\/api.w.org\/{rel}","templated":true}]}}