{"id":10777,"date":"2023-04-19T10:33:25","date_gmt":"2023-04-19T13:33:25","guid":{"rendered":"https:\/\/dev.conexled.com\/product\/clh\/"},"modified":"2025-04-30T12:11:58","modified_gmt":"2025-04-30T15:11:58","slug":"clh","status":"publish","type":"product","link":"https:\/\/dev.conexled.com\/es\/product\/guarau-es\/clh\/","title":{"rendered":"CLH-LF(D)"},"content":{"rendered":"<p>El Reflector Slim LED de la L\u00ednea Guara\u00fa, modelo CLH-LF(D), combina un dise\u00f1o compacto y versatilidad, siendo perfecto para su uso tanto en ambientes internos como externos. Esta soluci\u00f3n de iluminaci\u00f3n es ideal para aquellos que buscan ahorrar energ\u00eda con una baja inversi\u00f3n inicial, ofreciendo resultados sorprendentes en t\u00e9rminos de eficiencia luminosa.<\/p>\n<p>Disponible en potencias de 30W, 50W, 100W, 150W y 200W, el CLH-LF(D) proporciona una iluminaci\u00f3n de alta calidad con una eficiencia de hasta 110 lm\/W, asegurando un significativo ahorro de energ\u00eda. El producto tiene una vida \u00fatil estimada de 35,000 horas, lo que lo convierte en una elecci\u00f3n duradera y fiable para la iluminaci\u00f3n de condominios, fachadas, pistas y estadios, estacionamientos y entornos comerciales\/industriales.<\/p>\n<p>Construido con un cuerpo de aleaci\u00f3n de aluminio y equipado con un difusor anti-deslumbrante, este reflector ofrece un alto \u00edndice de reproducci\u00f3n de colores (&gt;75) y est\u00e1 disponible con una temperatura de color est\u00e1ndar de 5000K (\u00b1275K). El \u00e1ngulo del haz est\u00e1ndar es de 90\u00b0, ideal para una amplia distribuci\u00f3n de luz.<\/p>\n<p>El modelo est\u00e1 equipado con protecci\u00f3n integral IP66, asegurando resistencia contra el ingreso de polvo y agua, haci\u00e9ndolo adecuado para una variedad de condiciones clim\u00e1ticas sin comprometer su rendimiento.<\/p>\n<p>&nbsp;<\/p>\n","protected":false},"excerpt":{"rendered":"<p>Explora el Reflector Slim LED de la L\u00ednea Guara\u00fa CLH-LF(D), la opci\u00f3n perfecta para ahorrar energ\u00eda en ambientes internos y externos con un dise\u00f1o compacto y eficiencia sorprendente.<\/p>\n","protected":false},"featured_media":9359,"comment_status":"open","ping_status":"closed","template":"","meta":[],"product_brand":[],"product_cat":[6141],"product_tag":[8869],"aplicacao-produto":[7064,7060,7061,7062],"aplicacoes-do-produto":[6288,6294,6286,6316,6322],"linha-do-produto":[7122],"class_list":{"0":"post-10777","1":"product","2":"type-product","3":"status-publish","4":"has-post-thumbnail","6":"product_cat-proyectores","7":"product_tag-eficiencia-luminosa-es","8":"aplicacao-produto-canchas-y-estadios","9":"aplicacao-produto-condominios-es-2","10":"aplicacao-produto-estacionamientos","11":"aplicacao-produto-fachadas-es-2","12":"aplicacoes-do-produto-campos-y-corte","13":"aplicacoes-do-produto-fachadas-es","14":"aplicacoes-do-produto-iluminacion-comercial","15":"aplicacoes-do-produto-industria-manufacturera-es","16":"aplicacoes-do-produto-patios-es","17":"linha-do-produto-guarau-es","19":"first","20":"instock","21":"shipping-taxable","22":"purchasable","23":"product-type-variable"},"_links":{"self":[{"href":"https:\/\/dev.conexled.com\/es\/wp-json\/wp\/v2\/product\/10777","targetHints":{"allow":["GET"]}}],"collection":[{"href":"https:\/\/dev.conexled.com\/es\/wp-json\/wp\/v2\/product"}],"about":[{"href":"https:\/\/dev.conexled.com\/es\/wp-json\/wp\/v2\/types\/product"}],"replies":[{"embeddable":true,"href":"https:\/\/dev.conexled.com\/es\/wp-json\/wp\/v2\/comments?post=10777"}],"wp:featuredmedia":[{"embeddable":true,"href":"https:\/\/dev.conexled.com\/es\/wp-json\/wp\/v2\/media\/9359"}],"wp:attachment":[{"href":"https:\/\/dev.conexled.com\/es\/wp-json\/wp\/v2\/media?parent=10777"}],"wp:term":[{"taxonomy":"product_brand","embeddable":true,"href":"https:\/\/dev.conexled.com\/es\/wp-json\/wp\/v2\/product_brand?post=10777"},{"taxonomy":"product_cat","embeddable":true,"href":"https:\/\/dev.conexled.com\/es\/wp-json\/wp\/v2\/product_cat?post=10777"},{"taxonomy":"product_tag","embeddable":true,"href":"https:\/\/dev.conexled.com\/es\/wp-json\/wp\/v2\/product_tag?post=10777"},{"taxonomy":"aplicacao-produto","embeddable":true,"href":"https:\/\/dev.conexled.com\/es\/wp-json\/wp\/v2\/aplicacao-produto?post=10777"},{"taxonomy":"aplicacoes-do-produto","embeddable":true,"href":"https:\/\/dev.conexled.com\/es\/wp-json\/wp\/v2\/aplicacoes-do-produto?post=10777"},{"taxonomy":"linha-do-produto","embeddable":true,"href":"https:\/\/dev.conexled.com\/es\/wp-json\/wp\/v2\/linha-do-produto?post=10777"}],"curies":[{"name":"wp","href":"https:\/\/api.w.org\/{rel}","templated":true}]}}