{"id":10763,"date":"2023-04-19T13:55:35","date_gmt":"2023-04-19T16:55:35","guid":{"rendered":"https:\/\/dev.conexled.com\/product\/clb-ex1h\/"},"modified":"2025-04-30T11:11:35","modified_gmt":"2025-04-30T14:11:35","slug":"clb-ex1h","status":"publish","type":"product","link":"https:\/\/dev.conexled.com\/es\/product\/pacuiba-es\/clb-ex1h\/","title":{"rendered":"CLB-EX1(H)"},"content":{"rendered":"<p><span style=\"font-weight: 400;\">La Luminaria LED Linear Ex de la l\u00ednea Pacu\u00edba Conexled reemplaza las luminarias tradicionales por l\u00e1mparas fluorescentes, proporcionando ahorro de energ\u00eda y una vida \u00fatil m\u00e1s larga. Fabricaci\u00f3n de cuerpo de aluminio y difusor de policarbonato resistente a impactos y rayos ultravioleta, soportes de fijaci\u00f3n en acero inoxidable, el producto es apto para uso en \u00e1reas peligrosas con atm\u00f3sferas explosivas zona 1 y 2 o 21 y 22, en plataformas offshore, onshore, refiner\u00edas, industrias petroqu\u00edmica, qu\u00edmica, alimentaria, farmac\u00e9utica, m\u00f3dulos de alimentaci\u00f3n, acetileno, hidr\u00f3geno, pinturas, barnices, dep\u00f3sitos inflamables, etc.<\/span><\/p>\n","protected":false},"excerpt":{"rendered":"<p>La Luminaria Linear Ex LED de la l\u00ednea Pacu\u00edba Conexled reemplaza las l\u00e1mparas fluorescentes tradicionales, proporcionando ahorro de energ\u00eda y mayor vida \u00fatil.<\/p>\n","protected":false},"featured_media":21450,"comment_status":"open","ping_status":"closed","template":"","meta":[],"product_brand":[],"product_cat":[6125],"product_tag":[],"aplicacao-produto":[7006,7024,7021,7022,7023],"aplicacoes-do-produto":[6530,6482,6524,6478,6474,7090,6476,7174,7175,6472,6480,6514,6468,7028,6488,6522,6498],"linha-do-produto":[7120],"class_list":{"0":"post-10763","1":"product","2":"type-product","3":"status-publish","4":"has-post-thumbnail","6":"product_cat-atmosferas-explosivas-ex","7":"aplicacao-produto-industrias-es","8":"aplicacao-produto-plantas-de-energia","9":"aplicacao-produto-plantas-hidroelectricas","10":"aplicacao-produto-plataformas-es","11":"aplicacao-produto-refinerias","12":"aplicacoes-do-produto-agroindustria-es","13":"aplicacoes-do-produto-area-con-muy-alta-tasa-de-corrosion","14":"aplicacoes-do-produto-areas-clasificadas-4","15":"aplicacoes-do-produto-areas-clasificadas-6","16":"aplicacoes-do-produto-areas-clasificadas-8","17":"aplicacoes-do-produto-areas-classificadas-3-es","18":"aplicacoes-do-produto-cobertizos","19":"aplicacoes-do-produto-despacho-y-embolsado-de-salvado","20":"aplicacoes-do-produto-fabrica-de-salvado","21":"aplicacoes-do-produto-galerias-es","22":"aplicacoes-do-produto-patios-es-4","23":"aplicacoes-do-produto-usinas-es","24":"aplicacoes-do-produto-puertos","25":"aplicacoes-do-produto-recepcion-y-almacenamiento-de-granos-es","26":"aplicacoes-do-produto-refinerias","27":"aplicacoes-do-produto-silos-es","28":"aplicacoes-do-produto-ure-unidad-de-recuperacion-de-azufre","29":"linha-do-produto-pacuiba-es","31":"first","32":"instock","33":"shipping-taxable","34":"purchasable","35":"product-type-variable"},"_links":{"self":[{"href":"https:\/\/dev.conexled.com\/es\/wp-json\/wp\/v2\/product\/10763","targetHints":{"allow":["GET"]}}],"collection":[{"href":"https:\/\/dev.conexled.com\/es\/wp-json\/wp\/v2\/product"}],"about":[{"href":"https:\/\/dev.conexled.com\/es\/wp-json\/wp\/v2\/types\/product"}],"replies":[{"embeddable":true,"href":"https:\/\/dev.conexled.com\/es\/wp-json\/wp\/v2\/comments?post=10763"}],"wp:featuredmedia":[{"embeddable":true,"href":"https:\/\/dev.conexled.com\/es\/wp-json\/wp\/v2\/media\/21450"}],"wp:attachment":[{"href":"https:\/\/dev.conexled.com\/es\/wp-json\/wp\/v2\/media?parent=10763"}],"wp:term":[{"taxonomy":"product_brand","embeddable":true,"href":"https:\/\/dev.conexled.com\/es\/wp-json\/wp\/v2\/product_brand?post=10763"},{"taxonomy":"product_cat","embeddable":true,"href":"https:\/\/dev.conexled.com\/es\/wp-json\/wp\/v2\/product_cat?post=10763"},{"taxonomy":"product_tag","embeddable":true,"href":"https:\/\/dev.conexled.com\/es\/wp-json\/wp\/v2\/product_tag?post=10763"},{"taxonomy":"aplicacao-produto","embeddable":true,"href":"https:\/\/dev.conexled.com\/es\/wp-json\/wp\/v2\/aplicacao-produto?post=10763"},{"taxonomy":"aplicacoes-do-produto","embeddable":true,"href":"https:\/\/dev.conexled.com\/es\/wp-json\/wp\/v2\/aplicacoes-do-produto?post=10763"},{"taxonomy":"linha-do-produto","embeddable":true,"href":"https:\/\/dev.conexled.com\/es\/wp-json\/wp\/v2\/linha-do-produto?post=10763"}],"curies":[{"name":"wp","href":"https:\/\/api.w.org\/{rel}","templated":true}]}}