{"id":10759,"date":"2023-04-19T10:30:24","date_gmt":"2023-04-19T13:30:24","guid":{"rendered":"https:\/\/dev.conexled.com\/product\/clg-hg\/"},"modified":"2025-04-30T13:38:45","modified_gmt":"2025-04-30T16:38:45","slug":"clg-hg","status":"publish","type":"product","link":"https:\/\/dev.conexled.com\/es\/product\/guaiuba-es\/clg-hg\/","title":{"rendered":"CLG-HG"},"content":{"rendered":"<p>El Reflector LED Blindado de la L\u00ednea Guai\u00faba CLG-HG(D) se destaca por su robustez y eficiencia luminosa, siendo ideal para su uso en \u00e1reas expuestas a condiciones clim\u00e1ticas adversas, gases, vapores y polvo. Dise\u00f1ado para resistir entornos agresivos e industriales, este reflector es perfecto para patios, ferrocarriles, plantas industriales, peajes, plataformas, puertos, centrales hidroel\u00e9ctricas y aeropuertos.<\/p>\n<p>Disponible en potencias de 980W a 1470W, el CLG-HG(D) asegura una iluminaci\u00f3n potente y eficaz, adecuada para una amplia gama de aplicaciones industriales. Cada unidad est\u00e1 construida con un cuerpo de aluminio inyectado y un visor de vidrio templado de 4mm, ofreciendo una alta resistencia a impactos (clasificaci\u00f3n IK08) y protecci\u00f3n total contra la entrada de agua y polvo (clasificaci\u00f3n IP67). Este dise\u00f1o se complementa con un terminal de ojal de anclaje\/seguridad que garantiza una instalaci\u00f3n f\u00e1cil y segura.<\/p>\n<p>Adem\u00e1s, el CLG-HG(D) incluye un protector de sobretensi\u00f3n de 20kA, proporcionando protecci\u00f3n adicional contra picos de voltaje, y ofrece la opci\u00f3n de regulaci\u00f3n de intensidad lum\u00ednica, permitiendo ajustar la luminosidad seg\u00fan sea necesario para optimizar el consumo de energ\u00eda y adaptarse a diferentes requisitos de iluminaci\u00f3n. Con un \u00edndice de reproducci\u00f3n crom\u00e1tica superior a 70 y temperaturas de color de 5000K o 3000K, este reflector LED proporciona una luz clara y confortable, mejorando la visibilidad y el ambiente de trabajo.<\/p>\n<p>Este reflector es vers\u00e1til con \u00e1ngulos de apertura de haz de 10\u00b0, 30\u00b0 y 60\u00b0, lo que permite una distribuci\u00f3n de luz dirigida y efectiva, ideal para maximizar la cobertura mientras se minimiza el desperdicio de luz. Con una eficiencia luminosa que puede alcanzar hasta 134lm\/w, el Reflector LED Blindado para Torres de Iluminaci\u00f3n de la L\u00ednea Guai\u00faba se destaca como una de las soluciones m\u00e1s eficientes en el mercado para proyectos que exigen alto rendimiento en condiciones desafiantes.<\/p>\n","protected":false},"excerpt":{"rendered":"<p>La l\u00ednea Guai\u00faba se destaca por su robustez e iluminaci\u00f3n eficiente. Ideal para uso en \u00e1reas expuestas a la intemperie, gases, vapores y polvo.<\/p>\n","protected":false},"featured_media":9571,"comment_status":"open","ping_status":"closed","template":"","meta":[],"product_brand":[],"product_cat":[6141],"product_tag":[8975],"aplicacao-produto":[7059,7088,7006,7116,7063,7024,7021,7022,7051],"aplicacoes-do-produto":[6530,6434,7177,6362,6408,6300,6350,6412,6394,6360,6432,7076,6406,6312],"linha-do-produto":[7118],"class_list":{"0":"post-10759","1":"product","2":"type-product","3":"status-publish","4":"has-post-thumbnail","6":"product_cat-proyectores","7":"product_tag-iluminacao-industrial-es","8":"aplicacao-produto-aeropuertos","9":"aplicacao-produto-ferrocarril","10":"aplicacao-produto-industrias-es","11":"aplicacao-produto-patios-es","12":"aplicacao-produto-peajes","13":"aplicacao-produto-plantas-de-energia","14":"aplicacao-produto-plantas-hidroelectricas","15":"aplicacao-produto-plataformas-es","16":"aplicacao-produto-portos-es","17":"aplicacoes-do-produto-agroindustria-es","18":"aplicacoes-do-produto-altura-muy-alta-es","19":"aplicacoes-do-produto-altura-muy-alta-es-2","20":"aplicacoes-do-produto-altura-muy-alta-3","21":"aplicacoes-do-produto-altura-muy-alta","22":"aplicacoes-do-produto-iluminacion-publica","23":"aplicacoes-do-produto-industria-metalurgica","24":"aplicacoes-do-produto-industrias-de-pulpa-y-papel","25":"aplicacoes-do-produto-industrias-mineras","26":"aplicacoes-do-produto-patio-es-3","27":"aplicacoes-do-produto-patio-es","28":"aplicacoes-do-produto-patio-agroindustria-2-es","29":"aplicacoes-do-produto-torres-de-iluminacion","30":"aplicacoes-do-produto-tuneles-es","31":"linha-do-produto-guaiuba-es","33":"first","34":"instock","35":"shipping-taxable","36":"purchasable","37":"product-type-variable"},"_links":{"self":[{"href":"https:\/\/dev.conexled.com\/es\/wp-json\/wp\/v2\/product\/10759","targetHints":{"allow":["GET"]}}],"collection":[{"href":"https:\/\/dev.conexled.com\/es\/wp-json\/wp\/v2\/product"}],"about":[{"href":"https:\/\/dev.conexled.com\/es\/wp-json\/wp\/v2\/types\/product"}],"replies":[{"embeddable":true,"href":"https:\/\/dev.conexled.com\/es\/wp-json\/wp\/v2\/comments?post=10759"}],"wp:featuredmedia":[{"embeddable":true,"href":"https:\/\/dev.conexled.com\/es\/wp-json\/wp\/v2\/media\/9571"}],"wp:attachment":[{"href":"https:\/\/dev.conexled.com\/es\/wp-json\/wp\/v2\/media?parent=10759"}],"wp:term":[{"taxonomy":"product_brand","embeddable":true,"href":"https:\/\/dev.conexled.com\/es\/wp-json\/wp\/v2\/product_brand?post=10759"},{"taxonomy":"product_cat","embeddable":true,"href":"https:\/\/dev.conexled.com\/es\/wp-json\/wp\/v2\/product_cat?post=10759"},{"taxonomy":"product_tag","embeddable":true,"href":"https:\/\/dev.conexled.com\/es\/wp-json\/wp\/v2\/product_tag?post=10759"},{"taxonomy":"aplicacao-produto","embeddable":true,"href":"https:\/\/dev.conexled.com\/es\/wp-json\/wp\/v2\/aplicacao-produto?post=10759"},{"taxonomy":"aplicacoes-do-produto","embeddable":true,"href":"https:\/\/dev.conexled.com\/es\/wp-json\/wp\/v2\/aplicacoes-do-produto?post=10759"},{"taxonomy":"linha-do-produto","embeddable":true,"href":"https:\/\/dev.conexled.com\/es\/wp-json\/wp\/v2\/linha-do-produto?post=10759"}],"curies":[{"name":"wp","href":"https:\/\/api.w.org\/{rel}","templated":true}]}}