{"id":10711,"date":"2023-04-19T13:30:20","date_gmt":"2023-04-19T16:30:20","guid":{"rendered":"https:\/\/dev.conexled.com\/product\/clx\/"},"modified":"2025-04-30T11:28:24","modified_gmt":"2025-04-30T14:28:24","slug":"clx","status":"publish","type":"product","link":"https:\/\/dev.conexled.com\/es\/product\/itacuruca-es\/clx\/","title":{"rendered":"CLX"},"content":{"rendered":"<p><span style=\"font-weight: 400;\">La Luminaria LED Industrial Port\u00e1til para Atm\u00f3sferas Explosivas de la l\u00ednea Itacuru\u00e7\u00e1 Conexled sustituye a las tradicionales luminarias port\u00e1tiles por l\u00e1mparas fluorescentes, proporcionando ahorro energ\u00e9tico y una mayor vida \u00fatil, seg\u00fan L70, 30.000 horas. De construcci\u00f3n robusta, agarre y gancho de goma especial, el producto es adecuado para su uso en lugares sujetos a gases, polvo, vapores, polvos y \u00e1reas peligrosas que contienen productos inflamables. Utiliza tecnolog\u00eda LED ideal para inspecci\u00f3n y mantenimiento en \u00e1reas peligrosas. Se puede suministrar con alimentaci\u00f3n bivolt, 12 y 24VCC.<\/span><\/p>\n","protected":false},"excerpt":{"rendered":"<p><span style=\"font-weight: 400;\">La Luminaria LED Industrial Port\u00e1til para Atm\u00f3sferas Explosivas de la l\u00ednea Itacuru\u00e7\u00e1 Conexled sustituye a las tradicionales luminarias port\u00e1tiles por l\u00e1mparas fluorescentes<\/span><\/p>\n","protected":false},"featured_media":21504,"comment_status":"open","ping_status":"closed","template":"","meta":[],"product_brand":[],"product_cat":[6125],"product_tag":[],"aplicacao-produto":[7006,7024,7021,7022,7023],"aplicacoes-do-produto":[6530,6524,7090,6514,7028,6522],"linha-do-produto":[7091],"class_list":{"0":"post-10711","1":"product","2":"type-product","3":"status-publish","4":"has-post-thumbnail","6":"product_cat-atmosferas-explosivas-ex","7":"aplicacao-produto-industrias-es","8":"aplicacao-produto-plantas-de-energia","9":"aplicacao-produto-plantas-hidroelectricas","10":"aplicacao-produto-plataformas-es","11":"aplicacao-produto-refinerias","12":"aplicacoes-do-produto-agroindustria-es","13":"aplicacoes-do-produto-areas-clasificadas-4","14":"aplicacoes-do-produto-areas-classificadas-3-es","15":"aplicacoes-do-produto-usinas-es","16":"aplicacoes-do-produto-recepcion-y-almacenamiento-de-granos-es","17":"aplicacoes-do-produto-silos-es","18":"linha-do-produto-itacuruca-es","20":"first","21":"instock","22":"shipping-taxable","23":"purchasable","24":"product-type-variable"},"_links":{"self":[{"href":"https:\/\/dev.conexled.com\/es\/wp-json\/wp\/v2\/product\/10711","targetHints":{"allow":["GET"]}}],"collection":[{"href":"https:\/\/dev.conexled.com\/es\/wp-json\/wp\/v2\/product"}],"about":[{"href":"https:\/\/dev.conexled.com\/es\/wp-json\/wp\/v2\/types\/product"}],"replies":[{"embeddable":true,"href":"https:\/\/dev.conexled.com\/es\/wp-json\/wp\/v2\/comments?post=10711"}],"wp:featuredmedia":[{"embeddable":true,"href":"https:\/\/dev.conexled.com\/es\/wp-json\/wp\/v2\/media\/21504"}],"wp:attachment":[{"href":"https:\/\/dev.conexled.com\/es\/wp-json\/wp\/v2\/media?parent=10711"}],"wp:term":[{"taxonomy":"product_brand","embeddable":true,"href":"https:\/\/dev.conexled.com\/es\/wp-json\/wp\/v2\/product_brand?post=10711"},{"taxonomy":"product_cat","embeddable":true,"href":"https:\/\/dev.conexled.com\/es\/wp-json\/wp\/v2\/product_cat?post=10711"},{"taxonomy":"product_tag","embeddable":true,"href":"https:\/\/dev.conexled.com\/es\/wp-json\/wp\/v2\/product_tag?post=10711"},{"taxonomy":"aplicacao-produto","embeddable":true,"href":"https:\/\/dev.conexled.com\/es\/wp-json\/wp\/v2\/aplicacao-produto?post=10711"},{"taxonomy":"aplicacoes-do-produto","embeddable":true,"href":"https:\/\/dev.conexled.com\/es\/wp-json\/wp\/v2\/aplicacoes-do-produto?post=10711"},{"taxonomy":"linha-do-produto","embeddable":true,"href":"https:\/\/dev.conexled.com\/es\/wp-json\/wp\/v2\/linha-do-produto?post=10711"}],"curies":[{"name":"wp","href":"https:\/\/api.w.org\/{rel}","templated":true}]}}