{"id":10669,"date":"2023-04-19T06:04:49","date_gmt":"2023-04-19T09:04:49","guid":{"rendered":"https:\/\/dev.conexled.com\/product\/clf-hbp\/"},"modified":"2025-04-30T13:53:30","modified_gmt":"2025-04-30T16:53:30","slug":"clf-hbp","status":"publish","type":"product","link":"https:\/\/dev.conexled.com\/es\/product\/indaia-es\/clf-hbf\/","title":{"rendered":"CLF-HB(F)"},"content":{"rendered":"<p>La Luminaria High Bay Modular de la L\u00ednea Indai\u00e1 CLF-HB(F) est\u00e1 dise\u00f1ada para ofrecer soluciones de iluminaci\u00f3n altamente eficientes y duraderas para entornos industriales, incluidos almacenes, f\u00e1bricas y grandes \u00e1reas cubiertas. Este producto se destaca por su modularidad, que facilita el mantenimiento y permite adaptaciones seg\u00fan la necesidad del espacio.<\/p>\n<p>Esta luminaria incorpora un conjunto de LEDs y lentes que proporcionan alta uniformidad luminosa y una excelente distribuci\u00f3n de luz, asegurando una cobertura amplia y eficiente. La eficiencia luminosa alcanza hasta 170 lm\/w, convirti\u00e9ndola en una de las opciones m\u00e1s eficaces del mercado.<\/p>\n<p>Con una garant\u00eda de 5 a\u00f1os, la Luminaria High Bay Modular est\u00e1 disponible en potencias que van desde 50W hasta 300W, permitiendo una personalizaci\u00f3n seg\u00fan la intensidad de luz necesaria para cada proyecto. Cada m\u00f3dulo a\u00f1adido incrementa la potencia y el \u00e1rea de cobertura, ofreciendo flexibilidad total en la configuraci\u00f3n de la iluminaci\u00f3n.<\/p>\n<p>La protecci\u00f3n contra sobretensiones de hasta 10kA y el grado de protecci\u00f3n IP67 aseguran que la luminaria resista condiciones adversas, incluidas \u00e1reas sujetas a humedad y polvo, mientras que el factor de depreciaci\u00f3n luminosa mantiene el 90% de la eficacia luminosa despu\u00e9s de 60,000 horas de uso en condiciones normales.<\/p>\n<p>Adem\u00e1s, la luminaria es adecuada tanto para entornos internos como externos, destacando su versatilidad y capacidad de adaptaci\u00f3n en diversas aplicaciones industriales y comerciales. El dise\u00f1o moderno y la construcci\u00f3n robusta complementan la funcionalidad avanzada, convirti\u00e9ndola en una elecci\u00f3n superior para proyectos que requieren iluminaci\u00f3n de alta calidad y larga duraci\u00f3n.<\/p>\n","protected":false},"excerpt":{"rendered":"<p>Descubre la Luminaria High Bay Modular de la L\u00ednea Indai\u00e1 CLF-HB(F), ideal para iluminaci\u00f3n de grandes espacios industriales, con modularidad que garantiza f\u00e1cil mantenimiento y eficiencia energ\u00e9tica superior.<\/p>\n","protected":false},"featured_media":9236,"comment_status":"open","ping_status":"closed","template":"","meta":[],"product_brand":[],"product_cat":[6129],"product_tag":[8846,9115,8975,9117,9114,9116],"aplicacao-produto":[7059,7064,7060,7061,7062,7006,7063],"aplicacoes-do-produto":[6530,6326,6320,6384,6442,6476,6352,6316,6356,6436,6392,6468,7176],"linha-do-produto":[7067],"class_list":{"0":"post-10669","1":"product","2":"type-product","3":"status-publish","4":"has-post-thumbnail","6":"product_cat-galpon-o-high-bay","7":"product_tag-alta-eficiencia-es","8":"product_tag-clf-hbf-es","9":"product_tag-iluminacao-industrial-es","10":"product_tag-ip67-es","11":"product_tag-luminaria-high-bay-es","12":"product_tag-modular-es","13":"aplicacao-produto-aeropuertos","14":"aplicacao-produto-canchas-y-estadios","15":"aplicacao-produto-condominios-es-2","16":"aplicacao-produto-estacionamientos","17":"aplicacao-produto-fachadas-es-2","18":"aplicacao-produto-industrias-es","19":"aplicacao-produto-peajes","20":"aplicacoes-do-produto-agroindustria-es","21":"aplicacoes-do-produto-almacenes","22":"aplicacoes-do-produto-asamblea","23":"aplicacoes-do-produto-auto-industria","24":"aplicacoes-do-produto-centros-de-distribucion","25":"aplicacoes-do-produto-cobertizos","26":"aplicacoes-do-produto-expedicion-3","27":"aplicacoes-do-produto-industria-manufacturera-es","28":"aplicacoes-do-produto-laminacion","29":"aplicacoes-do-produto-logistica-es","30":"aplicacoes-do-produto-procesando-5","31":"aplicacoes-do-produto-puertos","32":"aplicacoes-do-produto-talleres-de-mantenimiento","33":"linha-do-produto-indaia-2-es","35":"first","36":"instock","37":"shipping-taxable","38":"purchasable","39":"product-type-variable"},"_links":{"self":[{"href":"https:\/\/dev.conexled.com\/es\/wp-json\/wp\/v2\/product\/10669","targetHints":{"allow":["GET"]}}],"collection":[{"href":"https:\/\/dev.conexled.com\/es\/wp-json\/wp\/v2\/product"}],"about":[{"href":"https:\/\/dev.conexled.com\/es\/wp-json\/wp\/v2\/types\/product"}],"replies":[{"embeddable":true,"href":"https:\/\/dev.conexled.com\/es\/wp-json\/wp\/v2\/comments?post=10669"}],"wp:featuredmedia":[{"embeddable":true,"href":"https:\/\/dev.conexled.com\/es\/wp-json\/wp\/v2\/media\/9236"}],"wp:attachment":[{"href":"https:\/\/dev.conexled.com\/es\/wp-json\/wp\/v2\/media?parent=10669"}],"wp:term":[{"taxonomy":"product_brand","embeddable":true,"href":"https:\/\/dev.conexled.com\/es\/wp-json\/wp\/v2\/product_brand?post=10669"},{"taxonomy":"product_cat","embeddable":true,"href":"https:\/\/dev.conexled.com\/es\/wp-json\/wp\/v2\/product_cat?post=10669"},{"taxonomy":"product_tag","embeddable":true,"href":"https:\/\/dev.conexled.com\/es\/wp-json\/wp\/v2\/product_tag?post=10669"},{"taxonomy":"aplicacao-produto","embeddable":true,"href":"https:\/\/dev.conexled.com\/es\/wp-json\/wp\/v2\/aplicacao-produto?post=10669"},{"taxonomy":"aplicacoes-do-produto","embeddable":true,"href":"https:\/\/dev.conexled.com\/es\/wp-json\/wp\/v2\/aplicacoes-do-produto?post=10669"},{"taxonomy":"linha-do-produto","embeddable":true,"href":"https:\/\/dev.conexled.com\/es\/wp-json\/wp\/v2\/linha-do-produto?post=10669"}],"curies":[{"name":"wp","href":"https:\/\/api.w.org\/{rel}","templated":true}]}}