{"id":10622,"date":"2023-04-19T01:35:59","date_gmt":"2023-04-19T04:35:59","guid":{"rendered":"https:\/\/dev.conexled.com\/product\/clb-hpip69k-2\/"},"modified":"2025-04-30T14:00:49","modified_gmt":"2025-04-30T17:00:49","slug":"clb-hpip69k-2","status":"publish","type":"product","link":"https:\/\/dev.conexled.com\/es\/product\/boraceia-es\/clb-hpip69k\/","title":{"rendered":"CLB-H(P)IP69K"},"content":{"rendered":"<p>La Luminaria LED Industrial Herm\u00e9tica IP69K de la L\u00ednea Borac\u00e9ia CLB-H(P)IP69K est\u00e1 dise\u00f1ada para proporcionar resistencia, versatilidad y un rendimiento excepcional, especialmente en aplicaciones dentro de la industria alimentaria donde la limpieza frecuente es esencial. Con un grado de protecci\u00f3n IP69K, esta luminaria es resistente a los procesos intensivos de limpieza, lo que la hace ideal para entornos que requieren un alto nivel de higiene.<\/p>\n<p>Fabricada con una carcasa de aleaci\u00f3n de aluminio extruido y lentes de policarbonato opalino, garantiza no solo durabilidad sino tambi\u00e9n un mantenimiento sin preocupaciones, siendo completamente herm\u00e9tica. Esto elimina los riesgos de contaminaci\u00f3n interna y acumulaci\u00f3n de residuos, esencial en \u00e1reas cr\u00edticas de la industria alimentaria y de bebidas.<\/p>\n<p>Disponible en diversas potencias \u2014 20W, 40W, 50W, 70W, y 103W \u2014 cada una ofrece un flujo luminoso eficiente y una distribuci\u00f3n de luz optimizada con un \u00e1ngulo de haz de 120\u00b0, asegurando una iluminaci\u00f3n uniforme y adecuada para operaciones precisas y seguras.<\/p>\n<p>Equipada con LEDs de alto rendimiento que proporcionan luz de calidad con un \u00edndice de reproducci\u00f3n crom\u00e1tica superior a 80 y una temperatura de color de 5000K, esta luminaria ofrece una iluminaci\u00f3n que realza la apariencia natural de los objetos, crucial para la inspecci\u00f3n de calidad en ambientes de producci\u00f3n.<\/p>\n<p>Adem\u00e1s, est\u00e1 dise\u00f1ada para soportar condiciones extremas de temperatura, desde -40\u00baC hasta +60\u00baC, y ofrece conectores opcionales para conexi\u00f3n IP68, reforzando su capacidad para resistir condiciones ambientales severas, incluyendo c\u00e1maras fr\u00edas, muelles y \u00e1reas de producci\u00f3n donde la exposici\u00f3n a elementos es constante.<\/p>\n","protected":false},"excerpt":{"rendered":"<p>Descubre la Luminaria LED Industrial Herm\u00e9tica IP69K de la L\u00ednea Borac\u00e9ia, ideal para industrias alimentarias, garantizando iluminaci\u00f3n de alta calidad y resistencia superior en ambientes desafiantes.<\/p>\n","protected":false},"featured_media":9206,"comment_status":"open","ping_status":"closed","template":"","meta":[],"product_brand":[],"product_cat":[6135],"product_tag":[9100,9101],"aplicacao-produto":[7003,7046,7048,7006,7049,7047,7050,7051,7052,7008],"aplicacoes-do-produto":[6530,6326,6384,6318,6386,6298,7027,6516,6476,6328,6330,6444,6446,6470,6286,6370,6344,6316,6324,6412,7043,6424,6336,6338,6436,6426,6514,6520,6346,6334,6376,6468,6450],"linha-do-produto":[6832],"class_list":{"0":"post-10622","1":"product","2":"type-product","3":"status-publish","4":"has-post-thumbnail","6":"product_cat-industrial-hermetica-es","7":"product_tag-clb-hpip69k-es","8":"product_tag-ip69k-es","9":"aplicacao-produto-almacenes","10":"aplicacao-produto-cuartos-frios","11":"aplicacao-produto-hospitais-es","12":"aplicacao-produto-industrias-es","13":"aplicacao-produto-laboratorios-es","14":"aplicacao-produto-muelles","15":"aplicacao-produto-oficinas-es","16":"aplicacao-produto-portos-es","17":"aplicacao-produto-sanitario","18":"aplicacao-produto-supermercados-es-2","19":"aplicacoes-do-produto-agroindustria-es","20":"aplicacoes-do-produto-almacenes","21":"aplicacoes-do-produto-auto-industria","22":"aplicacoes-do-produto-bancos","23":"aplicacoes-do-produto-cabinas-de-pintura","24":"aplicacoes-do-produto-cafeterias-es","25":"aplicacoes-do-produto-caldeira-es","26":"aplicacoes-do-produto-caldera-2","27":"aplicacoes-do-produto-cobertizos","28":"aplicacoes-do-produto-cuarto-frio","29":"aplicacoes-do-produto-embalaje","30":"aplicacoes-do-produto-estaciones-de-tren","31":"aplicacoes-do-produto-ferrocarril-2","32":"aplicacoes-do-produto-ferrocarril","33":"aplicacoes-do-produto-iluminacion-comercial","34":"aplicacoes-do-produto-industria-de-fertilizantes-es","35":"aplicacoes-do-produto-industria-farmaceutica-es","36":"aplicacoes-do-produto-industria-manufacturera-es","37":"aplicacoes-do-produto-industrias-alimentarias","38":"aplicacoes-do-produto-industrias-de-pulpa-y-papel","39":"aplicacoes-do-produto-laboratorios-agroindustria-2-es","40":"aplicacoes-do-produto-laboratorios-es","41":"aplicacoes-do-produto-lavado-constante","42":"aplicacoes-do-produto-lavado-constante-con-chorros-de-alta-presion","43":"aplicacoes-do-produto-logistica-es","44":"aplicacoes-do-produto-maquinaria","45":"aplicacoes-do-produto-usinas-es","46":"aplicacoes-do-produto-procesamiento-4-es","47":"aplicacoes-do-produto-procesando-7","48":"aplicacoes-do-produto-procesando","49":"aplicacoes-do-produto-procesando-6","50":"aplicacoes-do-produto-puertos","51":"aplicacoes-do-produto-trenes","52":"linha-do-produto-boraceia-es","54":"first","55":"instock","56":"shipping-taxable","57":"purchasable","58":"product-type-variable"},"_links":{"self":[{"href":"https:\/\/dev.conexled.com\/es\/wp-json\/wp\/v2\/product\/10622","targetHints":{"allow":["GET"]}}],"collection":[{"href":"https:\/\/dev.conexled.com\/es\/wp-json\/wp\/v2\/product"}],"about":[{"href":"https:\/\/dev.conexled.com\/es\/wp-json\/wp\/v2\/types\/product"}],"replies":[{"embeddable":true,"href":"https:\/\/dev.conexled.com\/es\/wp-json\/wp\/v2\/comments?post=10622"}],"wp:featuredmedia":[{"embeddable":true,"href":"https:\/\/dev.conexled.com\/es\/wp-json\/wp\/v2\/media\/9206"}],"wp:attachment":[{"href":"https:\/\/dev.conexled.com\/es\/wp-json\/wp\/v2\/media?parent=10622"}],"wp:term":[{"taxonomy":"product_brand","embeddable":true,"href":"https:\/\/dev.conexled.com\/es\/wp-json\/wp\/v2\/product_brand?post=10622"},{"taxonomy":"product_cat","embeddable":true,"href":"https:\/\/dev.conexled.com\/es\/wp-json\/wp\/v2\/product_cat?post=10622"},{"taxonomy":"product_tag","embeddable":true,"href":"https:\/\/dev.conexled.com\/es\/wp-json\/wp\/v2\/product_tag?post=10622"},{"taxonomy":"aplicacao-produto","embeddable":true,"href":"https:\/\/dev.conexled.com\/es\/wp-json\/wp\/v2\/aplicacao-produto?post=10622"},{"taxonomy":"aplicacoes-do-produto","embeddable":true,"href":"https:\/\/dev.conexled.com\/es\/wp-json\/wp\/v2\/aplicacoes-do-produto?post=10622"},{"taxonomy":"linha-do-produto","embeddable":true,"href":"https:\/\/dev.conexled.com\/es\/wp-json\/wp\/v2\/linha-do-produto?post=10622"}],"curies":[{"name":"wp","href":"https:\/\/api.w.org\/{rel}","templated":true}]}}