{"id":10562,"date":"2023-04-19T10:32:03","date_gmt":"2023-04-19T13:32:03","guid":{"rendered":"https:\/\/dev.conexled.com\/product\/clt-t\/"},"modified":"2025-04-30T13:33:26","modified_gmt":"2025-04-30T16:33:26","slug":"clt-t","status":"publish","type":"product","link":"https:\/\/dev.conexled.com\/es\/product\/tijucopava-es\/clt-t\/","title":{"rendered":"CLT-T"},"content":{"rendered":"<p><span style=\"font-weight: 400;\">La L\u00ednea Tijucopava Conexled fue dise\u00f1ada para \u00e1reas industriales que requieren protecci\u00f3n de las acciones del tiempo, gases, vapores y polvos (TGVP) en sustituci\u00f3n de las tradicionales Luminarias tipo TARTARUGA. Cuerpo fabricado en fundici\u00f3n de aluminio con alta resistencia mec\u00e1nica y a la corrosi\u00f3n, tiene una eficiente disipaci\u00f3n t\u00e9rmica, garantizando una mayor durabilidad del LED y vida de la fuente de alimentaci\u00f3n (driver). Grado de protecci\u00f3n IP66, fijaci\u00f3n de las tapas mediante rosca y junta de silicona flexible para altas temperaturas. Acabado con pintura electrost\u00e1tica especial en color gris claro, con propiedades t\u00e9cnicas para garantizar una mayor eficiencia en la disipaci\u00f3n y distribuci\u00f3n del calor emitido por los componentes electr\u00f3nicos. Utiliza LED Mid Power LumiLed\u00ae y fuente de alimentaci\u00f3n para uso industrial.<\/span><\/p>\n","protected":false},"excerpt":{"rendered":"<p><span style=\"font-weight: 400;\">La L\u00ednea Tijucopava Conexled fue dise\u00f1ada para \u00e1reas industriales que requieren protecci\u00f3n de las acciones del tiempo, gases, vapores y polvos (TGVP).<\/span><\/p>\n","protected":false},"featured_media":18522,"comment_status":"open","ping_status":"closed","template":"","meta":[],"product_brand":[],"product_cat":[6127],"product_tag":[],"aplicacao-produto":[7006,7024,7021,7022,7023],"aplicacoes-do-produto":[6530,7025,7026,7027,6516,6476,6414,6396,6416,6470,6446,6472,6370,6412,6394,6436,6514,6520,6376,6402,6428,6468,7028,6488,6522,6494,6484,6410],"linha-do-produto":[7045],"class_list":{"0":"post-10562","1":"product","2":"type-product","3":"status-publish","4":"has-post-thumbnail","6":"product_cat-blindada-industrial-es","7":"aplicacao-produto-industrias-es","8":"aplicacao-produto-plantas-de-energia","9":"aplicacao-produto-plantas-hidroelectricas","10":"aplicacao-produto-plataformas-es","11":"aplicacao-produto-refinerias","12":"aplicacoes-do-produto-agroindustria-es","13":"aplicacoes-do-produto-almacenamiento-de-aceite-refinado-melaza-goma-agroindustria-es","14":"aplicacoes-do-produto-biomassa-es","15":"aplicacoes-do-produto-caldeira-es","16":"aplicacoes-do-produto-caldera-2","17":"aplicacoes-do-produto-cobertizos","18":"aplicacoes-do-produto-embalaje-2","19":"aplicacoes-do-produto-escalera-electrica-2","20":"aplicacoes-do-produto-escalera-electrica","21":"aplicacoes-do-produto-ferrocarril","22":"aplicacoes-do-produto-ferrocarril-2","23":"aplicacoes-do-produto-galerias-es","24":"aplicacoes-do-produto-industria-de-fertilizantes-es","25":"aplicacoes-do-produto-industrias-de-pulpa-y-papel","26":"aplicacoes-do-produto-industrias-mineras","27":"aplicacoes-do-produto-logistica-es","28":"aplicacoes-do-produto-usinas-es","29":"aplicacoes-do-produto-procesamiento-4-es","30":"aplicacoes-do-produto-procesando-6","31":"aplicacoes-do-produto-procesando-3","32":"aplicacoes-do-produto-procesando-2","33":"aplicacoes-do-produto-puertos","34":"aplicacoes-do-produto-recepcion-y-almacenamiento-de-granos-es","35":"aplicacoes-do-produto-refinerias","36":"aplicacoes-do-produto-silos-es","37":"aplicacoes-do-produto-tratamientos-de-agua","38":"aplicacoes-do-produto-tuneles-2","39":"aplicacoes-do-produto-volcadores-de-coches","40":"linha-do-produto-tijucopava-es","42":"first","43":"instock","44":"shipping-taxable","45":"purchasable","46":"product-type-variable"},"_links":{"self":[{"href":"https:\/\/dev.conexled.com\/es\/wp-json\/wp\/v2\/product\/10562","targetHints":{"allow":["GET"]}}],"collection":[{"href":"https:\/\/dev.conexled.com\/es\/wp-json\/wp\/v2\/product"}],"about":[{"href":"https:\/\/dev.conexled.com\/es\/wp-json\/wp\/v2\/types\/product"}],"replies":[{"embeddable":true,"href":"https:\/\/dev.conexled.com\/es\/wp-json\/wp\/v2\/comments?post=10562"}],"wp:featuredmedia":[{"embeddable":true,"href":"https:\/\/dev.conexled.com\/es\/wp-json\/wp\/v2\/media\/18522"}],"wp:attachment":[{"href":"https:\/\/dev.conexled.com\/es\/wp-json\/wp\/v2\/media?parent=10562"}],"wp:term":[{"taxonomy":"product_brand","embeddable":true,"href":"https:\/\/dev.conexled.com\/es\/wp-json\/wp\/v2\/product_brand?post=10562"},{"taxonomy":"product_cat","embeddable":true,"href":"https:\/\/dev.conexled.com\/es\/wp-json\/wp\/v2\/product_cat?post=10562"},{"taxonomy":"product_tag","embeddable":true,"href":"https:\/\/dev.conexled.com\/es\/wp-json\/wp\/v2\/product_tag?post=10562"},{"taxonomy":"aplicacao-produto","embeddable":true,"href":"https:\/\/dev.conexled.com\/es\/wp-json\/wp\/v2\/aplicacao-produto?post=10562"},{"taxonomy":"aplicacoes-do-produto","embeddable":true,"href":"https:\/\/dev.conexled.com\/es\/wp-json\/wp\/v2\/aplicacoes-do-produto?post=10562"},{"taxonomy":"linha-do-produto","embeddable":true,"href":"https:\/\/dev.conexled.com\/es\/wp-json\/wp\/v2\/linha-do-produto?post=10562"}],"curies":[{"name":"wp","href":"https:\/\/api.w.org\/{rel}","templated":true}]}}